{"id":25036,"date":"2026-01-06T16:37:32","date_gmt":"2026-01-06T15:37:32","guid":{"rendered":"https:\/\/nelluxbeauty.com\/shop\/non%20class\u00e9\/guide-en-ligne-de-la-technique-de-la-poudre-lift-lash\/"},"modified":"2026-01-06T16:38:08","modified_gmt":"2026-01-06T15:38:08","slug":"guide-en-ligne-de-la-technique-de-la-poudre-lift-lash","status":"publish","type":"product","link":"https:\/\/nelluxbeauty.com\/fr\/shop\/soins-professionnels\/technique-coreenne\/guide-en-ligne-de-la-technique-de-la-poudre-lift-lash\/","title":{"rendered":"Guide en ligne de la technique de la poudre Lift Lash"},"content":{"rendered":"<p>D\u00e9couvrez la technique cor\u00e9enne innovante pour travailler avec les poudres et les solutions de lifting des cils. Ce guide \u00e9tape par \u00e9tape explique deux m\u00e9thodes professionnelles : l&rsquo;application de la poudre sur des patchs et sur des rouleaux. Apprenez \u00e0 pr\u00e9parer correctement les cils, \u00e0 m\u00e9langer les formules avec pr\u00e9cision, \u00e0 obtenir une courbure impeccable et \u00e0 compl\u00e9ter le traitement avec un soin nourrissant. Parfait pour les artistes des cils qui veulent ma\u00eetriser les techniques avanc\u00e9es de lifting et offrir des r\u00e9sultats durables et sains \u00e0 leurs clients.<\/p>\n","protected":false},"excerpt":{"rendered":"<p>D\u00e9couvrez la technique cor\u00e9enne innovante pour travailler avec les poudres et les solutions de lifting des cils. Ce guide \u00e9tape<\/p>\n","protected":false},"featured_media":25002,"template":"","meta":[],"product_brand":[],"product_cat":[1366,995],"product_tag":[],"class_list":{"0":"post-25036","1":"product","2":"type-product","3":"status-publish","4":"has-post-thumbnail","6":"product_cat-technique-coreenne","7":"product_cat-soins-professionnels","8":"pa_language-de-fr","9":"pa_language-eng-fr","10":"pa_language-lv-fr","11":"pa_language-pl-fr","12":"pa_language-rus-fr","14":"first","15":"instock","16":"taxable","17":"shipping-taxable","18":"purchasable","19":"product-type-variable"},"yoast_head":"<!-- This site is optimized with the Yoast SEO plugin v24.0 - https:\/\/yoast.com\/wordpress\/plugins\/seo\/ -->\n<title>Guide en ligne de la technique de la poudre Lift Lash | NEL LUX BEAUTY<\/title>\n<meta name=\"robots\" content=\"index, follow, max-snippet:-1, max-image-preview:large, max-video-preview:-1\" \/>\n<link rel=\"canonical\" href=\"https:\/\/nelluxbeauty.com\/fr\/shop\/soins-professionnels\/technique-coreenne\/guide-en-ligne-de-la-technique-de-la-poudre-lift-lash\/\" \/>\n<meta property=\"og:locale\" content=\"fr_FR\" \/>\n<meta property=\"og:type\" content=\"article\" \/>\n<meta property=\"og:title\" content=\"Guide en ligne de la technique de la poudre Lift Lash | NEL LUX BEAUTY\" \/>\n<meta property=\"og:description\" content=\"D\u00e9couvrez la technique cor\u00e9enne innovante pour travailler avec les poudres et les solutions de lifting des cils. Ce guide \u00e9tape\" \/>\n<meta property=\"og:url\" content=\"https:\/\/nelluxbeauty.com\/fr\/shop\/soins-professionnels\/technique-coreenne\/guide-en-ligne-de-la-technique-de-la-poudre-lift-lash\/\" \/>\n<meta property=\"og:site_name\" content=\"NEL LUX BEAUTY\" \/>\n<meta property=\"article:modified_time\" content=\"2026-01-06T15:38:08+00:00\" \/>\n<meta property=\"og:image\" content=\"https:\/\/nelluxbeauty.com\/wp-content\/uploads\/2026\/01\/Lash-lift-powder-technique.jpg\" \/>\n\t<meta property=\"og:image:width\" content=\"1080\" \/>\n\t<meta property=\"og:image:height\" content=\"1920\" \/>\n\t<meta property=\"og:image:type\" content=\"image\/jpeg\" \/>\n<meta name=\"twitter:card\" content=\"summary_large_image\" \/>\n<script type=\"application\/ld+json\" class=\"yoast-schema-graph\">{\"@context\":\"https:\/\/schema.org\",\"@graph\":[{\"@type\":\"WebPage\",\"@id\":\"https:\/\/nelluxbeauty.com\/fr\/shop\/soins-professionnels\/technique-coreenne\/guide-en-ligne-de-la-technique-de-la-poudre-lift-lash\/\",\"url\":\"https:\/\/nelluxbeauty.com\/fr\/shop\/soins-professionnels\/technique-coreenne\/guide-en-ligne-de-la-technique-de-la-poudre-lift-lash\/\",\"name\":\"Guide en ligne de la technique de la poudre Lift Lash | NEL LUX BEAUTY\",\"isPartOf\":{\"@id\":\"https:\/\/nelluxbeauty.com\/#website\"},\"primaryImageOfPage\":{\"@id\":\"https:\/\/nelluxbeauty.com\/fr\/shop\/soins-professionnels\/technique-coreenne\/guide-en-ligne-de-la-technique-de-la-poudre-lift-lash\/#primaryimage\"},\"image\":{\"@id\":\"https:\/\/nelluxbeauty.com\/fr\/shop\/soins-professionnels\/technique-coreenne\/guide-en-ligne-de-la-technique-de-la-poudre-lift-lash\/#primaryimage\"},\"thumbnailUrl\":\"https:\/\/nelluxbeauty.com\/wp-content\/uploads\/2026\/01\/Lash-lift-powder-technique.jpg\",\"datePublished\":\"2026-01-06T15:37:32+00:00\",\"dateModified\":\"2026-01-06T15:38:08+00:00\",\"breadcrumb\":{\"@id\":\"https:\/\/nelluxbeauty.com\/fr\/shop\/soins-professionnels\/technique-coreenne\/guide-en-ligne-de-la-technique-de-la-poudre-lift-lash\/#breadcrumb\"},\"inLanguage\":\"fr-FR\",\"potentialAction\":[{\"@type\":\"ReadAction\",\"target\":[\"https:\/\/nelluxbeauty.com\/fr\/shop\/soins-professionnels\/technique-coreenne\/guide-en-ligne-de-la-technique-de-la-poudre-lift-lash\/\"]}]},{\"@type\":\"ImageObject\",\"inLanguage\":\"fr-FR\",\"@id\":\"https:\/\/nelluxbeauty.com\/fr\/shop\/soins-professionnels\/technique-coreenne\/guide-en-ligne-de-la-technique-de-la-poudre-lift-lash\/#primaryimage\",\"url\":\"https:\/\/nelluxbeauty.com\/wp-content\/uploads\/2026\/01\/Lash-lift-powder-technique.jpg\",\"contentUrl\":\"https:\/\/nelluxbeauty.com\/wp-content\/uploads\/2026\/01\/Lash-lift-powder-technique.jpg\",\"width\":1080,\"height\":1920},{\"@type\":\"BreadcrumbList\",\"@id\":\"https:\/\/nelluxbeauty.com\/fr\/shop\/soins-professionnels\/technique-coreenne\/guide-en-ligne-de-la-technique-de-la-poudre-lift-lash\/#breadcrumb\",\"itemListElement\":[{\"@type\":\"ListItem\",\"position\":1,\"name\":\"Home\",\"item\":\"https:\/\/nelluxbeauty.com\/\"},{\"@type\":\"ListItem\",\"position\":2,\"name\":\"Shop\",\"item\":\"https:\/\/nelluxbeauty.com\/fr\/shop\/\"},{\"@type\":\"ListItem\",\"position\":3,\"name\":\"Guide en ligne de la technique de la poudre Lift Lash\"}]},{\"@type\":\"WebSite\",\"@id\":\"https:\/\/nelluxbeauty.com\/#website\",\"url\":\"https:\/\/nelluxbeauty.com\/\",\"name\":\"NEL LUX BEAUTY\",\"description\":\"\",\"publisher\":{\"@id\":\"https:\/\/nelluxbeauty.com\/#organization\"},\"potentialAction\":[{\"@type\":\"SearchAction\",\"target\":{\"@type\":\"EntryPoint\",\"urlTemplate\":\"https:\/\/nelluxbeauty.com\/?s={search_term_string}\"},\"query-input\":{\"@type\":\"PropertyValueSpecification\",\"valueRequired\":true,\"valueName\":\"search_term_string\"}}],\"inLanguage\":\"fr-FR\"},{\"@type\":\"Organization\",\"@id\":\"https:\/\/nelluxbeauty.com\/#organization\",\"name\":\"NEL LUX BEAUTY\",\"url\":\"https:\/\/nelluxbeauty.com\/\",\"logo\":{\"@type\":\"ImageObject\",\"inLanguage\":\"fr-FR\",\"@id\":\"https:\/\/nelluxbeauty.com\/#\/schema\/logo\/image\/\",\"url\":\"https:\/\/nelluxbeauty.com\/wp-content\/uploads\/2024\/07\/nellux_beauty_logo.svg\",\"contentUrl\":\"https:\/\/nelluxbeauty.com\/wp-content\/uploads\/2024\/07\/nellux_beauty_logo.svg\",\"width\":305,\"height\":305,\"caption\":\"NEL LUX BEAUTY\"},\"image\":{\"@id\":\"https:\/\/nelluxbeauty.com\/#\/schema\/logo\/image\/\"}}]}<\/script>\n<!-- \/ Yoast SEO plugin. -->","yoast_head_json":{"title":"Guide en ligne de la technique de la poudre Lift Lash | NEL LUX BEAUTY","robots":{"index":"index","follow":"follow","max-snippet":"max-snippet:-1","max-image-preview":"max-image-preview:large","max-video-preview":"max-video-preview:-1"},"canonical":"https:\/\/nelluxbeauty.com\/fr\/shop\/soins-professionnels\/technique-coreenne\/guide-en-ligne-de-la-technique-de-la-poudre-lift-lash\/","og_locale":"fr_FR","og_type":"article","og_title":"Guide en ligne de la technique de la poudre Lift Lash | NEL LUX BEAUTY","og_description":"D\u00e9couvrez la technique cor\u00e9enne innovante pour travailler avec les poudres et les solutions de lifting des cils. Ce guide \u00e9tape","og_url":"https:\/\/nelluxbeauty.com\/fr\/shop\/soins-professionnels\/technique-coreenne\/guide-en-ligne-de-la-technique-de-la-poudre-lift-lash\/","og_site_name":"NEL LUX BEAUTY","article_modified_time":"2026-01-06T15:38:08+00:00","og_image":[{"width":1080,"height":1920,"url":"https:\/\/nelluxbeauty.com\/wp-content\/uploads\/2026\/01\/Lash-lift-powder-technique.jpg","type":"image\/jpeg"}],"twitter_card":"summary_large_image","schema":{"@context":"https:\/\/schema.org","@graph":[{"@type":"WebPage","@id":"https:\/\/nelluxbeauty.com\/fr\/shop\/soins-professionnels\/technique-coreenne\/guide-en-ligne-de-la-technique-de-la-poudre-lift-lash\/","url":"https:\/\/nelluxbeauty.com\/fr\/shop\/soins-professionnels\/technique-coreenne\/guide-en-ligne-de-la-technique-de-la-poudre-lift-lash\/","name":"Guide en ligne de la technique de la poudre Lift Lash | NEL LUX BEAUTY","isPartOf":{"@id":"https:\/\/nelluxbeauty.com\/#website"},"primaryImageOfPage":{"@id":"https:\/\/nelluxbeauty.com\/fr\/shop\/soins-professionnels\/technique-coreenne\/guide-en-ligne-de-la-technique-de-la-poudre-lift-lash\/#primaryimage"},"image":{"@id":"https:\/\/nelluxbeauty.com\/fr\/shop\/soins-professionnels\/technique-coreenne\/guide-en-ligne-de-la-technique-de-la-poudre-lift-lash\/#primaryimage"},"thumbnailUrl":"https:\/\/nelluxbeauty.com\/wp-content\/uploads\/2026\/01\/Lash-lift-powder-technique.jpg","datePublished":"2026-01-06T15:37:32+00:00","dateModified":"2026-01-06T15:38:08+00:00","breadcrumb":{"@id":"https:\/\/nelluxbeauty.com\/fr\/shop\/soins-professionnels\/technique-coreenne\/guide-en-ligne-de-la-technique-de-la-poudre-lift-lash\/#breadcrumb"},"inLanguage":"fr-FR","potentialAction":[{"@type":"ReadAction","target":["https:\/\/nelluxbeauty.com\/fr\/shop\/soins-professionnels\/technique-coreenne\/guide-en-ligne-de-la-technique-de-la-poudre-lift-lash\/"]}]},{"@type":"ImageObject","inLanguage":"fr-FR","@id":"https:\/\/nelluxbeauty.com\/fr\/shop\/soins-professionnels\/technique-coreenne\/guide-en-ligne-de-la-technique-de-la-poudre-lift-lash\/#primaryimage","url":"https:\/\/nelluxbeauty.com\/wp-content\/uploads\/2026\/01\/Lash-lift-powder-technique.jpg","contentUrl":"https:\/\/nelluxbeauty.com\/wp-content\/uploads\/2026\/01\/Lash-lift-powder-technique.jpg","width":1080,"height":1920},{"@type":"BreadcrumbList","@id":"https:\/\/nelluxbeauty.com\/fr\/shop\/soins-professionnels\/technique-coreenne\/guide-en-ligne-de-la-technique-de-la-poudre-lift-lash\/#breadcrumb","itemListElement":[{"@type":"ListItem","position":1,"name":"Home","item":"https:\/\/nelluxbeauty.com\/"},{"@type":"ListItem","position":2,"name":"Shop","item":"https:\/\/nelluxbeauty.com\/fr\/shop\/"},{"@type":"ListItem","position":3,"name":"Guide en ligne de la technique de la poudre Lift Lash"}]},{"@type":"WebSite","@id":"https:\/\/nelluxbeauty.com\/#website","url":"https:\/\/nelluxbeauty.com\/","name":"NEL LUX BEAUTY","description":"","publisher":{"@id":"https:\/\/nelluxbeauty.com\/#organization"},"potentialAction":[{"@type":"SearchAction","target":{"@type":"EntryPoint","urlTemplate":"https:\/\/nelluxbeauty.com\/?s={search_term_string}"},"query-input":{"@type":"PropertyValueSpecification","valueRequired":true,"valueName":"search_term_string"}}],"inLanguage":"fr-FR"},{"@type":"Organization","@id":"https:\/\/nelluxbeauty.com\/#organization","name":"NEL LUX BEAUTY","url":"https:\/\/nelluxbeauty.com\/","logo":{"@type":"ImageObject","inLanguage":"fr-FR","@id":"https:\/\/nelluxbeauty.com\/#\/schema\/logo\/image\/","url":"https:\/\/nelluxbeauty.com\/wp-content\/uploads\/2024\/07\/nellux_beauty_logo.svg","contentUrl":"https:\/\/nelluxbeauty.com\/wp-content\/uploads\/2024\/07\/nellux_beauty_logo.svg","width":305,"height":305,"caption":"NEL LUX BEAUTY"},"image":{"@id":"https:\/\/nelluxbeauty.com\/#\/schema\/logo\/image\/"}}]}},"_links":{"self":[{"href":"https:\/\/nelluxbeauty.com\/fr\/wp-json\/wp\/v2\/product\/25036","targetHints":{"allow":["GET"]}}],"collection":[{"href":"https:\/\/nelluxbeauty.com\/fr\/wp-json\/wp\/v2\/product"}],"about":[{"href":"https:\/\/nelluxbeauty.com\/fr\/wp-json\/wp\/v2\/types\/product"}],"version-history":[{"count":1,"href":"https:\/\/nelluxbeauty.com\/fr\/wp-json\/wp\/v2\/product\/25036\/revisions"}],"predecessor-version":[{"id":25038,"href":"https:\/\/nelluxbeauty.com\/fr\/wp-json\/wp\/v2\/product\/25036\/revisions\/25038"}],"wp:featuredmedia":[{"embeddable":true,"href":"https:\/\/nelluxbeauty.com\/fr\/wp-json\/wp\/v2\/media\/25002"}],"wp:attachment":[{"href":"https:\/\/nelluxbeauty.com\/fr\/wp-json\/wp\/v2\/media?parent=25036"}],"wp:term":[{"taxonomy":"product_brand","embeddable":true,"href":"https:\/\/nelluxbeauty.com\/fr\/wp-json\/wp\/v2\/product_brand?post=25036"},{"taxonomy":"product_cat","embeddable":true,"href":"https:\/\/nelluxbeauty.com\/fr\/wp-json\/wp\/v2\/product_cat?post=25036"},{"taxonomy":"product_tag","embeddable":true,"href":"https:\/\/nelluxbeauty.com\/fr\/wp-json\/wp\/v2\/product_tag?post=25036"}],"curies":[{"name":"wp","href":"https:\/\/api.w.org\/{rel}","templated":true}]}}