{"id":24096,"date":"2025-02-03T07:04:51","date_gmt":"2025-02-03T06:04:51","guid":{"rendered":"https:\/\/nelluxbeauty.com\/shop\/non class\u00e9\/compensateurs-de-teinte-des-cils-2\/"},"modified":"2025-02-03T07:04:51","modified_gmt":"2025-02-03T06:04:51","slug":"compensateurs-de-teinte-des-cils-2","status":"publish","type":"product","link":"https:\/\/nelluxbeauty.com\/fr\/shop\/non class\u00e9\/compensateurs-de-teinte-des-cils-2\/","title":{"rendered":"Compensateurs de teinte des cils"},"content":{"rendered":"","protected":false},"excerpt":{"rendered":"<p class=\"p1\">Am\u00e9liorez votre exp\u00e9rience du lifting des cils avec nos compensateurs de cils en silicone fin de premi\u00e8re qualit\u00e9.<\/p>\n<p class=\"p1\">Notre mat\u00e9riau en silicone ultrafin assure une fixation parfaite des cils sur le rouleau en silicone.<\/p>\n","protected":false},"featured_media":0,"template":"","meta":[],"product_brand":[],"product_cat":[],"product_tag":[],"class_list":{"0":"post-24096","1":"product","2":"type-product","3":"status-publish","6":"first","7":"outofstock","8":"taxable","9":"shipping-taxable","10":"product-type-variable"},"yoast_head":"<!-- This site is optimized with the Yoast SEO plugin v24.0 - https:\/\/yoast.com\/wordpress\/plugins\/seo\/ -->\n<title>Compensateurs de teinte des cils | NEL LUX BEAUTY<\/title>\n<meta name=\"robots\" content=\"index, follow, max-snippet:-1, max-image-preview:large, max-video-preview:-1\" \/>\n<link rel=\"canonical\" href=\"https:\/\/nelluxbeauty.com\/shop\/non%20class\u00e9\/compensateurs-de-teinte-des-cils-2\/\" \/>\n<meta property=\"og:locale\" content=\"fr_FR\" \/>\n<meta property=\"og:type\" content=\"article\" \/>\n<meta property=\"og:title\" content=\"Compensateurs de teinte des cils | NEL LUX BEAUTY\" \/>\n<meta property=\"og:description\" content=\"Am\u00e9liorez votre exp\u00e9rience du lifting des cils avec nos compensateurs de cils en silicone fin de premi\u00e8re qualit\u00e9. Notre mat\u00e9riau en silicone ultrafin assure une fixation parfaite des cils sur le rouleau en silicone.\" \/>\n<meta property=\"og:url\" content=\"https:\/\/nelluxbeauty.com\/shop\/non class\u00e9\/compensateurs-de-teinte-des-cils-2\/\" \/>\n<meta property=\"og:site_name\" content=\"NEL LUX BEAUTY\" \/>\n<meta name=\"twitter:card\" content=\"summary_large_image\" \/>\n<script type=\"application\/ld+json\" class=\"yoast-schema-graph\">{\"@context\":\"https:\/\/schema.org\",\"@graph\":[{\"@type\":\"WebPage\",\"@id\":\"https:\/\/nelluxbeauty.com\/shop\/non class\u00e9\/compensateurs-de-teinte-des-cils-2\/\",\"url\":\"https:\/\/nelluxbeauty.com\/shop\/non class\u00e9\/compensateurs-de-teinte-des-cils-2\/\",\"name\":\"Compensateurs de teinte des cils | NEL LUX BEAUTY\",\"isPartOf\":{\"@id\":\"https:\/\/nelluxbeauty.com\/#website\"},\"datePublished\":\"2025-02-03T06:04:51+00:00\",\"dateModified\":\"2025-02-03T06:04:51+00:00\",\"breadcrumb\":{\"@id\":\"https:\/\/nelluxbeauty.com\/shop\/non class\u00e9\/compensateurs-de-teinte-des-cils-2\/#breadcrumb\"},\"inLanguage\":\"fr-FR\",\"potentialAction\":[{\"@type\":\"ReadAction\",\"target\":[\"https:\/\/nelluxbeauty.com\/shop\/non class\u00e9\/compensateurs-de-teinte-des-cils-2\/\"]}]},{\"@type\":\"BreadcrumbList\",\"@id\":\"https:\/\/nelluxbeauty.com\/shop\/non class\u00e9\/compensateurs-de-teinte-des-cils-2\/#breadcrumb\",\"itemListElement\":[{\"@type\":\"ListItem\",\"position\":1,\"name\":\"Home\",\"item\":\"https:\/\/nelluxbeauty.com\/\"},{\"@type\":\"ListItem\",\"position\":2,\"name\":\"Shop\",\"item\":\"https:\/\/nelluxbeauty.com\/fr\/shop\/\"},{\"@type\":\"ListItem\",\"position\":3,\"name\":\"Compensateurs de teinte des cils\"}]},{\"@type\":\"WebSite\",\"@id\":\"https:\/\/nelluxbeauty.com\/#website\",\"url\":\"https:\/\/nelluxbeauty.com\/\",\"name\":\"NEL LUX BEAUTY\",\"description\":\"\",\"publisher\":{\"@id\":\"https:\/\/nelluxbeauty.com\/#organization\"},\"potentialAction\":[{\"@type\":\"SearchAction\",\"target\":{\"@type\":\"EntryPoint\",\"urlTemplate\":\"https:\/\/nelluxbeauty.com\/?s={search_term_string}\"},\"query-input\":{\"@type\":\"PropertyValueSpecification\",\"valueRequired\":true,\"valueName\":\"search_term_string\"}}],\"inLanguage\":\"fr-FR\"},{\"@type\":\"Organization\",\"@id\":\"https:\/\/nelluxbeauty.com\/#organization\",\"name\":\"NEL LUX BEAUTY\",\"url\":\"https:\/\/nelluxbeauty.com\/\",\"logo\":{\"@type\":\"ImageObject\",\"inLanguage\":\"fr-FR\",\"@id\":\"https:\/\/nelluxbeauty.com\/#\/schema\/logo\/image\/\",\"url\":\"https:\/\/nelluxbeauty.com\/wp-content\/uploads\/2024\/07\/nellux_beauty_logo.svg\",\"contentUrl\":\"https:\/\/nelluxbeauty.com\/wp-content\/uploads\/2024\/07\/nellux_beauty_logo.svg\",\"width\":305,\"height\":305,\"caption\":\"NEL LUX BEAUTY\"},\"image\":{\"@id\":\"https:\/\/nelluxbeauty.com\/#\/schema\/logo\/image\/\"}}]}<\/script>\n<!-- \/ Yoast SEO plugin. -->","yoast_head_json":{"title":"Compensateurs de teinte des cils | NEL LUX BEAUTY","robots":{"index":"index","follow":"follow","max-snippet":"max-snippet:-1","max-image-preview":"max-image-preview:large","max-video-preview":"max-video-preview:-1"},"canonical":"https:\/\/nelluxbeauty.com\/shop\/non class\u00e9\/compensateurs-de-teinte-des-cils-2\/","og_locale":"fr_FR","og_type":"article","og_title":"Compensateurs de teinte des cils | NEL LUX BEAUTY","og_description":"Am\u00e9liorez votre exp\u00e9rience du lifting des cils avec nos compensateurs de cils en silicone fin de premi\u00e8re qualit\u00e9. Notre mat\u00e9riau en silicone ultrafin assure une fixation parfaite des cils sur le rouleau en silicone.","og_url":"https:\/\/nelluxbeauty.com\/shop\/non class\u00e9\/compensateurs-de-teinte-des-cils-2\/","og_site_name":"NEL LUX BEAUTY","twitter_card":"summary_large_image","schema":{"@context":"https:\/\/schema.org","@graph":[{"@type":"WebPage","@id":"https:\/\/nelluxbeauty.com\/shop\/non class\u00e9\/compensateurs-de-teinte-des-cils-2\/","url":"https:\/\/nelluxbeauty.com\/shop\/non class\u00e9\/compensateurs-de-teinte-des-cils-2\/","name":"Compensateurs de teinte des cils | NEL LUX BEAUTY","isPartOf":{"@id":"https:\/\/nelluxbeauty.com\/#website"},"datePublished":"2025-02-03T06:04:51+00:00","dateModified":"2025-02-03T06:04:51+00:00","breadcrumb":{"@id":"https:\/\/nelluxbeauty.com\/shop\/non class\u00e9\/compensateurs-de-teinte-des-cils-2\/#breadcrumb"},"inLanguage":"fr-FR","potentialAction":[{"@type":"ReadAction","target":["https:\/\/nelluxbeauty.com\/shop\/non class\u00e9\/compensateurs-de-teinte-des-cils-2\/"]}]},{"@type":"BreadcrumbList","@id":"https:\/\/nelluxbeauty.com\/shop\/non class\u00e9\/compensateurs-de-teinte-des-cils-2\/#breadcrumb","itemListElement":[{"@type":"ListItem","position":1,"name":"Home","item":"https:\/\/nelluxbeauty.com\/"},{"@type":"ListItem","position":2,"name":"Shop","item":"https:\/\/nelluxbeauty.com\/fr\/shop\/"},{"@type":"ListItem","position":3,"name":"Compensateurs de teinte des cils"}]},{"@type":"WebSite","@id":"https:\/\/nelluxbeauty.com\/#website","url":"https:\/\/nelluxbeauty.com\/","name":"NEL LUX BEAUTY","description":"","publisher":{"@id":"https:\/\/nelluxbeauty.com\/#organization"},"potentialAction":[{"@type":"SearchAction","target":{"@type":"EntryPoint","urlTemplate":"https:\/\/nelluxbeauty.com\/?s={search_term_string}"},"query-input":{"@type":"PropertyValueSpecification","valueRequired":true,"valueName":"search_term_string"}}],"inLanguage":"fr-FR"},{"@type":"Organization","@id":"https:\/\/nelluxbeauty.com\/#organization","name":"NEL LUX BEAUTY","url":"https:\/\/nelluxbeauty.com\/","logo":{"@type":"ImageObject","inLanguage":"fr-FR","@id":"https:\/\/nelluxbeauty.com\/#\/schema\/logo\/image\/","url":"https:\/\/nelluxbeauty.com\/wp-content\/uploads\/2024\/07\/nellux_beauty_logo.svg","contentUrl":"https:\/\/nelluxbeauty.com\/wp-content\/uploads\/2024\/07\/nellux_beauty_logo.svg","width":305,"height":305,"caption":"NEL LUX BEAUTY"},"image":{"@id":"https:\/\/nelluxbeauty.com\/#\/schema\/logo\/image\/"}}]}},"_links":{"self":[{"href":"https:\/\/nelluxbeauty.com\/fr\/wp-json\/wp\/v2\/product\/24096","targetHints":{"allow":["GET"]}}],"collection":[{"href":"https:\/\/nelluxbeauty.com\/fr\/wp-json\/wp\/v2\/product"}],"about":[{"href":"https:\/\/nelluxbeauty.com\/fr\/wp-json\/wp\/v2\/types\/product"}],"version-history":[{"count":0,"href":"https:\/\/nelluxbeauty.com\/fr\/wp-json\/wp\/v2\/product\/24096\/revisions"}],"wp:attachment":[{"href":"https:\/\/nelluxbeauty.com\/fr\/wp-json\/wp\/v2\/media?parent=24096"}],"wp:term":[{"taxonomy":"product_brand","embeddable":true,"href":"https:\/\/nelluxbeauty.com\/fr\/wp-json\/wp\/v2\/product_brand?post=24096"},{"taxonomy":"product_cat","embeddable":true,"href":"https:\/\/nelluxbeauty.com\/fr\/wp-json\/wp\/v2\/product_cat?post=24096"},{"taxonomy":"product_tag","embeddable":true,"href":"https:\/\/nelluxbeauty.com\/fr\/wp-json\/wp\/v2\/product_tag?post=24096"}],"curies":[{"name":"wp","href":"https:\/\/api.w.org\/{rel}","templated":true}]}}