{"id":23881,"date":"2025-01-24T10:32:35","date_gmt":"2025-01-24T09:32:35","guid":{"rendered":"https:\/\/nelluxbeauty.com\/shop\/non%20class\u00e9\/lami-glue-balm-brush\/"},"modified":"2025-02-03T06:55:07","modified_gmt":"2025-02-03T05:55:07","slug":"lami-glue-balm-brush","status":"publish","type":"product","link":"https:\/\/nelluxbeauty.com\/fr\/shop\/soins-professionnels\/cils-fr\/brosses-fr-2\/lami-glue-balm-brush\/","title":{"rendered":"Lami Glue Balm Brush"},"content":{"rendered":"","protected":false},"excerpt":{"rendered":"<p class=\"p1\">Pinceau droit Glue Balm &#8211; convient pour l&rsquo;application de colle sur des tampons en silicone.<\/p>\n<p class=\"p1\">La brosse peut \u00e9galement \u00eatre utilis\u00e9e pour la coloration des sourcils au henn\u00e9, ainsi que pour l&rsquo;\u00e9limination parfaite des formulations lors de la proc\u00e9dure de pr\u00e9-laminage.<\/p>\n","protected":false},"featured_media":23823,"template":"","meta":[],"product_brand":[],"product_cat":[995,1041,1015,1042,1013],"product_tag":[],"class_list":{"0":"post-23881","1":"product","2":"type-product","3":"status-publish","4":"has-post-thumbnail","6":"product_cat-soins-professionnels","7":"product_cat-cils-fr","8":"product_cat-brosses","9":"product_cat-brosses-fr-2","10":"product_cat-accessoires","12":"first","13":"instock","14":"taxable","15":"shipping-taxable","16":"purchasable","17":"product-type-simple"},"yoast_head":"<!-- This site is optimized with the Yoast SEO plugin v24.0 - https:\/\/yoast.com\/wordpress\/plugins\/seo\/ -->\n<title>Lami Glue Balm Brush | NEL LUX BEAUTY<\/title>\n<meta name=\"robots\" content=\"index, follow, max-snippet:-1, max-image-preview:large, max-video-preview:-1\" \/>\n<link rel=\"canonical\" href=\"https:\/\/nelluxbeauty.com\/fr\/shop\/soins-professionnels\/cils-fr\/brosses-fr-2\/lami-glue-balm-brush\/\" \/>\n<meta property=\"og:locale\" content=\"fr_FR\" \/>\n<meta property=\"og:type\" content=\"article\" \/>\n<meta property=\"og:title\" content=\"Lami Glue Balm Brush | NEL LUX BEAUTY\" \/>\n<meta property=\"og:description\" content=\"Pinceau droit Glue Balm - convient pour l&#039;application de colle sur des tampons en silicone. La brosse peut \u00e9galement \u00eatre utilis\u00e9e pour la coloration des sourcils au henn\u00e9, ainsi que pour l&#039;\u00e9limination parfaite des formulations lors de la proc\u00e9dure de pr\u00e9-laminage.\" \/>\n<meta property=\"og:url\" content=\"https:\/\/nelluxbeauty.com\/fr\/shop\/soins-professionnels\/cils-fr\/brosses-fr-2\/lami-glue-balm-brush\/\" \/>\n<meta property=\"og:site_name\" content=\"NEL LUX BEAUTY\" \/>\n<meta property=\"article:modified_time\" content=\"2025-02-03T05:55:07+00:00\" \/>\n<meta property=\"og:image\" content=\"https:\/\/nelluxbeauty.com\/wp-content\/uploads\/2025\/01\/glue-balm-brush.png\" \/>\n\t<meta property=\"og:image:width\" content=\"680\" \/>\n\t<meta property=\"og:image:height\" content=\"920\" \/>\n\t<meta property=\"og:image:type\" content=\"image\/png\" \/>\n<meta name=\"twitter:card\" content=\"summary_large_image\" \/>\n<script type=\"application\/ld+json\" class=\"yoast-schema-graph\">{\"@context\":\"https:\/\/schema.org\",\"@graph\":[{\"@type\":\"WebPage\",\"@id\":\"https:\/\/nelluxbeauty.com\/fr\/shop\/soins-professionnels\/cils-fr\/brosses-fr-2\/lami-glue-balm-brush\/\",\"url\":\"https:\/\/nelluxbeauty.com\/fr\/shop\/soins-professionnels\/cils-fr\/brosses-fr-2\/lami-glue-balm-brush\/\",\"name\":\"Lami Glue Balm Brush | NEL LUX BEAUTY\",\"isPartOf\":{\"@id\":\"https:\/\/nelluxbeauty.com\/#website\"},\"primaryImageOfPage\":{\"@id\":\"https:\/\/nelluxbeauty.com\/fr\/shop\/soins-professionnels\/cils-fr\/brosses-fr-2\/lami-glue-balm-brush\/#primaryimage\"},\"image\":{\"@id\":\"https:\/\/nelluxbeauty.com\/fr\/shop\/soins-professionnels\/cils-fr\/brosses-fr-2\/lami-glue-balm-brush\/#primaryimage\"},\"thumbnailUrl\":\"https:\/\/nelluxbeauty.com\/wp-content\/uploads\/2025\/01\/glue-balm-brush.png\",\"datePublished\":\"2025-01-24T09:32:35+00:00\",\"dateModified\":\"2025-02-03T05:55:07+00:00\",\"breadcrumb\":{\"@id\":\"https:\/\/nelluxbeauty.com\/fr\/shop\/soins-professionnels\/cils-fr\/brosses-fr-2\/lami-glue-balm-brush\/#breadcrumb\"},\"inLanguage\":\"fr-FR\",\"potentialAction\":[{\"@type\":\"ReadAction\",\"target\":[\"https:\/\/nelluxbeauty.com\/fr\/shop\/soins-professionnels\/cils-fr\/brosses-fr-2\/lami-glue-balm-brush\/\"]}]},{\"@type\":\"ImageObject\",\"inLanguage\":\"fr-FR\",\"@id\":\"https:\/\/nelluxbeauty.com\/fr\/shop\/soins-professionnels\/cils-fr\/brosses-fr-2\/lami-glue-balm-brush\/#primaryimage\",\"url\":\"https:\/\/nelluxbeauty.com\/wp-content\/uploads\/2025\/01\/glue-balm-brush.png\",\"contentUrl\":\"https:\/\/nelluxbeauty.com\/wp-content\/uploads\/2025\/01\/glue-balm-brush.png\",\"width\":680,\"height\":920},{\"@type\":\"BreadcrumbList\",\"@id\":\"https:\/\/nelluxbeauty.com\/fr\/shop\/soins-professionnels\/cils-fr\/brosses-fr-2\/lami-glue-balm-brush\/#breadcrumb\",\"itemListElement\":[{\"@type\":\"ListItem\",\"position\":1,\"name\":\"Home\",\"item\":\"https:\/\/nelluxbeauty.com\/\"},{\"@type\":\"ListItem\",\"position\":2,\"name\":\"Shop\",\"item\":\"https:\/\/nelluxbeauty.com\/fr\/shop\/\"},{\"@type\":\"ListItem\",\"position\":3,\"name\":\"Lami Glue Balm Brush\"}]},{\"@type\":\"WebSite\",\"@id\":\"https:\/\/nelluxbeauty.com\/#website\",\"url\":\"https:\/\/nelluxbeauty.com\/\",\"name\":\"NEL LUX BEAUTY\",\"description\":\"\",\"publisher\":{\"@id\":\"https:\/\/nelluxbeauty.com\/#organization\"},\"potentialAction\":[{\"@type\":\"SearchAction\",\"target\":{\"@type\":\"EntryPoint\",\"urlTemplate\":\"https:\/\/nelluxbeauty.com\/?s={search_term_string}\"},\"query-input\":{\"@type\":\"PropertyValueSpecification\",\"valueRequired\":true,\"valueName\":\"search_term_string\"}}],\"inLanguage\":\"fr-FR\"},{\"@type\":\"Organization\",\"@id\":\"https:\/\/nelluxbeauty.com\/#organization\",\"name\":\"NEL LUX BEAUTY\",\"url\":\"https:\/\/nelluxbeauty.com\/\",\"logo\":{\"@type\":\"ImageObject\",\"inLanguage\":\"fr-FR\",\"@id\":\"https:\/\/nelluxbeauty.com\/#\/schema\/logo\/image\/\",\"url\":\"https:\/\/nelluxbeauty.com\/wp-content\/uploads\/2024\/07\/nellux_beauty_logo.svg\",\"contentUrl\":\"https:\/\/nelluxbeauty.com\/wp-content\/uploads\/2024\/07\/nellux_beauty_logo.svg\",\"width\":305,\"height\":305,\"caption\":\"NEL LUX BEAUTY\"},\"image\":{\"@id\":\"https:\/\/nelluxbeauty.com\/#\/schema\/logo\/image\/\"}}]}<\/script>\n<!-- \/ Yoast SEO plugin. -->","yoast_head_json":{"title":"Lami Glue Balm Brush | NEL LUX BEAUTY","robots":{"index":"index","follow":"follow","max-snippet":"max-snippet:-1","max-image-preview":"max-image-preview:large","max-video-preview":"max-video-preview:-1"},"canonical":"https:\/\/nelluxbeauty.com\/fr\/shop\/soins-professionnels\/cils-fr\/brosses-fr-2\/lami-glue-balm-brush\/","og_locale":"fr_FR","og_type":"article","og_title":"Lami Glue Balm Brush | NEL LUX BEAUTY","og_description":"Pinceau droit Glue Balm - convient pour l'application de colle sur des tampons en silicone. La brosse peut \u00e9galement \u00eatre utilis\u00e9e pour la coloration des sourcils au henn\u00e9, ainsi que pour l'\u00e9limination parfaite des formulations lors de la proc\u00e9dure de pr\u00e9-laminage.","og_url":"https:\/\/nelluxbeauty.com\/fr\/shop\/soins-professionnels\/cils-fr\/brosses-fr-2\/lami-glue-balm-brush\/","og_site_name":"NEL LUX BEAUTY","article_modified_time":"2025-02-03T05:55:07+00:00","og_image":[{"width":680,"height":920,"url":"https:\/\/nelluxbeauty.com\/wp-content\/uploads\/2025\/01\/glue-balm-brush.png","type":"image\/png"}],"twitter_card":"summary_large_image","schema":{"@context":"https:\/\/schema.org","@graph":[{"@type":"WebPage","@id":"https:\/\/nelluxbeauty.com\/fr\/shop\/soins-professionnels\/cils-fr\/brosses-fr-2\/lami-glue-balm-brush\/","url":"https:\/\/nelluxbeauty.com\/fr\/shop\/soins-professionnels\/cils-fr\/brosses-fr-2\/lami-glue-balm-brush\/","name":"Lami Glue Balm Brush | NEL LUX BEAUTY","isPartOf":{"@id":"https:\/\/nelluxbeauty.com\/#website"},"primaryImageOfPage":{"@id":"https:\/\/nelluxbeauty.com\/fr\/shop\/soins-professionnels\/cils-fr\/brosses-fr-2\/lami-glue-balm-brush\/#primaryimage"},"image":{"@id":"https:\/\/nelluxbeauty.com\/fr\/shop\/soins-professionnels\/cils-fr\/brosses-fr-2\/lami-glue-balm-brush\/#primaryimage"},"thumbnailUrl":"https:\/\/nelluxbeauty.com\/wp-content\/uploads\/2025\/01\/glue-balm-brush.png","datePublished":"2025-01-24T09:32:35+00:00","dateModified":"2025-02-03T05:55:07+00:00","breadcrumb":{"@id":"https:\/\/nelluxbeauty.com\/fr\/shop\/soins-professionnels\/cils-fr\/brosses-fr-2\/lami-glue-balm-brush\/#breadcrumb"},"inLanguage":"fr-FR","potentialAction":[{"@type":"ReadAction","target":["https:\/\/nelluxbeauty.com\/fr\/shop\/soins-professionnels\/cils-fr\/brosses-fr-2\/lami-glue-balm-brush\/"]}]},{"@type":"ImageObject","inLanguage":"fr-FR","@id":"https:\/\/nelluxbeauty.com\/fr\/shop\/soins-professionnels\/cils-fr\/brosses-fr-2\/lami-glue-balm-brush\/#primaryimage","url":"https:\/\/nelluxbeauty.com\/wp-content\/uploads\/2025\/01\/glue-balm-brush.png","contentUrl":"https:\/\/nelluxbeauty.com\/wp-content\/uploads\/2025\/01\/glue-balm-brush.png","width":680,"height":920},{"@type":"BreadcrumbList","@id":"https:\/\/nelluxbeauty.com\/fr\/shop\/soins-professionnels\/cils-fr\/brosses-fr-2\/lami-glue-balm-brush\/#breadcrumb","itemListElement":[{"@type":"ListItem","position":1,"name":"Home","item":"https:\/\/nelluxbeauty.com\/"},{"@type":"ListItem","position":2,"name":"Shop","item":"https:\/\/nelluxbeauty.com\/fr\/shop\/"},{"@type":"ListItem","position":3,"name":"Lami Glue Balm Brush"}]},{"@type":"WebSite","@id":"https:\/\/nelluxbeauty.com\/#website","url":"https:\/\/nelluxbeauty.com\/","name":"NEL LUX BEAUTY","description":"","publisher":{"@id":"https:\/\/nelluxbeauty.com\/#organization"},"potentialAction":[{"@type":"SearchAction","target":{"@type":"EntryPoint","urlTemplate":"https:\/\/nelluxbeauty.com\/?s={search_term_string}"},"query-input":{"@type":"PropertyValueSpecification","valueRequired":true,"valueName":"search_term_string"}}],"inLanguage":"fr-FR"},{"@type":"Organization","@id":"https:\/\/nelluxbeauty.com\/#organization","name":"NEL LUX BEAUTY","url":"https:\/\/nelluxbeauty.com\/","logo":{"@type":"ImageObject","inLanguage":"fr-FR","@id":"https:\/\/nelluxbeauty.com\/#\/schema\/logo\/image\/","url":"https:\/\/nelluxbeauty.com\/wp-content\/uploads\/2024\/07\/nellux_beauty_logo.svg","contentUrl":"https:\/\/nelluxbeauty.com\/wp-content\/uploads\/2024\/07\/nellux_beauty_logo.svg","width":305,"height":305,"caption":"NEL LUX BEAUTY"},"image":{"@id":"https:\/\/nelluxbeauty.com\/#\/schema\/logo\/image\/"}}]}},"_links":{"self":[{"href":"https:\/\/nelluxbeauty.com\/fr\/wp-json\/wp\/v2\/product\/23881","targetHints":{"allow":["GET"]}}],"collection":[{"href":"https:\/\/nelluxbeauty.com\/fr\/wp-json\/wp\/v2\/product"}],"about":[{"href":"https:\/\/nelluxbeauty.com\/fr\/wp-json\/wp\/v2\/types\/product"}],"version-history":[{"count":0,"href":"https:\/\/nelluxbeauty.com\/fr\/wp-json\/wp\/v2\/product\/23881\/revisions"}],"wp:featuredmedia":[{"embeddable":true,"href":"https:\/\/nelluxbeauty.com\/fr\/wp-json\/wp\/v2\/media\/23823"}],"wp:attachment":[{"href":"https:\/\/nelluxbeauty.com\/fr\/wp-json\/wp\/v2\/media?parent=23881"}],"wp:term":[{"taxonomy":"product_brand","embeddable":true,"href":"https:\/\/nelluxbeauty.com\/fr\/wp-json\/wp\/v2\/product_brand?post=23881"},{"taxonomy":"product_cat","embeddable":true,"href":"https:\/\/nelluxbeauty.com\/fr\/wp-json\/wp\/v2\/product_cat?post=23881"},{"taxonomy":"product_tag","embeddable":true,"href":"https:\/\/nelluxbeauty.com\/fr\/wp-json\/wp\/v2\/product_tag?post=23881"}],"curies":[{"name":"wp","href":"https:\/\/api.w.org\/{rel}","templated":true}]}}