{"id":23856,"date":"2025-01-17T04:37:03","date_gmt":"2025-01-17T03:37:03","guid":{"rendered":"https:\/\/nelluxbeauty.com\/shop\/non class\u00e9\/film-couvrant-pour-les-sourcils-et-les-levres\/"},"modified":"2025-01-17T04:37:03","modified_gmt":"2025-01-17T03:37:03","slug":"film-couvrant-pour-les-sourcils-et-les-levres","status":"publish","type":"product","link":"https:\/\/nelluxbeauty.com\/fr\/shop\/soins-professionnels\/cils-fr\/produits-jetables-fr-2\/film-couvrant-pour-les-sourcils-et-les-levres\/","title":{"rendered":"Film couvrant pour les sourcils et les l\u00e8vres"},"content":{"rendered":"","protected":false},"excerpt":{"rendered":"<p>Film de poly\u00e9thyl\u00e8ne pour les proc\u00e9dures de bain de vapeur avec Lash Botox, la plastification des sourcils, les biowaves, les teintures permanentes ou au henn\u00e9.<\/p>\n","protected":false},"featured_media":23594,"template":"","meta":[],"product_brand":[],"product_cat":[1041,996,1013,1016,1017,1044,1036],"product_tag":[],"class_list":{"0":"post-23856","1":"product","2":"type-product","3":"status-publish","4":"has-post-thumbnail","6":"product_cat-cils-fr","7":"product_cat-sourcils-fr","8":"product_cat-accessoires","9":"product_cat-compensateurs","10":"product_cat-produits-jetables","11":"product_cat-produits-jetables-fr-2","12":"product_cat-produits-jetables-fr","14":"first","15":"instock","16":"taxable","17":"shipping-taxable","18":"purchasable","19":"product-type-simple"},"yoast_head":"<!-- This site is optimized with the Yoast SEO plugin v24.0 - https:\/\/yoast.com\/wordpress\/plugins\/seo\/ -->\n<title>Film couvrant pour les sourcils et les l\u00e8vres | NEL LUX BEAUTY<\/title>\n<meta name=\"robots\" content=\"index, follow, max-snippet:-1, max-image-preview:large, max-video-preview:-1\" \/>\n<link rel=\"canonical\" href=\"https:\/\/nelluxbeauty.com\/shop\/non%20class\u00e9\/film-couvrant-pour-les-sourcils-et-les-levres\/\" \/>\n<meta property=\"og:locale\" content=\"fr_FR\" \/>\n<meta property=\"og:type\" content=\"article\" \/>\n<meta property=\"og:title\" content=\"Film couvrant pour les sourcils et les l\u00e8vres | NEL LUX BEAUTY\" \/>\n<meta property=\"og:description\" content=\"Film de poly\u00e9thyl\u00e8ne pour les proc\u00e9dures de bain de vapeur avec Lash Botox, la plastification des sourcils, les biowaves, les teintures permanentes ou au henn\u00e9.\" \/>\n<meta property=\"og:url\" content=\"https:\/\/nelluxbeauty.com\/shop\/non class\u00e9\/film-couvrant-pour-les-sourcils-et-les-levres\/\" \/>\n<meta property=\"og:site_name\" content=\"NEL LUX BEAUTY\" \/>\n<meta name=\"twitter:card\" content=\"summary_large_image\" \/>\n<script type=\"application\/ld+json\" class=\"yoast-schema-graph\">{\"@context\":\"https:\/\/schema.org\",\"@graph\":[{\"@type\":\"WebPage\",\"@id\":\"https:\/\/nelluxbeauty.com\/shop\/non class\u00e9\/film-couvrant-pour-les-sourcils-et-les-levres\/\",\"url\":\"https:\/\/nelluxbeauty.com\/shop\/non class\u00e9\/film-couvrant-pour-les-sourcils-et-les-levres\/\",\"name\":\"Film couvrant pour les sourcils et les l\u00e8vres | NEL LUX BEAUTY\",\"isPartOf\":{\"@id\":\"https:\/\/nelluxbeauty.com\/#website\"},\"primaryImageOfPage\":{\"@id\":\"https:\/\/nelluxbeauty.com\/shop\/non class\u00e9\/film-couvrant-pour-les-sourcils-et-les-levres\/#primaryimage\"},\"image\":{\"@id\":\"https:\/\/nelluxbeauty.com\/shop\/non class\u00e9\/film-couvrant-pour-les-sourcils-et-les-levres\/#primaryimage\"},\"thumbnailUrl\":\"https:\/\/nelluxbeauty.com\/wp-content\/uploads\/2025\/01\/film.png\",\"datePublished\":\"2025-01-17T03:37:03+00:00\",\"dateModified\":\"2025-01-17T03:37:03+00:00\",\"breadcrumb\":{\"@id\":\"https:\/\/nelluxbeauty.com\/shop\/non class\u00e9\/film-couvrant-pour-les-sourcils-et-les-levres\/#breadcrumb\"},\"inLanguage\":\"fr-FR\",\"potentialAction\":[{\"@type\":\"ReadAction\",\"target\":[\"https:\/\/nelluxbeauty.com\/shop\/non class\u00e9\/film-couvrant-pour-les-sourcils-et-les-levres\/\"]}]},{\"@type\":\"ImageObject\",\"inLanguage\":\"fr-FR\",\"@id\":\"https:\/\/nelluxbeauty.com\/shop\/non class\u00e9\/film-couvrant-pour-les-sourcils-et-les-levres\/#primaryimage\",\"url\":\"https:\/\/nelluxbeauty.com\/wp-content\/uploads\/2025\/01\/film.png\",\"contentUrl\":\"https:\/\/nelluxbeauty.com\/wp-content\/uploads\/2025\/01\/film.png\",\"width\":680,\"height\":920},{\"@type\":\"BreadcrumbList\",\"@id\":\"https:\/\/nelluxbeauty.com\/shop\/non class\u00e9\/film-couvrant-pour-les-sourcils-et-les-levres\/#breadcrumb\",\"itemListElement\":[{\"@type\":\"ListItem\",\"position\":1,\"name\":\"Home\",\"item\":\"https:\/\/nelluxbeauty.com\/\"},{\"@type\":\"ListItem\",\"position\":2,\"name\":\"Shop\",\"item\":\"https:\/\/nelluxbeauty.com\/fr\/shop\/\"},{\"@type\":\"ListItem\",\"position\":3,\"name\":\"Film couvrant pour les sourcils et les l\u00e8vres\"}]},{\"@type\":\"WebSite\",\"@id\":\"https:\/\/nelluxbeauty.com\/#website\",\"url\":\"https:\/\/nelluxbeauty.com\/\",\"name\":\"NEL LUX BEAUTY\",\"description\":\"\",\"publisher\":{\"@id\":\"https:\/\/nelluxbeauty.com\/#organization\"},\"potentialAction\":[{\"@type\":\"SearchAction\",\"target\":{\"@type\":\"EntryPoint\",\"urlTemplate\":\"https:\/\/nelluxbeauty.com\/?s={search_term_string}\"},\"query-input\":{\"@type\":\"PropertyValueSpecification\",\"valueRequired\":true,\"valueName\":\"search_term_string\"}}],\"inLanguage\":\"fr-FR\"},{\"@type\":\"Organization\",\"@id\":\"https:\/\/nelluxbeauty.com\/#organization\",\"name\":\"NEL LUX BEAUTY\",\"url\":\"https:\/\/nelluxbeauty.com\/\",\"logo\":{\"@type\":\"ImageObject\",\"inLanguage\":\"fr-FR\",\"@id\":\"https:\/\/nelluxbeauty.com\/#\/schema\/logo\/image\/\",\"url\":\"https:\/\/nelluxbeauty.com\/wp-content\/uploads\/2024\/07\/nellux_beauty_logo.svg\",\"contentUrl\":\"https:\/\/nelluxbeauty.com\/wp-content\/uploads\/2024\/07\/nellux_beauty_logo.svg\",\"width\":305,\"height\":305,\"caption\":\"NEL LUX BEAUTY\"},\"image\":{\"@id\":\"https:\/\/nelluxbeauty.com\/#\/schema\/logo\/image\/\"}}]}<\/script>\n<!-- \/ Yoast SEO plugin. -->","yoast_head_json":{"title":"Film couvrant pour les sourcils et les l\u00e8vres | NEL LUX BEAUTY","robots":{"index":"index","follow":"follow","max-snippet":"max-snippet:-1","max-image-preview":"max-image-preview:large","max-video-preview":"max-video-preview:-1"},"canonical":"https:\/\/nelluxbeauty.com\/shop\/non class\u00e9\/film-couvrant-pour-les-sourcils-et-les-levres\/","og_locale":"fr_FR","og_type":"article","og_title":"Film couvrant pour les sourcils et les l\u00e8vres | NEL LUX BEAUTY","og_description":"Film de poly\u00e9thyl\u00e8ne pour les proc\u00e9dures de bain de vapeur avec Lash Botox, la plastification des sourcils, les biowaves, les teintures permanentes ou au henn\u00e9.","og_url":"https:\/\/nelluxbeauty.com\/shop\/non class\u00e9\/film-couvrant-pour-les-sourcils-et-les-levres\/","og_site_name":"NEL LUX BEAUTY","twitter_card":"summary_large_image","schema":{"@context":"https:\/\/schema.org","@graph":[{"@type":"WebPage","@id":"https:\/\/nelluxbeauty.com\/shop\/non class\u00e9\/film-couvrant-pour-les-sourcils-et-les-levres\/","url":"https:\/\/nelluxbeauty.com\/shop\/non class\u00e9\/film-couvrant-pour-les-sourcils-et-les-levres\/","name":"Film couvrant pour les sourcils et les l\u00e8vres | NEL LUX BEAUTY","isPartOf":{"@id":"https:\/\/nelluxbeauty.com\/#website"},"primaryImageOfPage":{"@id":"https:\/\/nelluxbeauty.com\/shop\/non class\u00e9\/film-couvrant-pour-les-sourcils-et-les-levres\/#primaryimage"},"image":{"@id":"https:\/\/nelluxbeauty.com\/shop\/non class\u00e9\/film-couvrant-pour-les-sourcils-et-les-levres\/#primaryimage"},"thumbnailUrl":"https:\/\/nelluxbeauty.com\/wp-content\/uploads\/2025\/01\/film.png","datePublished":"2025-01-17T03:37:03+00:00","dateModified":"2025-01-17T03:37:03+00:00","breadcrumb":{"@id":"https:\/\/nelluxbeauty.com\/shop\/non class\u00e9\/film-couvrant-pour-les-sourcils-et-les-levres\/#breadcrumb"},"inLanguage":"fr-FR","potentialAction":[{"@type":"ReadAction","target":["https:\/\/nelluxbeauty.com\/shop\/non class\u00e9\/film-couvrant-pour-les-sourcils-et-les-levres\/"]}]},{"@type":"ImageObject","inLanguage":"fr-FR","@id":"https:\/\/nelluxbeauty.com\/shop\/non class\u00e9\/film-couvrant-pour-les-sourcils-et-les-levres\/#primaryimage","url":"https:\/\/nelluxbeauty.com\/wp-content\/uploads\/2025\/01\/film.png","contentUrl":"https:\/\/nelluxbeauty.com\/wp-content\/uploads\/2025\/01\/film.png","width":680,"height":920},{"@type":"BreadcrumbList","@id":"https:\/\/nelluxbeauty.com\/shop\/non class\u00e9\/film-couvrant-pour-les-sourcils-et-les-levres\/#breadcrumb","itemListElement":[{"@type":"ListItem","position":1,"name":"Home","item":"https:\/\/nelluxbeauty.com\/"},{"@type":"ListItem","position":2,"name":"Shop","item":"https:\/\/nelluxbeauty.com\/fr\/shop\/"},{"@type":"ListItem","position":3,"name":"Film couvrant pour les sourcils et les l\u00e8vres"}]},{"@type":"WebSite","@id":"https:\/\/nelluxbeauty.com\/#website","url":"https:\/\/nelluxbeauty.com\/","name":"NEL LUX BEAUTY","description":"","publisher":{"@id":"https:\/\/nelluxbeauty.com\/#organization"},"potentialAction":[{"@type":"SearchAction","target":{"@type":"EntryPoint","urlTemplate":"https:\/\/nelluxbeauty.com\/?s={search_term_string}"},"query-input":{"@type":"PropertyValueSpecification","valueRequired":true,"valueName":"search_term_string"}}],"inLanguage":"fr-FR"},{"@type":"Organization","@id":"https:\/\/nelluxbeauty.com\/#organization","name":"NEL LUX BEAUTY","url":"https:\/\/nelluxbeauty.com\/","logo":{"@type":"ImageObject","inLanguage":"fr-FR","@id":"https:\/\/nelluxbeauty.com\/#\/schema\/logo\/image\/","url":"https:\/\/nelluxbeauty.com\/wp-content\/uploads\/2024\/07\/nellux_beauty_logo.svg","contentUrl":"https:\/\/nelluxbeauty.com\/wp-content\/uploads\/2024\/07\/nellux_beauty_logo.svg","width":305,"height":305,"caption":"NEL LUX BEAUTY"},"image":{"@id":"https:\/\/nelluxbeauty.com\/#\/schema\/logo\/image\/"}}]}},"_links":{"self":[{"href":"https:\/\/nelluxbeauty.com\/fr\/wp-json\/wp\/v2\/product\/23856","targetHints":{"allow":["GET"]}}],"collection":[{"href":"https:\/\/nelluxbeauty.com\/fr\/wp-json\/wp\/v2\/product"}],"about":[{"href":"https:\/\/nelluxbeauty.com\/fr\/wp-json\/wp\/v2\/types\/product"}],"version-history":[{"count":0,"href":"https:\/\/nelluxbeauty.com\/fr\/wp-json\/wp\/v2\/product\/23856\/revisions"}],"wp:featuredmedia":[{"embeddable":true,"href":"https:\/\/nelluxbeauty.com\/fr\/wp-json\/wp\/v2\/media\/23594"}],"wp:attachment":[{"href":"https:\/\/nelluxbeauty.com\/fr\/wp-json\/wp\/v2\/media?parent=23856"}],"wp:term":[{"taxonomy":"product_brand","embeddable":true,"href":"https:\/\/nelluxbeauty.com\/fr\/wp-json\/wp\/v2\/product_brand?post=23856"},{"taxonomy":"product_cat","embeddable":true,"href":"https:\/\/nelluxbeauty.com\/fr\/wp-json\/wp\/v2\/product_cat?post=23856"},{"taxonomy":"product_tag","embeddable":true,"href":"https:\/\/nelluxbeauty.com\/fr\/wp-json\/wp\/v2\/product_tag?post=23856"}],"curies":[{"name":"wp","href":"https:\/\/api.w.org\/{rel}","templated":true}]}}