{"id":23331,"date":"2025-01-13T16:49:18","date_gmt":"2025-01-13T15:49:18","guid":{"rendered":"https:\/\/nelluxbeauty.com\/shop\/non%20class\u00e9\/lami-carton-bag-s\/"},"modified":"2025-02-09T10:45:59","modified_gmt":"2025-02-09T09:45:59","slug":"lami-carton-bag-s","status":"publish","type":"product","link":"https:\/\/nelluxbeauty.com\/fr\/shop\/accessoires\/sacs\/lami-carton-bag-s\/","title":{"rendered":"Lami Carton Bag S"},"content":{"rendered":"","protected":false},"excerpt":{"rendered":"<p class=\"p1\">Nos sacs en carton sont con\u00e7us pour offrir une alternative durable et pratique aux solutions d&#8217;emballage et de transport traditionnelles. Fabriqu\u00e9s \u00e0 partir de mat\u00e9riaux durables et recycl\u00e9s, ces sacs sont non seulement respectueux de l&rsquo;environnement, mais aussi robustes et \u00e9l\u00e9gants. <\/p>\n<p class=\"p1\">Taille : 17x30cm<\/p>\n","protected":false},"featured_media":23327,"template":"","meta":[],"product_brand":[],"product_cat":[1014],"product_tag":[],"class_list":{"0":"post-23331","1":"product","2":"type-product","3":"status-publish","4":"has-post-thumbnail","6":"product_cat-sacs","8":"first","9":"instock","10":"taxable","11":"shipping-taxable","12":"purchasable","13":"product-type-simple"},"yoast_head":"<!-- This site is optimized with the Yoast SEO plugin v24.0 - https:\/\/yoast.com\/wordpress\/plugins\/seo\/ -->\n<title>Lami Carton Bag S | NEL LUX BEAUTY<\/title>\n<meta name=\"robots\" content=\"index, follow, max-snippet:-1, max-image-preview:large, max-video-preview:-1\" \/>\n<link rel=\"canonical\" href=\"https:\/\/nelluxbeauty.com\/fr\/shop\/accessoires\/sacs\/lami-carton-bag-s\/\" \/>\n<meta property=\"og:locale\" content=\"fr_FR\" \/>\n<meta property=\"og:type\" content=\"article\" \/>\n<meta property=\"og:title\" content=\"Lami Carton Bag S | NEL LUX BEAUTY\" \/>\n<meta property=\"og:description\" content=\"Nos sacs en carton sont con\u00e7us pour offrir une alternative durable et pratique aux solutions d&#039;emballage et de transport traditionnelles. Fabriqu\u00e9s \u00e0 partir de mat\u00e9riaux durables et recycl\u00e9s, ces sacs sont non seulement respectueux de l&#039;environnement, mais aussi robustes et \u00e9l\u00e9gants.            Taille : 17x30cm\" \/>\n<meta property=\"og:url\" content=\"https:\/\/nelluxbeauty.com\/fr\/shop\/accessoires\/sacs\/lami-carton-bag-s\/\" \/>\n<meta property=\"og:site_name\" content=\"NEL LUX BEAUTY\" \/>\n<meta property=\"article:modified_time\" content=\"2025-02-09T09:45:59+00:00\" \/>\n<meta property=\"og:image\" content=\"https:\/\/nelluxbeauty.com\/wp-content\/uploads\/2025\/01\/2-4.jpg\" \/>\n\t<meta property=\"og:image:width\" content=\"680\" \/>\n\t<meta property=\"og:image:height\" content=\"920\" \/>\n\t<meta property=\"og:image:type\" content=\"image\/jpeg\" \/>\n<meta name=\"twitter:card\" content=\"summary_large_image\" \/>\n<script type=\"application\/ld+json\" class=\"yoast-schema-graph\">{\"@context\":\"https:\/\/schema.org\",\"@graph\":[{\"@type\":\"WebPage\",\"@id\":\"https:\/\/nelluxbeauty.com\/fr\/shop\/accessoires\/sacs\/lami-carton-bag-s\/\",\"url\":\"https:\/\/nelluxbeauty.com\/fr\/shop\/accessoires\/sacs\/lami-carton-bag-s\/\",\"name\":\"Lami Carton Bag S | NEL LUX BEAUTY\",\"isPartOf\":{\"@id\":\"https:\/\/nelluxbeauty.com\/#website\"},\"primaryImageOfPage\":{\"@id\":\"https:\/\/nelluxbeauty.com\/fr\/shop\/accessoires\/sacs\/lami-carton-bag-s\/#primaryimage\"},\"image\":{\"@id\":\"https:\/\/nelluxbeauty.com\/fr\/shop\/accessoires\/sacs\/lami-carton-bag-s\/#primaryimage\"},\"thumbnailUrl\":\"https:\/\/nelluxbeauty.com\/wp-content\/uploads\/2025\/01\/2-4.jpg\",\"datePublished\":\"2025-01-13T15:49:18+00:00\",\"dateModified\":\"2025-02-09T09:45:59+00:00\",\"breadcrumb\":{\"@id\":\"https:\/\/nelluxbeauty.com\/fr\/shop\/accessoires\/sacs\/lami-carton-bag-s\/#breadcrumb\"},\"inLanguage\":\"fr-FR\",\"potentialAction\":[{\"@type\":\"ReadAction\",\"target\":[\"https:\/\/nelluxbeauty.com\/fr\/shop\/accessoires\/sacs\/lami-carton-bag-s\/\"]}]},{\"@type\":\"ImageObject\",\"inLanguage\":\"fr-FR\",\"@id\":\"https:\/\/nelluxbeauty.com\/fr\/shop\/accessoires\/sacs\/lami-carton-bag-s\/#primaryimage\",\"url\":\"https:\/\/nelluxbeauty.com\/wp-content\/uploads\/2025\/01\/2-4.jpg\",\"contentUrl\":\"https:\/\/nelluxbeauty.com\/wp-content\/uploads\/2025\/01\/2-4.jpg\",\"width\":680,\"height\":920,\"caption\":\"xr:d:DAFNgTNM9Nw:58,j:5804410836092055795,t:23071714\"},{\"@type\":\"BreadcrumbList\",\"@id\":\"https:\/\/nelluxbeauty.com\/fr\/shop\/accessoires\/sacs\/lami-carton-bag-s\/#breadcrumb\",\"itemListElement\":[{\"@type\":\"ListItem\",\"position\":1,\"name\":\"Home\",\"item\":\"https:\/\/nelluxbeauty.com\/\"},{\"@type\":\"ListItem\",\"position\":2,\"name\":\"Shop\",\"item\":\"https:\/\/nelluxbeauty.com\/fr\/shop\/\"},{\"@type\":\"ListItem\",\"position\":3,\"name\":\"Lami Carton Bag S\"}]},{\"@type\":\"WebSite\",\"@id\":\"https:\/\/nelluxbeauty.com\/#website\",\"url\":\"https:\/\/nelluxbeauty.com\/\",\"name\":\"NEL LUX BEAUTY\",\"description\":\"\",\"publisher\":{\"@id\":\"https:\/\/nelluxbeauty.com\/#organization\"},\"potentialAction\":[{\"@type\":\"SearchAction\",\"target\":{\"@type\":\"EntryPoint\",\"urlTemplate\":\"https:\/\/nelluxbeauty.com\/?s={search_term_string}\"},\"query-input\":{\"@type\":\"PropertyValueSpecification\",\"valueRequired\":true,\"valueName\":\"search_term_string\"}}],\"inLanguage\":\"fr-FR\"},{\"@type\":\"Organization\",\"@id\":\"https:\/\/nelluxbeauty.com\/#organization\",\"name\":\"NEL LUX BEAUTY\",\"url\":\"https:\/\/nelluxbeauty.com\/\",\"logo\":{\"@type\":\"ImageObject\",\"inLanguage\":\"fr-FR\",\"@id\":\"https:\/\/nelluxbeauty.com\/#\/schema\/logo\/image\/\",\"url\":\"https:\/\/nelluxbeauty.com\/wp-content\/uploads\/2024\/07\/nellux_beauty_logo.svg\",\"contentUrl\":\"https:\/\/nelluxbeauty.com\/wp-content\/uploads\/2024\/07\/nellux_beauty_logo.svg\",\"width\":305,\"height\":305,\"caption\":\"NEL LUX BEAUTY\"},\"image\":{\"@id\":\"https:\/\/nelluxbeauty.com\/#\/schema\/logo\/image\/\"}}]}<\/script>\n<!-- \/ Yoast SEO plugin. -->","yoast_head_json":{"title":"Lami Carton Bag S | NEL LUX BEAUTY","robots":{"index":"index","follow":"follow","max-snippet":"max-snippet:-1","max-image-preview":"max-image-preview:large","max-video-preview":"max-video-preview:-1"},"canonical":"https:\/\/nelluxbeauty.com\/fr\/shop\/accessoires\/sacs\/lami-carton-bag-s\/","og_locale":"fr_FR","og_type":"article","og_title":"Lami Carton Bag S | NEL LUX BEAUTY","og_description":"Nos sacs en carton sont con\u00e7us pour offrir une alternative durable et pratique aux solutions d'emballage et de transport traditionnelles. Fabriqu\u00e9s \u00e0 partir de mat\u00e9riaux durables et recycl\u00e9s, ces sacs sont non seulement respectueux de l'environnement, mais aussi robustes et \u00e9l\u00e9gants.            Taille : 17x30cm","og_url":"https:\/\/nelluxbeauty.com\/fr\/shop\/accessoires\/sacs\/lami-carton-bag-s\/","og_site_name":"NEL LUX BEAUTY","article_modified_time":"2025-02-09T09:45:59+00:00","og_image":[{"width":680,"height":920,"url":"https:\/\/nelluxbeauty.com\/wp-content\/uploads\/2025\/01\/2-4.jpg","type":"image\/jpeg"}],"twitter_card":"summary_large_image","schema":{"@context":"https:\/\/schema.org","@graph":[{"@type":"WebPage","@id":"https:\/\/nelluxbeauty.com\/fr\/shop\/accessoires\/sacs\/lami-carton-bag-s\/","url":"https:\/\/nelluxbeauty.com\/fr\/shop\/accessoires\/sacs\/lami-carton-bag-s\/","name":"Lami Carton Bag S | NEL LUX BEAUTY","isPartOf":{"@id":"https:\/\/nelluxbeauty.com\/#website"},"primaryImageOfPage":{"@id":"https:\/\/nelluxbeauty.com\/fr\/shop\/accessoires\/sacs\/lami-carton-bag-s\/#primaryimage"},"image":{"@id":"https:\/\/nelluxbeauty.com\/fr\/shop\/accessoires\/sacs\/lami-carton-bag-s\/#primaryimage"},"thumbnailUrl":"https:\/\/nelluxbeauty.com\/wp-content\/uploads\/2025\/01\/2-4.jpg","datePublished":"2025-01-13T15:49:18+00:00","dateModified":"2025-02-09T09:45:59+00:00","breadcrumb":{"@id":"https:\/\/nelluxbeauty.com\/fr\/shop\/accessoires\/sacs\/lami-carton-bag-s\/#breadcrumb"},"inLanguage":"fr-FR","potentialAction":[{"@type":"ReadAction","target":["https:\/\/nelluxbeauty.com\/fr\/shop\/accessoires\/sacs\/lami-carton-bag-s\/"]}]},{"@type":"ImageObject","inLanguage":"fr-FR","@id":"https:\/\/nelluxbeauty.com\/fr\/shop\/accessoires\/sacs\/lami-carton-bag-s\/#primaryimage","url":"https:\/\/nelluxbeauty.com\/wp-content\/uploads\/2025\/01\/2-4.jpg","contentUrl":"https:\/\/nelluxbeauty.com\/wp-content\/uploads\/2025\/01\/2-4.jpg","width":680,"height":920,"caption":"xr:d:DAFNgTNM9Nw:58,j:5804410836092055795,t:23071714"},{"@type":"BreadcrumbList","@id":"https:\/\/nelluxbeauty.com\/fr\/shop\/accessoires\/sacs\/lami-carton-bag-s\/#breadcrumb","itemListElement":[{"@type":"ListItem","position":1,"name":"Home","item":"https:\/\/nelluxbeauty.com\/"},{"@type":"ListItem","position":2,"name":"Shop","item":"https:\/\/nelluxbeauty.com\/fr\/shop\/"},{"@type":"ListItem","position":3,"name":"Lami Carton Bag S"}]},{"@type":"WebSite","@id":"https:\/\/nelluxbeauty.com\/#website","url":"https:\/\/nelluxbeauty.com\/","name":"NEL LUX BEAUTY","description":"","publisher":{"@id":"https:\/\/nelluxbeauty.com\/#organization"},"potentialAction":[{"@type":"SearchAction","target":{"@type":"EntryPoint","urlTemplate":"https:\/\/nelluxbeauty.com\/?s={search_term_string}"},"query-input":{"@type":"PropertyValueSpecification","valueRequired":true,"valueName":"search_term_string"}}],"inLanguage":"fr-FR"},{"@type":"Organization","@id":"https:\/\/nelluxbeauty.com\/#organization","name":"NEL LUX BEAUTY","url":"https:\/\/nelluxbeauty.com\/","logo":{"@type":"ImageObject","inLanguage":"fr-FR","@id":"https:\/\/nelluxbeauty.com\/#\/schema\/logo\/image\/","url":"https:\/\/nelluxbeauty.com\/wp-content\/uploads\/2024\/07\/nellux_beauty_logo.svg","contentUrl":"https:\/\/nelluxbeauty.com\/wp-content\/uploads\/2024\/07\/nellux_beauty_logo.svg","width":305,"height":305,"caption":"NEL LUX BEAUTY"},"image":{"@id":"https:\/\/nelluxbeauty.com\/#\/schema\/logo\/image\/"}}]}},"_links":{"self":[{"href":"https:\/\/nelluxbeauty.com\/fr\/wp-json\/wp\/v2\/product\/23331","targetHints":{"allow":["GET"]}}],"collection":[{"href":"https:\/\/nelluxbeauty.com\/fr\/wp-json\/wp\/v2\/product"}],"about":[{"href":"https:\/\/nelluxbeauty.com\/fr\/wp-json\/wp\/v2\/types\/product"}],"version-history":[{"count":0,"href":"https:\/\/nelluxbeauty.com\/fr\/wp-json\/wp\/v2\/product\/23331\/revisions"}],"wp:featuredmedia":[{"embeddable":true,"href":"https:\/\/nelluxbeauty.com\/fr\/wp-json\/wp\/v2\/media\/23327"}],"wp:attachment":[{"href":"https:\/\/nelluxbeauty.com\/fr\/wp-json\/wp\/v2\/media?parent=23331"}],"wp:term":[{"taxonomy":"product_brand","embeddable":true,"href":"https:\/\/nelluxbeauty.com\/fr\/wp-json\/wp\/v2\/product_brand?post=23331"},{"taxonomy":"product_cat","embeddable":true,"href":"https:\/\/nelluxbeauty.com\/fr\/wp-json\/wp\/v2\/product_cat?post=23331"},{"taxonomy":"product_tag","embeddable":true,"href":"https:\/\/nelluxbeauty.com\/fr\/wp-json\/wp\/v2\/product_tag?post=23331"}],"curies":[{"name":"wp","href":"https:\/\/api.w.org\/{rel}","templated":true}]}}