{"id":23240,"date":"2024-12-19T15:44:10","date_gmt":"2024-12-19T14:44:10","guid":{"rendered":"https:\/\/nelluxbeauty.com\/shop\/non class\u00e9\/modele-de-sourcils-autocollants-12pcs\/"},"modified":"2024-12-19T15:44:10","modified_gmt":"2024-12-19T14:44:10","slug":"modele-de-sourcils-autocollants-12pcs","status":"publish","type":"product","link":"https:\/\/nelluxbeauty.com\/fr\/shop\/soins-professionnels\/sourcils-fr\/aerographe\/modele-de-sourcils-autocollants-12pcs\/","title":{"rendered":"Mod\u00e8le de sourcils autocollants 12pcs"},"content":{"rendered":"<p>Mode d&#8217;emploi :<br \/>\n1. Selon la forme des sourcils, retirez les autocollants auxiliaires de tatouage de sourcils similaires.<br \/>\n2. Collez le long du bord de la forme des sourcils, et ajustez le rayon de fa\u00e7on appropri\u00e9e.<br \/>\n3. Appliquez les produits auxiliaires li\u00e9s au tatouage de sourcils, aussi bien \u00e0 la machine qu&rsquo;au stylo manuel.<br \/>\n4. Une fois l&rsquo;op\u00e9ration termin\u00e9e, il suffit de d\u00e9chirer l&rsquo;autocollant auxiliaire.<\/p>\n","protected":false},"excerpt":{"rendered":"<p>Les autocollants auxiliaires pour le tatouage des sourcils sont divis\u00e9s en A, B et C, 3 styles d&rsquo;arc diff\u00e9rents, vous pouvez choisir un style de sourcil plus proche en fonction de l&rsquo;arc des sourcils du client.<br \/>\nFabriqu\u00e9 \u00e0 partir de gel de silice et d&rsquo;adh\u00e9sif organique, il est stable et respectueux de la peau, \u00e0 usage unique, pratique et rapide.<\/p>\n","protected":false},"featured_media":22873,"template":"","meta":[],"product_brand":[],"product_cat":[995,996,1033,1036],"product_tag":[],"class_list":{"0":"post-23240","1":"product","2":"type-product","3":"status-publish","4":"has-post-thumbnail","6":"product_cat-soins-professionnels","7":"product_cat-sourcils-fr","8":"product_cat-aerographe","9":"product_cat-produits-jetables-fr","11":"first","12":"instock","13":"taxable","14":"shipping-taxable","15":"purchasable","16":"product-type-simple"},"yoast_head":"<!-- This site is optimized with the Yoast SEO plugin v24.0 - https:\/\/yoast.com\/wordpress\/plugins\/seo\/ -->\n<title>Mod\u00e8le de sourcils autocollants 12pcs | NEL LUX BEAUTY<\/title>\n<meta name=\"robots\" content=\"index, follow, max-snippet:-1, max-image-preview:large, max-video-preview:-1\" \/>\n<link rel=\"canonical\" href=\"https:\/\/nelluxbeauty.com\/shop\/non%20class\u00e9\/modele-de-sourcils-autocollants-12pcs\/\" \/>\n<meta property=\"og:locale\" content=\"fr_FR\" \/>\n<meta property=\"og:type\" content=\"article\" \/>\n<meta property=\"og:title\" content=\"Mod\u00e8le de sourcils autocollants 12pcs | NEL LUX BEAUTY\" \/>\n<meta property=\"og:description\" content=\"Les autocollants auxiliaires pour le tatouage des sourcils sont divis\u00e9s en A, B et C, 3 styles d&#039;arc diff\u00e9rents, vous pouvez choisir un style de sourcil plus proche en fonction de l&#039;arc des sourcils du client. Fabriqu\u00e9 \u00e0 partir de gel de silice et d&#039;adh\u00e9sif organique, il est stable et respectueux de la peau, \u00e0 usage unique, pratique et rapide.\" \/>\n<meta property=\"og:url\" content=\"https:\/\/nelluxbeauty.com\/shop\/non class\u00e9\/modele-de-sourcils-autocollants-12pcs\/\" \/>\n<meta property=\"og:site_name\" content=\"NEL LUX BEAUTY\" \/>\n<meta name=\"twitter:card\" content=\"summary_large_image\" \/>\n<script type=\"application\/ld+json\" class=\"yoast-schema-graph\">{\"@context\":\"https:\/\/schema.org\",\"@graph\":[{\"@type\":\"WebPage\",\"@id\":\"https:\/\/nelluxbeauty.com\/shop\/non class\u00e9\/modele-de-sourcils-autocollants-12pcs\/\",\"url\":\"https:\/\/nelluxbeauty.com\/shop\/non class\u00e9\/modele-de-sourcils-autocollants-12pcs\/\",\"name\":\"Mod\u00e8le de sourcils autocollants 12pcs | NEL LUX BEAUTY\",\"isPartOf\":{\"@id\":\"https:\/\/nelluxbeauty.com\/#website\"},\"primaryImageOfPage\":{\"@id\":\"https:\/\/nelluxbeauty.com\/shop\/non class\u00e9\/modele-de-sourcils-autocollants-12pcs\/#primaryimage\"},\"image\":{\"@id\":\"https:\/\/nelluxbeauty.com\/shop\/non class\u00e9\/modele-de-sourcils-autocollants-12pcs\/#primaryimage\"},\"thumbnailUrl\":\"https:\/\/nelluxbeauty.com\/wp-content\/uploads\/2024\/12\/stickers.jpg\",\"datePublished\":\"2024-12-19T14:44:10+00:00\",\"dateModified\":\"2024-12-19T14:44:10+00:00\",\"breadcrumb\":{\"@id\":\"https:\/\/nelluxbeauty.com\/shop\/non class\u00e9\/modele-de-sourcils-autocollants-12pcs\/#breadcrumb\"},\"inLanguage\":\"fr-FR\",\"potentialAction\":[{\"@type\":\"ReadAction\",\"target\":[\"https:\/\/nelluxbeauty.com\/shop\/non class\u00e9\/modele-de-sourcils-autocollants-12pcs\/\"]}]},{\"@type\":\"ImageObject\",\"inLanguage\":\"fr-FR\",\"@id\":\"https:\/\/nelluxbeauty.com\/shop\/non class\u00e9\/modele-de-sourcils-autocollants-12pcs\/#primaryimage\",\"url\":\"https:\/\/nelluxbeauty.com\/wp-content\/uploads\/2024\/12\/stickers.jpg\",\"contentUrl\":\"https:\/\/nelluxbeauty.com\/wp-content\/uploads\/2024\/12\/stickers.jpg\",\"width\":680,\"height\":920,\"caption\":\"xr:d:DAFQIhZ5AAE:170,j:8906289049697705725,t:24030604\"},{\"@type\":\"BreadcrumbList\",\"@id\":\"https:\/\/nelluxbeauty.com\/shop\/non class\u00e9\/modele-de-sourcils-autocollants-12pcs\/#breadcrumb\",\"itemListElement\":[{\"@type\":\"ListItem\",\"position\":1,\"name\":\"Home\",\"item\":\"https:\/\/nelluxbeauty.com\/\"},{\"@type\":\"ListItem\",\"position\":2,\"name\":\"Shop\",\"item\":\"https:\/\/nelluxbeauty.com\/fr\/shop\/\"},{\"@type\":\"ListItem\",\"position\":3,\"name\":\"Mod\u00e8le de sourcils autocollants 12pcs\"}]},{\"@type\":\"WebSite\",\"@id\":\"https:\/\/nelluxbeauty.com\/#website\",\"url\":\"https:\/\/nelluxbeauty.com\/\",\"name\":\"NEL LUX BEAUTY\",\"description\":\"\",\"publisher\":{\"@id\":\"https:\/\/nelluxbeauty.com\/#organization\"},\"potentialAction\":[{\"@type\":\"SearchAction\",\"target\":{\"@type\":\"EntryPoint\",\"urlTemplate\":\"https:\/\/nelluxbeauty.com\/?s={search_term_string}\"},\"query-input\":{\"@type\":\"PropertyValueSpecification\",\"valueRequired\":true,\"valueName\":\"search_term_string\"}}],\"inLanguage\":\"fr-FR\"},{\"@type\":\"Organization\",\"@id\":\"https:\/\/nelluxbeauty.com\/#organization\",\"name\":\"NEL LUX BEAUTY\",\"url\":\"https:\/\/nelluxbeauty.com\/\",\"logo\":{\"@type\":\"ImageObject\",\"inLanguage\":\"fr-FR\",\"@id\":\"https:\/\/nelluxbeauty.com\/#\/schema\/logo\/image\/\",\"url\":\"https:\/\/nelluxbeauty.com\/wp-content\/uploads\/2024\/07\/nellux_beauty_logo.svg\",\"contentUrl\":\"https:\/\/nelluxbeauty.com\/wp-content\/uploads\/2024\/07\/nellux_beauty_logo.svg\",\"width\":305,\"height\":305,\"caption\":\"NEL LUX BEAUTY\"},\"image\":{\"@id\":\"https:\/\/nelluxbeauty.com\/#\/schema\/logo\/image\/\"}}]}<\/script>\n<!-- \/ Yoast SEO plugin. -->","yoast_head_json":{"title":"Mod\u00e8le de sourcils autocollants 12pcs | NEL LUX BEAUTY","robots":{"index":"index","follow":"follow","max-snippet":"max-snippet:-1","max-image-preview":"max-image-preview:large","max-video-preview":"max-video-preview:-1"},"canonical":"https:\/\/nelluxbeauty.com\/shop\/non class\u00e9\/modele-de-sourcils-autocollants-12pcs\/","og_locale":"fr_FR","og_type":"article","og_title":"Mod\u00e8le de sourcils autocollants 12pcs | NEL LUX BEAUTY","og_description":"Les autocollants auxiliaires pour le tatouage des sourcils sont divis\u00e9s en A, B et C, 3 styles d'arc diff\u00e9rents, vous pouvez choisir un style de sourcil plus proche en fonction de l'arc des sourcils du client. Fabriqu\u00e9 \u00e0 partir de gel de silice et d'adh\u00e9sif organique, il est stable et respectueux de la peau, \u00e0 usage unique, pratique et rapide.","og_url":"https:\/\/nelluxbeauty.com\/shop\/non class\u00e9\/modele-de-sourcils-autocollants-12pcs\/","og_site_name":"NEL LUX BEAUTY","twitter_card":"summary_large_image","schema":{"@context":"https:\/\/schema.org","@graph":[{"@type":"WebPage","@id":"https:\/\/nelluxbeauty.com\/shop\/non class\u00e9\/modele-de-sourcils-autocollants-12pcs\/","url":"https:\/\/nelluxbeauty.com\/shop\/non class\u00e9\/modele-de-sourcils-autocollants-12pcs\/","name":"Mod\u00e8le de sourcils autocollants 12pcs | NEL LUX BEAUTY","isPartOf":{"@id":"https:\/\/nelluxbeauty.com\/#website"},"primaryImageOfPage":{"@id":"https:\/\/nelluxbeauty.com\/shop\/non class\u00e9\/modele-de-sourcils-autocollants-12pcs\/#primaryimage"},"image":{"@id":"https:\/\/nelluxbeauty.com\/shop\/non class\u00e9\/modele-de-sourcils-autocollants-12pcs\/#primaryimage"},"thumbnailUrl":"https:\/\/nelluxbeauty.com\/wp-content\/uploads\/2024\/12\/stickers.jpg","datePublished":"2024-12-19T14:44:10+00:00","dateModified":"2024-12-19T14:44:10+00:00","breadcrumb":{"@id":"https:\/\/nelluxbeauty.com\/shop\/non class\u00e9\/modele-de-sourcils-autocollants-12pcs\/#breadcrumb"},"inLanguage":"fr-FR","potentialAction":[{"@type":"ReadAction","target":["https:\/\/nelluxbeauty.com\/shop\/non class\u00e9\/modele-de-sourcils-autocollants-12pcs\/"]}]},{"@type":"ImageObject","inLanguage":"fr-FR","@id":"https:\/\/nelluxbeauty.com\/shop\/non class\u00e9\/modele-de-sourcils-autocollants-12pcs\/#primaryimage","url":"https:\/\/nelluxbeauty.com\/wp-content\/uploads\/2024\/12\/stickers.jpg","contentUrl":"https:\/\/nelluxbeauty.com\/wp-content\/uploads\/2024\/12\/stickers.jpg","width":680,"height":920,"caption":"xr:d:DAFQIhZ5AAE:170,j:8906289049697705725,t:24030604"},{"@type":"BreadcrumbList","@id":"https:\/\/nelluxbeauty.com\/shop\/non class\u00e9\/modele-de-sourcils-autocollants-12pcs\/#breadcrumb","itemListElement":[{"@type":"ListItem","position":1,"name":"Home","item":"https:\/\/nelluxbeauty.com\/"},{"@type":"ListItem","position":2,"name":"Shop","item":"https:\/\/nelluxbeauty.com\/fr\/shop\/"},{"@type":"ListItem","position":3,"name":"Mod\u00e8le de sourcils autocollants 12pcs"}]},{"@type":"WebSite","@id":"https:\/\/nelluxbeauty.com\/#website","url":"https:\/\/nelluxbeauty.com\/","name":"NEL LUX BEAUTY","description":"","publisher":{"@id":"https:\/\/nelluxbeauty.com\/#organization"},"potentialAction":[{"@type":"SearchAction","target":{"@type":"EntryPoint","urlTemplate":"https:\/\/nelluxbeauty.com\/?s={search_term_string}"},"query-input":{"@type":"PropertyValueSpecification","valueRequired":true,"valueName":"search_term_string"}}],"inLanguage":"fr-FR"},{"@type":"Organization","@id":"https:\/\/nelluxbeauty.com\/#organization","name":"NEL LUX BEAUTY","url":"https:\/\/nelluxbeauty.com\/","logo":{"@type":"ImageObject","inLanguage":"fr-FR","@id":"https:\/\/nelluxbeauty.com\/#\/schema\/logo\/image\/","url":"https:\/\/nelluxbeauty.com\/wp-content\/uploads\/2024\/07\/nellux_beauty_logo.svg","contentUrl":"https:\/\/nelluxbeauty.com\/wp-content\/uploads\/2024\/07\/nellux_beauty_logo.svg","width":305,"height":305,"caption":"NEL LUX BEAUTY"},"image":{"@id":"https:\/\/nelluxbeauty.com\/#\/schema\/logo\/image\/"}}]}},"_links":{"self":[{"href":"https:\/\/nelluxbeauty.com\/fr\/wp-json\/wp\/v2\/product\/23240","targetHints":{"allow":["GET"]}}],"collection":[{"href":"https:\/\/nelluxbeauty.com\/fr\/wp-json\/wp\/v2\/product"}],"about":[{"href":"https:\/\/nelluxbeauty.com\/fr\/wp-json\/wp\/v2\/types\/product"}],"version-history":[{"count":0,"href":"https:\/\/nelluxbeauty.com\/fr\/wp-json\/wp\/v2\/product\/23240\/revisions"}],"wp:featuredmedia":[{"embeddable":true,"href":"https:\/\/nelluxbeauty.com\/fr\/wp-json\/wp\/v2\/media\/22873"}],"wp:attachment":[{"href":"https:\/\/nelluxbeauty.com\/fr\/wp-json\/wp\/v2\/media?parent=23240"}],"wp:term":[{"taxonomy":"product_brand","embeddable":true,"href":"https:\/\/nelluxbeauty.com\/fr\/wp-json\/wp\/v2\/product_brand?post=23240"},{"taxonomy":"product_cat","embeddable":true,"href":"https:\/\/nelluxbeauty.com\/fr\/wp-json\/wp\/v2\/product_cat?post=23240"},{"taxonomy":"product_tag","embeddable":true,"href":"https:\/\/nelluxbeauty.com\/fr\/wp-json\/wp\/v2\/product_tag?post=23240"}],"curies":[{"name":"wp","href":"https:\/\/api.w.org\/{rel}","templated":true}]}}