{"id":22985,"date":"2024-12-20T16:26:34","date_gmt":"2024-12-20T15:26:34","guid":{"rendered":"https:\/\/nelluxbeauty.com\/?post_type=product&#038;p=22985"},"modified":"2025-01-04T15:38:42","modified_gmt":"2025-01-04T14:38:42","slug":"lami-lashes-brows-lacolor-lift-fix-airless-sachets-copy","status":"publish","type":"product","link":"https:\/\/nelluxbeauty.com\/fr\/shop\/soins-professionnels\/cils-fr\/solutions-fr-3\/lami-lashes-brows-lacolor-lift-fix-airless-sachets-copy\/","title":{"rendered":"\u00ab\u00a0Lami Lashes &amp; Brows La&rsquo;Color Lift &amp; Fix\u00a0\u00bb Sachets 0,8ml"},"content":{"rendered":"<h2>Protocole d&rsquo;instruction pour la plastification des cils avec \u00ab\u00a0Lami Lashes La&rsquo;Color\u00a0\u00bb :<\/h2>\n<ol>\n<li><strong>Nettoyez les<\/strong> cils avec la mousse \u00ab\u00a0Lami Lashes Foam\u00a0\u00bb.<br \/>\nPressez une pression de mousse sur la brosse de nettoyage des cils, nettoyez les cils et rincez \u00e0 l&rsquo;eau. <\/li>\n<li><strong>Choisissez<\/strong> un rouleau en silicone en fonction de la taille des cils.<\/li>\n<li><strong>\u00c0 l&rsquo;aide de la<\/strong> colle Lami Lashes et de l&rsquo;applicateur, collez les cils sur le rouleau en silicone.<\/li>\n<li><strong>Appliquez<\/strong> la composition \u00ab\u00a0Lami Lashes La&rsquo;Color Lift\u00a0\u00bb sur les cils en ligne droite, en reculant de 1 mm de la racine sans appliquer sur les extr\u00e9mit\u00e9s des cils.<br \/>\nMaintenez le produit sur les cils fins pendant 4-5 minutes, sur les cils moyens pendant 5-6 minutes et sur les cils durs pendant 6-10 minutes.<br \/>\n\u00c0 la fin du temps imparti, retirez la composition \u00e0 l&rsquo;aide d&rsquo;une brosse en effectuant des mouvements r\u00e9guliers de la racine \u00e0 la pointe des cils.  <\/li>\n<li><strong>Appliquez<\/strong> la composition \u00ab\u00a0Lami Lashes La&rsquo;Color Fix\u00a0\u00bb sur les cils en ligne droite, en reculant de 1 mm de la racine sans appliquer sur les extr\u00e9mit\u00e9s.<br \/>\nGardez le produit sur les cils fins pendant 4-5 minutes, sur les cils moyens pendant 5-6 minutes et sur les cils durs pendant 6-10 minutes.<br \/>\n\u00c0 la fin du temps de pose, retirez le produit \u00e0 l&rsquo;aide d&rsquo;une brosse en effectuant des mouvements r\u00e9guliers de la racine \u00e0 la pointe des cils.  <\/li>\n<li><strong>Colorez<\/strong> les cils avec de la teinture pour cils.<\/li>\n<li><strong>Appliquez le<\/strong> \u00ab\u00a0Lami Lashes 3D Filler\u00a0\u00bb sur tous les cils pendant 2 \u00e0 5 minutes.<br \/>\nRetirez le produit en effectuant des mouvements r\u00e9guliers de la racine \u00e0 la pointe des cils. <\/li>\n<li><strong>Nettoyez<\/strong> les cils des restes de colle et de formules \u00e0 l&rsquo;aide d&rsquo;un coton-tige humide.<br \/>\nRetirez le rouleau en silicone. <\/li>\n<li><strong>Appliquez la<\/strong> composition \u00ab\u00a0Lami Lashes Ceramide Finish Gel\u00a0\u00bb \u00e0 l&rsquo;aide d&rsquo;une brosse \u00e0 vis et laissez agir jusqu&rsquo;\u00e0 absorption compl\u00e8te.<\/li>\n<\/ol>\n<h2>Protocole-instruction pour la plastification des sourcils avec \u00ab\u00a0Lami Lashes La&rsquo;Color\u00a0\u00bb :<\/h2>\n<ol>\n<li><strong>Nettoyez<\/strong> les sourcils avec la mousse Lami Lashes.<br \/>\nPressez un clic sur la brosse nettoyante, nettoyez les sourcils et rincez \u00e0 l&rsquo;eau. <\/li>\n<li><strong>Appliquez<\/strong> la composition \u00ab\u00a0Lami Lashes La&rsquo;Color Lift\u00a0\u00bb sur les sourcils et recouvrez d&rsquo;un film.<br \/>\nLaissez agir 2 \u00e0 3 minutes sur les poils fins, 3 \u00e0 4 minutes sur les poils moyens et 5 \u00e0 6 minutes sur les poils \u00e9pais.<br \/>\n\u00c0 la fin du temps, retirez la composition \u00e0 l&rsquo;aide d&rsquo;une brosse en effectuant des mouvements r\u00e9guliers de la racine \u00e0 la pointe.<br \/>\nPeignez \u00e0 l&rsquo;aide d&rsquo;une brosse \u00e0 vis, en cr\u00e9ant la forme souhait\u00e9e.   <\/li>\n<li><strong>Appliquez<\/strong> la composition \u00ab\u00a0Lami Lashes La&rsquo;Color Fix\u00a0\u00bb sur les sourcils et recouvrez d&rsquo;un film.<br \/>\nLaissez agir 2 \u00e0 3 minutes sur les poils fins, 3 \u00e0 4 minutes sur les poils moyens et 5 \u00e0 6 minutes sur les poils \u00e9pais.<br \/>\n\u00c0 la fin du temps, retirez la composition \u00e0 l&rsquo;aide d&rsquo;une brosse en effectuant des mouvements r\u00e9guliers de la racine \u00e0 la pointe.<br \/>\nPeignez \u00e0 l&rsquo;aide d&rsquo;une brosse \u00e0 vis, en cr\u00e9ant la forme souhait\u00e9e.   <\/li>\n<li><strong>Colorez<\/strong> les poils avec de la peinture.<\/li>\n<li><strong>Appliquez le<\/strong> \u00ab\u00a0Lami Lashes 3D Filler\u00a0\u00bb sur les sourcils et maintenez-le pendant 2 \u00e0 5 minutes. Peignez avec une brosse \u00e0 vis, en cr\u00e9ant la forme d\u00e9sir\u00e9e. <\/li>\n<li><strong>Appliquez la<\/strong> composition \u00ab\u00a0Lami Lashes Ceramide Finish Gel\u00a0\u00bb \u00e0 l&rsquo;aide d&rsquo;une brosse \u00e0 vis et laissez agir jusqu&rsquo;\u00e0 absorption compl\u00e8te.<\/li>\n<\/ol>\n","protected":false},"excerpt":{"rendered":"<div class=\"woocommerce-product-details__short-description\">\n<p class=\"p1\">La premi\u00e8re \u00e9tape (Lift) du laminage permet de r\u00e9soudre deux probl\u00e8mes principaux :<\/p>\n<p class=\"p1\">&#8211; soul\u00e8ve les \u00e9cailles de la cuticule, apporte les substances n\u00e9cessaires en profondeur dans les poils,<br \/>\n&#8211; bloque les liaisons disulfures pour donner plus de souplesse aux poils.<\/p>\n<p class=\"p1\">INGR\u00c9DIENTS :<\/p>\n<p class=\"p1\">Aqua, Acide mercaptoac\u00e9tique, Monoethanolamine, Ceteryl Alcohol, Alantan, Sodiumcoceth-30 sulfate, Dipotassium Glycyrrhizinate, Dimethyl Benzyl Carbinol, Ammonium hydroxide<\/p>\n<\/div>\n<p>La deuxi\u00e8me \u00e9tape (Fix) de la proc\u00e9dure de lifting des cils.<\/p>\n","protected":false},"featured_media":22993,"template":"","meta":[],"product_brand":[],"product_cat":[995,1041,996,997,999],"product_tag":[],"class_list":{"0":"post-22985","1":"product","2":"type-product","3":"status-publish","4":"has-post-thumbnail","6":"product_cat-soins-professionnels","7":"product_cat-cils-fr","8":"product_cat-sourcils-fr","9":"product_cat-solutions-fr-3","10":"product_cat-solutions-fr-4","11":"pa_size-08-ml-fixation","12":"pa_size-08-ml-lift","13":"pa_size-08-ml-x-3-pcs-fixation","14":"pa_size-08-ml-x-3-pcs-lift","16":"first","17":"instock","18":"taxable","19":"shipping-taxable","20":"purchasable","21":"product-type-variable"},"yoast_head":"<!-- This site is optimized with the Yoast SEO plugin v24.0 - https:\/\/yoast.com\/wordpress\/plugins\/seo\/ -->\n<title>&quot;Lami Lashes &amp; Brows La&#039;Color Lift &amp; Fix&quot; Sachets 0,8ml | NEL LUX BEAUTY<\/title>\n<meta name=\"robots\" content=\"index, follow, max-snippet:-1, max-image-preview:large, max-video-preview:-1\" \/>\n<link rel=\"canonical\" href=\"https:\/\/nelluxbeauty.com\/fr\/shop\/soins-professionnels\/cils-fr\/solutions-fr-3\/lami-lashes-brows-lacolor-lift-fix-airless-sachets-copy\/\" \/>\n<meta property=\"og:locale\" content=\"fr_FR\" \/>\n<meta property=\"og:type\" content=\"article\" \/>\n<meta property=\"og:title\" content=\"&quot;Lami Lashes &amp; Brows La&#039;Color Lift &amp; Fix&quot; Sachets 0,8ml | NEL LUX BEAUTY\" \/>\n<meta property=\"og:description\" content=\"La premi\u00e8re \u00e9tape (Lift) du laminage permet de r\u00e9soudre deux probl\u00e8mes principaux : - soul\u00e8ve les \u00e9cailles de la cuticule, apporte les substances n\u00e9cessaires en profondeur dans les poils, - bloque les liaisons disulfures pour donner plus de souplesse aux poils. INGR\u00c9DIENTS : Aqua, Acide mercaptoac\u00e9tique, Monoethanolamine, Ceteryl Alcohol, Alantan, Sodiumcoceth-30 sulfate, Dipotassium Glycyrrhizinate, Dimethyl Benzyl Carbinol, Ammonium hydroxide  La deuxi\u00e8me \u00e9tape (Fix) de la proc\u00e9dure de lifting des cils.\" \/>\n<meta property=\"og:url\" content=\"https:\/\/nelluxbeauty.com\/fr\/shop\/soins-professionnels\/cils-fr\/solutions-fr-3\/lami-lashes-brows-lacolor-lift-fix-airless-sachets-copy\/\" \/>\n<meta property=\"og:site_name\" content=\"NEL LUX BEAUTY\" \/>\n<meta property=\"article:modified_time\" content=\"2025-01-04T14:38:42+00:00\" \/>\n<meta property=\"og:image\" content=\"https:\/\/nelluxbeauty.com\/wp-content\/uploads\/2024\/12\/la-color.png\" \/>\n\t<meta property=\"og:image:width\" content=\"680\" \/>\n\t<meta property=\"og:image:height\" content=\"920\" \/>\n\t<meta property=\"og:image:type\" content=\"image\/png\" \/>\n<meta name=\"twitter:card\" content=\"summary_large_image\" \/>\n<meta name=\"twitter:label1\" content=\"Dur\u00e9e de lecture estim\u00e9e\" \/>\n\t<meta name=\"twitter:data1\" content=\"3 minutes\" \/>\n<script type=\"application\/ld+json\" class=\"yoast-schema-graph\">{\"@context\":\"https:\/\/schema.org\",\"@graph\":[{\"@type\":\"WebPage\",\"@id\":\"https:\/\/nelluxbeauty.com\/fr\/shop\/soins-professionnels\/cils-fr\/solutions-fr-3\/lami-lashes-brows-lacolor-lift-fix-airless-sachets-copy\/\",\"url\":\"https:\/\/nelluxbeauty.com\/fr\/shop\/soins-professionnels\/cils-fr\/solutions-fr-3\/lami-lashes-brows-lacolor-lift-fix-airless-sachets-copy\/\",\"name\":\"\\\"Lami Lashes &amp; Brows La'Color Lift &amp; Fix\\\" Sachets 0,8ml | NEL LUX BEAUTY\",\"isPartOf\":{\"@id\":\"https:\/\/nelluxbeauty.com\/#website\"},\"primaryImageOfPage\":{\"@id\":\"https:\/\/nelluxbeauty.com\/fr\/shop\/soins-professionnels\/cils-fr\/solutions-fr-3\/lami-lashes-brows-lacolor-lift-fix-airless-sachets-copy\/#primaryimage\"},\"image\":{\"@id\":\"https:\/\/nelluxbeauty.com\/fr\/shop\/soins-professionnels\/cils-fr\/solutions-fr-3\/lami-lashes-brows-lacolor-lift-fix-airless-sachets-copy\/#primaryimage\"},\"thumbnailUrl\":\"https:\/\/nelluxbeauty.com\/wp-content\/uploads\/2024\/12\/la-color.png\",\"datePublished\":\"2024-12-20T15:26:34+00:00\",\"dateModified\":\"2025-01-04T14:38:42+00:00\",\"breadcrumb\":{\"@id\":\"https:\/\/nelluxbeauty.com\/fr\/shop\/soins-professionnels\/cils-fr\/solutions-fr-3\/lami-lashes-brows-lacolor-lift-fix-airless-sachets-copy\/#breadcrumb\"},\"inLanguage\":\"fr-FR\",\"potentialAction\":[{\"@type\":\"ReadAction\",\"target\":[\"https:\/\/nelluxbeauty.com\/fr\/shop\/soins-professionnels\/cils-fr\/solutions-fr-3\/lami-lashes-brows-lacolor-lift-fix-airless-sachets-copy\/\"]}]},{\"@type\":\"ImageObject\",\"inLanguage\":\"fr-FR\",\"@id\":\"https:\/\/nelluxbeauty.com\/fr\/shop\/soins-professionnels\/cils-fr\/solutions-fr-3\/lami-lashes-brows-lacolor-lift-fix-airless-sachets-copy\/#primaryimage\",\"url\":\"https:\/\/nelluxbeauty.com\/wp-content\/uploads\/2024\/12\/la-color.png\",\"contentUrl\":\"https:\/\/nelluxbeauty.com\/wp-content\/uploads\/2024\/12\/la-color.png\",\"width\":680,\"height\":920},{\"@type\":\"BreadcrumbList\",\"@id\":\"https:\/\/nelluxbeauty.com\/fr\/shop\/soins-professionnels\/cils-fr\/solutions-fr-3\/lami-lashes-brows-lacolor-lift-fix-airless-sachets-copy\/#breadcrumb\",\"itemListElement\":[{\"@type\":\"ListItem\",\"position\":1,\"name\":\"Home\",\"item\":\"https:\/\/nelluxbeauty.com\/\"},{\"@type\":\"ListItem\",\"position\":2,\"name\":\"Shop\",\"item\":\"https:\/\/nelluxbeauty.com\/fr\/shop\/\"},{\"@type\":\"ListItem\",\"position\":3,\"name\":\"&#8222;Lami Lashes &amp; Brows La&#8217;Color Lift &amp; Fix&#8220; Sachets 0,8ml\"}]},{\"@type\":\"WebSite\",\"@id\":\"https:\/\/nelluxbeauty.com\/#website\",\"url\":\"https:\/\/nelluxbeauty.com\/\",\"name\":\"NEL LUX BEAUTY\",\"description\":\"\",\"publisher\":{\"@id\":\"https:\/\/nelluxbeauty.com\/#organization\"},\"potentialAction\":[{\"@type\":\"SearchAction\",\"target\":{\"@type\":\"EntryPoint\",\"urlTemplate\":\"https:\/\/nelluxbeauty.com\/?s={search_term_string}\"},\"query-input\":{\"@type\":\"PropertyValueSpecification\",\"valueRequired\":true,\"valueName\":\"search_term_string\"}}],\"inLanguage\":\"fr-FR\"},{\"@type\":\"Organization\",\"@id\":\"https:\/\/nelluxbeauty.com\/#organization\",\"name\":\"NEL LUX BEAUTY\",\"url\":\"https:\/\/nelluxbeauty.com\/\",\"logo\":{\"@type\":\"ImageObject\",\"inLanguage\":\"fr-FR\",\"@id\":\"https:\/\/nelluxbeauty.com\/#\/schema\/logo\/image\/\",\"url\":\"https:\/\/nelluxbeauty.com\/wp-content\/uploads\/2024\/07\/nellux_beauty_logo.svg\",\"contentUrl\":\"https:\/\/nelluxbeauty.com\/wp-content\/uploads\/2024\/07\/nellux_beauty_logo.svg\",\"width\":305,\"height\":305,\"caption\":\"NEL LUX BEAUTY\"},\"image\":{\"@id\":\"https:\/\/nelluxbeauty.com\/#\/schema\/logo\/image\/\"}}]}<\/script>\n<!-- \/ Yoast SEO plugin. -->","yoast_head_json":{"title":"\"Lami Lashes &amp; Brows La'Color Lift &amp; Fix\" Sachets 0,8ml | NEL LUX BEAUTY","robots":{"index":"index","follow":"follow","max-snippet":"max-snippet:-1","max-image-preview":"max-image-preview:large","max-video-preview":"max-video-preview:-1"},"canonical":"https:\/\/nelluxbeauty.com\/fr\/shop\/soins-professionnels\/cils-fr\/solutions-fr-3\/lami-lashes-brows-lacolor-lift-fix-airless-sachets-copy\/","og_locale":"fr_FR","og_type":"article","og_title":"\"Lami Lashes &amp; Brows La'Color Lift &amp; Fix\" Sachets 0,8ml | NEL LUX BEAUTY","og_description":"La premi\u00e8re \u00e9tape (Lift) du laminage permet de r\u00e9soudre deux probl\u00e8mes principaux : - soul\u00e8ve les \u00e9cailles de la cuticule, apporte les substances n\u00e9cessaires en profondeur dans les poils, - bloque les liaisons disulfures pour donner plus de souplesse aux poils. INGR\u00c9DIENTS : Aqua, Acide mercaptoac\u00e9tique, Monoethanolamine, Ceteryl Alcohol, Alantan, Sodiumcoceth-30 sulfate, Dipotassium Glycyrrhizinate, Dimethyl Benzyl Carbinol, Ammonium hydroxide  La deuxi\u00e8me \u00e9tape (Fix) de la proc\u00e9dure de lifting des cils.","og_url":"https:\/\/nelluxbeauty.com\/fr\/shop\/soins-professionnels\/cils-fr\/solutions-fr-3\/lami-lashes-brows-lacolor-lift-fix-airless-sachets-copy\/","og_site_name":"NEL LUX BEAUTY","article_modified_time":"2025-01-04T14:38:42+00:00","og_image":[{"width":680,"height":920,"url":"https:\/\/nelluxbeauty.com\/wp-content\/uploads\/2024\/12\/la-color.png","type":"image\/png"}],"twitter_card":"summary_large_image","twitter_misc":{"Dur\u00e9e de lecture estim\u00e9e":"3 minutes"},"schema":{"@context":"https:\/\/schema.org","@graph":[{"@type":"WebPage","@id":"https:\/\/nelluxbeauty.com\/fr\/shop\/soins-professionnels\/cils-fr\/solutions-fr-3\/lami-lashes-brows-lacolor-lift-fix-airless-sachets-copy\/","url":"https:\/\/nelluxbeauty.com\/fr\/shop\/soins-professionnels\/cils-fr\/solutions-fr-3\/lami-lashes-brows-lacolor-lift-fix-airless-sachets-copy\/","name":"\"Lami Lashes &amp; Brows La'Color Lift &amp; Fix\" Sachets 0,8ml | NEL LUX BEAUTY","isPartOf":{"@id":"https:\/\/nelluxbeauty.com\/#website"},"primaryImageOfPage":{"@id":"https:\/\/nelluxbeauty.com\/fr\/shop\/soins-professionnels\/cils-fr\/solutions-fr-3\/lami-lashes-brows-lacolor-lift-fix-airless-sachets-copy\/#primaryimage"},"image":{"@id":"https:\/\/nelluxbeauty.com\/fr\/shop\/soins-professionnels\/cils-fr\/solutions-fr-3\/lami-lashes-brows-lacolor-lift-fix-airless-sachets-copy\/#primaryimage"},"thumbnailUrl":"https:\/\/nelluxbeauty.com\/wp-content\/uploads\/2024\/12\/la-color.png","datePublished":"2024-12-20T15:26:34+00:00","dateModified":"2025-01-04T14:38:42+00:00","breadcrumb":{"@id":"https:\/\/nelluxbeauty.com\/fr\/shop\/soins-professionnels\/cils-fr\/solutions-fr-3\/lami-lashes-brows-lacolor-lift-fix-airless-sachets-copy\/#breadcrumb"},"inLanguage":"fr-FR","potentialAction":[{"@type":"ReadAction","target":["https:\/\/nelluxbeauty.com\/fr\/shop\/soins-professionnels\/cils-fr\/solutions-fr-3\/lami-lashes-brows-lacolor-lift-fix-airless-sachets-copy\/"]}]},{"@type":"ImageObject","inLanguage":"fr-FR","@id":"https:\/\/nelluxbeauty.com\/fr\/shop\/soins-professionnels\/cils-fr\/solutions-fr-3\/lami-lashes-brows-lacolor-lift-fix-airless-sachets-copy\/#primaryimage","url":"https:\/\/nelluxbeauty.com\/wp-content\/uploads\/2024\/12\/la-color.png","contentUrl":"https:\/\/nelluxbeauty.com\/wp-content\/uploads\/2024\/12\/la-color.png","width":680,"height":920},{"@type":"BreadcrumbList","@id":"https:\/\/nelluxbeauty.com\/fr\/shop\/soins-professionnels\/cils-fr\/solutions-fr-3\/lami-lashes-brows-lacolor-lift-fix-airless-sachets-copy\/#breadcrumb","itemListElement":[{"@type":"ListItem","position":1,"name":"Home","item":"https:\/\/nelluxbeauty.com\/"},{"@type":"ListItem","position":2,"name":"Shop","item":"https:\/\/nelluxbeauty.com\/fr\/shop\/"},{"@type":"ListItem","position":3,"name":"&#8222;Lami Lashes &amp; Brows La&#8217;Color Lift &amp; Fix&#8220; Sachets 0,8ml"}]},{"@type":"WebSite","@id":"https:\/\/nelluxbeauty.com\/#website","url":"https:\/\/nelluxbeauty.com\/","name":"NEL LUX BEAUTY","description":"","publisher":{"@id":"https:\/\/nelluxbeauty.com\/#organization"},"potentialAction":[{"@type":"SearchAction","target":{"@type":"EntryPoint","urlTemplate":"https:\/\/nelluxbeauty.com\/?s={search_term_string}"},"query-input":{"@type":"PropertyValueSpecification","valueRequired":true,"valueName":"search_term_string"}}],"inLanguage":"fr-FR"},{"@type":"Organization","@id":"https:\/\/nelluxbeauty.com\/#organization","name":"NEL LUX BEAUTY","url":"https:\/\/nelluxbeauty.com\/","logo":{"@type":"ImageObject","inLanguage":"fr-FR","@id":"https:\/\/nelluxbeauty.com\/#\/schema\/logo\/image\/","url":"https:\/\/nelluxbeauty.com\/wp-content\/uploads\/2024\/07\/nellux_beauty_logo.svg","contentUrl":"https:\/\/nelluxbeauty.com\/wp-content\/uploads\/2024\/07\/nellux_beauty_logo.svg","width":305,"height":305,"caption":"NEL LUX BEAUTY"},"image":{"@id":"https:\/\/nelluxbeauty.com\/#\/schema\/logo\/image\/"}}]}},"_links":{"self":[{"href":"https:\/\/nelluxbeauty.com\/fr\/wp-json\/wp\/v2\/product\/22985","targetHints":{"allow":["GET"]}}],"collection":[{"href":"https:\/\/nelluxbeauty.com\/fr\/wp-json\/wp\/v2\/product"}],"about":[{"href":"https:\/\/nelluxbeauty.com\/fr\/wp-json\/wp\/v2\/types\/product"}],"version-history":[{"count":0,"href":"https:\/\/nelluxbeauty.com\/fr\/wp-json\/wp\/v2\/product\/22985\/revisions"}],"wp:featuredmedia":[{"embeddable":true,"href":"https:\/\/nelluxbeauty.com\/fr\/wp-json\/wp\/v2\/media\/22993"}],"wp:attachment":[{"href":"https:\/\/nelluxbeauty.com\/fr\/wp-json\/wp\/v2\/media?parent=22985"}],"wp:term":[{"taxonomy":"product_brand","embeddable":true,"href":"https:\/\/nelluxbeauty.com\/fr\/wp-json\/wp\/v2\/product_brand?post=22985"},{"taxonomy":"product_cat","embeddable":true,"href":"https:\/\/nelluxbeauty.com\/fr\/wp-json\/wp\/v2\/product_cat?post=22985"},{"taxonomy":"product_tag","embeddable":true,"href":"https:\/\/nelluxbeauty.com\/fr\/wp-json\/wp\/v2\/product_tag?post=22985"}],"curies":[{"name":"wp","href":"https:\/\/api.w.org\/{rel}","templated":true}]}}