{"id":22315,"date":"2024-12-04T15:23:19","date_gmt":"2024-12-04T14:23:19","guid":{"rendered":"https:\/\/nelluxbeauty.com\/shop\/uncategorized\/lami-skin-shineglo-serum\/"},"modified":"2024-12-19T13:31:54","modified_gmt":"2024-12-19T12:31:54","slug":"lami-skin-shineglo-serum","status":"publish","type":"product","link":"https:\/\/nelluxbeauty.com\/fr\/shop\/soins-a-domicile\/visage\/lami-skin-shineglo-serum\/","title":{"rendered":"Lami Skin ShineGlo Serum"},"content":{"rendered":"<p>L&rsquo;an\u00e9dosine poss\u00e8de des caract\u00e9ristiques rajeunissantes uniques. Elle est pr\u00e9sente dans les cellules humaines en tant qu&rsquo;\u00e9l\u00e9ment des acides nucl\u00e9iques et l&rsquo;une de ses propri\u00e9t\u00e9s importantes est d&rsquo;influencer la synth\u00e8se du collag\u00e8ne et de l&rsquo;\u00e9lastine. L&rsquo;alo\u00e8s emp\u00eache l&rsquo;\u00e9vaporation intense de l&rsquo;humidit\u00e9 de l&rsquo;\u00e9piderme, le \u00ab\u00a0scelle\u00a0\u00bb litt\u00e9ralement \u00e0 l&rsquo;int\u00e9rieur et permet aux mol\u00e9cules actives de p\u00e9n\u00e9trer dans les couches plus profondes de la peau, renfor\u00e7ant ainsi l&rsquo;effet hydratant durable. Le panth\u00e9nol est un excellent ingr\u00e9dient anti-\u00e2ge qui aide \u00e0 att\u00e9nuer les rides et \u00e0 am\u00e9liorer la qualit\u00e9 et la tonicit\u00e9 de la peau. Il a un effet positif sur la synth\u00e8se des fibres de collag\u00e8ne, ce qui augmente l&rsquo;\u00e9lasticit\u00e9 de la peau. L&rsquo;acide hyaluronique attire et accumule l&rsquo;humidit\u00e9 \u00e0 la surface de la peau, cr\u00e9e un l\u00e9ger film protecteur, emp\u00eache l&rsquo;\u00e9vaporation de l&rsquo;eau et la d\u00e9shydratation. Lisse les rides. R\u00e9g\u00e9n\u00e8re, cicatrise et r\u00e9duit l&rsquo;inflammation. Opal Alva GW am\u00e9liore la connexion entre les cellules de la peau et pr\u00e9vient les processus inflammatoires dans son micro-environnement. De puissantes substances actives r\u00e9tablissent le rythme de la peau, am\u00e9liorent la connexion entre les cellules de la peau et pr\u00e9viennent les processus inflammatoires dans son micro-environnement. Il \u00e9limine \u00e9galement les cernes vasculaires, augmente l&rsquo;\u00e9lasticit\u00e9, revitalise la peau fatigu\u00e9e, l&rsquo;hydrate en profondeur et la raffermit.<\/p>\n","protected":false},"excerpt":{"rendered":"<p>Accueillez la nouvelle invention de nos technologues &#8211; Lami ShineGlo Serum ! Un produit unique 7 en 1 pour le soin et la restauration de la peau du contour des yeux et du visage contient une composition riche. Chaque goutte poss\u00e8de le pouvoir vivifiant de la nature.  <\/p>\n","protected":false},"featured_media":22311,"template":"","meta":[],"product_brand":[],"product_cat":[1025,1012],"product_tag":[],"class_list":{"0":"post-22315","1":"product","2":"type-product","3":"status-publish","4":"has-post-thumbnail","6":"product_cat-soins-a-domicile","7":"product_cat-visage","9":"first","10":"instock","11":"taxable","12":"shipping-taxable","13":"purchasable","14":"product-type-simple"},"yoast_head":"<!-- This site is optimized with the Yoast SEO plugin v24.0 - https:\/\/yoast.com\/wordpress\/plugins\/seo\/ -->\n<title>Lami Skin ShineGlo Serum | NEL LUX BEAUTY<\/title>\n<meta name=\"robots\" content=\"index, follow, max-snippet:-1, max-image-preview:large, max-video-preview:-1\" \/>\n<link rel=\"canonical\" href=\"https:\/\/nelluxbeauty.com\/fr\/shop\/soins-a-domicile\/visage\/lami-skin-shineglo-serum\/\" \/>\n<meta property=\"og:locale\" content=\"fr_FR\" \/>\n<meta property=\"og:type\" content=\"article\" \/>\n<meta property=\"og:title\" content=\"Lami Skin ShineGlo Serum | NEL LUX BEAUTY\" \/>\n<meta property=\"og:description\" content=\"Accueillez la nouvelle invention de nos technologues - Lami ShineGlo Serum ! Un produit unique 7 en 1 pour le soin et la restauration de la peau du contour des yeux et du visage contient une composition riche. Chaque goutte poss\u00e8de le pouvoir vivifiant de la nature.\" \/>\n<meta property=\"og:url\" content=\"https:\/\/nelluxbeauty.com\/fr\/shop\/soins-a-domicile\/visage\/lami-skin-shineglo-serum\/\" \/>\n<meta property=\"og:site_name\" content=\"NEL LUX BEAUTY\" \/>\n<meta property=\"article:modified_time\" content=\"2024-12-19T12:31:54+00:00\" \/>\n<meta property=\"og:image\" content=\"https:\/\/nelluxbeauty.com\/wp-content\/uploads\/2024\/12\/serum.png\" \/>\n\t<meta property=\"og:image:width\" content=\"680\" \/>\n\t<meta property=\"og:image:height\" content=\"920\" \/>\n\t<meta property=\"og:image:type\" content=\"image\/png\" \/>\n<meta name=\"twitter:card\" content=\"summary_large_image\" \/>\n<meta name=\"twitter:label1\" content=\"Dur\u00e9e de lecture estim\u00e9e\" \/>\n\t<meta name=\"twitter:data1\" content=\"1 minute\" \/>\n<script type=\"application\/ld+json\" class=\"yoast-schema-graph\">{\"@context\":\"https:\/\/schema.org\",\"@graph\":[{\"@type\":\"WebPage\",\"@id\":\"https:\/\/nelluxbeauty.com\/fr\/shop\/soins-a-domicile\/visage\/lami-skin-shineglo-serum\/\",\"url\":\"https:\/\/nelluxbeauty.com\/fr\/shop\/soins-a-domicile\/visage\/lami-skin-shineglo-serum\/\",\"name\":\"Lami Skin ShineGlo Serum | NEL LUX BEAUTY\",\"isPartOf\":{\"@id\":\"https:\/\/nelluxbeauty.com\/#website\"},\"primaryImageOfPage\":{\"@id\":\"https:\/\/nelluxbeauty.com\/fr\/shop\/soins-a-domicile\/visage\/lami-skin-shineglo-serum\/#primaryimage\"},\"image\":{\"@id\":\"https:\/\/nelluxbeauty.com\/fr\/shop\/soins-a-domicile\/visage\/lami-skin-shineglo-serum\/#primaryimage\"},\"thumbnailUrl\":\"https:\/\/nelluxbeauty.com\/wp-content\/uploads\/2024\/12\/serum.png\",\"datePublished\":\"2024-12-04T14:23:19+00:00\",\"dateModified\":\"2024-12-19T12:31:54+00:00\",\"breadcrumb\":{\"@id\":\"https:\/\/nelluxbeauty.com\/fr\/shop\/soins-a-domicile\/visage\/lami-skin-shineglo-serum\/#breadcrumb\"},\"inLanguage\":\"fr-FR\",\"potentialAction\":[{\"@type\":\"ReadAction\",\"target\":[\"https:\/\/nelluxbeauty.com\/fr\/shop\/soins-a-domicile\/visage\/lami-skin-shineglo-serum\/\"]}]},{\"@type\":\"ImageObject\",\"inLanguage\":\"fr-FR\",\"@id\":\"https:\/\/nelluxbeauty.com\/fr\/shop\/soins-a-domicile\/visage\/lami-skin-shineglo-serum\/#primaryimage\",\"url\":\"https:\/\/nelluxbeauty.com\/wp-content\/uploads\/2024\/12\/serum.png\",\"contentUrl\":\"https:\/\/nelluxbeauty.com\/wp-content\/uploads\/2024\/12\/serum.png\",\"width\":680,\"height\":920},{\"@type\":\"BreadcrumbList\",\"@id\":\"https:\/\/nelluxbeauty.com\/fr\/shop\/soins-a-domicile\/visage\/lami-skin-shineglo-serum\/#breadcrumb\",\"itemListElement\":[{\"@type\":\"ListItem\",\"position\":1,\"name\":\"Home\",\"item\":\"https:\/\/nelluxbeauty.com\/\"},{\"@type\":\"ListItem\",\"position\":2,\"name\":\"Shop\",\"item\":\"https:\/\/nelluxbeauty.com\/fr\/shop\/\"},{\"@type\":\"ListItem\",\"position\":3,\"name\":\"Lami Skin ShineGlo Serum\"}]},{\"@type\":\"WebSite\",\"@id\":\"https:\/\/nelluxbeauty.com\/#website\",\"url\":\"https:\/\/nelluxbeauty.com\/\",\"name\":\"NEL LUX BEAUTY\",\"description\":\"\",\"publisher\":{\"@id\":\"https:\/\/nelluxbeauty.com\/#organization\"},\"potentialAction\":[{\"@type\":\"SearchAction\",\"target\":{\"@type\":\"EntryPoint\",\"urlTemplate\":\"https:\/\/nelluxbeauty.com\/?s={search_term_string}\"},\"query-input\":{\"@type\":\"PropertyValueSpecification\",\"valueRequired\":true,\"valueName\":\"search_term_string\"}}],\"inLanguage\":\"fr-FR\"},{\"@type\":\"Organization\",\"@id\":\"https:\/\/nelluxbeauty.com\/#organization\",\"name\":\"NEL LUX BEAUTY\",\"url\":\"https:\/\/nelluxbeauty.com\/\",\"logo\":{\"@type\":\"ImageObject\",\"inLanguage\":\"fr-FR\",\"@id\":\"https:\/\/nelluxbeauty.com\/#\/schema\/logo\/image\/\",\"url\":\"https:\/\/nelluxbeauty.com\/wp-content\/uploads\/2024\/07\/nellux_beauty_logo.svg\",\"contentUrl\":\"https:\/\/nelluxbeauty.com\/wp-content\/uploads\/2024\/07\/nellux_beauty_logo.svg\",\"width\":305,\"height\":305,\"caption\":\"NEL LUX BEAUTY\"},\"image\":{\"@id\":\"https:\/\/nelluxbeauty.com\/#\/schema\/logo\/image\/\"}}]}<\/script>\n<!-- \/ Yoast SEO plugin. -->","yoast_head_json":{"title":"Lami Skin ShineGlo Serum | NEL LUX BEAUTY","robots":{"index":"index","follow":"follow","max-snippet":"max-snippet:-1","max-image-preview":"max-image-preview:large","max-video-preview":"max-video-preview:-1"},"canonical":"https:\/\/nelluxbeauty.com\/fr\/shop\/soins-a-domicile\/visage\/lami-skin-shineglo-serum\/","og_locale":"fr_FR","og_type":"article","og_title":"Lami Skin ShineGlo Serum | NEL LUX BEAUTY","og_description":"Accueillez la nouvelle invention de nos technologues - Lami ShineGlo Serum ! Un produit unique 7 en 1 pour le soin et la restauration de la peau du contour des yeux et du visage contient une composition riche. Chaque goutte poss\u00e8de le pouvoir vivifiant de la nature.","og_url":"https:\/\/nelluxbeauty.com\/fr\/shop\/soins-a-domicile\/visage\/lami-skin-shineglo-serum\/","og_site_name":"NEL LUX BEAUTY","article_modified_time":"2024-12-19T12:31:54+00:00","og_image":[{"width":680,"height":920,"url":"https:\/\/nelluxbeauty.com\/wp-content\/uploads\/2024\/12\/serum.png","type":"image\/png"}],"twitter_card":"summary_large_image","twitter_misc":{"Dur\u00e9e de lecture estim\u00e9e":"1 minute"},"schema":{"@context":"https:\/\/schema.org","@graph":[{"@type":"WebPage","@id":"https:\/\/nelluxbeauty.com\/fr\/shop\/soins-a-domicile\/visage\/lami-skin-shineglo-serum\/","url":"https:\/\/nelluxbeauty.com\/fr\/shop\/soins-a-domicile\/visage\/lami-skin-shineglo-serum\/","name":"Lami Skin ShineGlo Serum | NEL LUX BEAUTY","isPartOf":{"@id":"https:\/\/nelluxbeauty.com\/#website"},"primaryImageOfPage":{"@id":"https:\/\/nelluxbeauty.com\/fr\/shop\/soins-a-domicile\/visage\/lami-skin-shineglo-serum\/#primaryimage"},"image":{"@id":"https:\/\/nelluxbeauty.com\/fr\/shop\/soins-a-domicile\/visage\/lami-skin-shineglo-serum\/#primaryimage"},"thumbnailUrl":"https:\/\/nelluxbeauty.com\/wp-content\/uploads\/2024\/12\/serum.png","datePublished":"2024-12-04T14:23:19+00:00","dateModified":"2024-12-19T12:31:54+00:00","breadcrumb":{"@id":"https:\/\/nelluxbeauty.com\/fr\/shop\/soins-a-domicile\/visage\/lami-skin-shineglo-serum\/#breadcrumb"},"inLanguage":"fr-FR","potentialAction":[{"@type":"ReadAction","target":["https:\/\/nelluxbeauty.com\/fr\/shop\/soins-a-domicile\/visage\/lami-skin-shineglo-serum\/"]}]},{"@type":"ImageObject","inLanguage":"fr-FR","@id":"https:\/\/nelluxbeauty.com\/fr\/shop\/soins-a-domicile\/visage\/lami-skin-shineglo-serum\/#primaryimage","url":"https:\/\/nelluxbeauty.com\/wp-content\/uploads\/2024\/12\/serum.png","contentUrl":"https:\/\/nelluxbeauty.com\/wp-content\/uploads\/2024\/12\/serum.png","width":680,"height":920},{"@type":"BreadcrumbList","@id":"https:\/\/nelluxbeauty.com\/fr\/shop\/soins-a-domicile\/visage\/lami-skin-shineglo-serum\/#breadcrumb","itemListElement":[{"@type":"ListItem","position":1,"name":"Home","item":"https:\/\/nelluxbeauty.com\/"},{"@type":"ListItem","position":2,"name":"Shop","item":"https:\/\/nelluxbeauty.com\/fr\/shop\/"},{"@type":"ListItem","position":3,"name":"Lami Skin ShineGlo Serum"}]},{"@type":"WebSite","@id":"https:\/\/nelluxbeauty.com\/#website","url":"https:\/\/nelluxbeauty.com\/","name":"NEL LUX BEAUTY","description":"","publisher":{"@id":"https:\/\/nelluxbeauty.com\/#organization"},"potentialAction":[{"@type":"SearchAction","target":{"@type":"EntryPoint","urlTemplate":"https:\/\/nelluxbeauty.com\/?s={search_term_string}"},"query-input":{"@type":"PropertyValueSpecification","valueRequired":true,"valueName":"search_term_string"}}],"inLanguage":"fr-FR"},{"@type":"Organization","@id":"https:\/\/nelluxbeauty.com\/#organization","name":"NEL LUX BEAUTY","url":"https:\/\/nelluxbeauty.com\/","logo":{"@type":"ImageObject","inLanguage":"fr-FR","@id":"https:\/\/nelluxbeauty.com\/#\/schema\/logo\/image\/","url":"https:\/\/nelluxbeauty.com\/wp-content\/uploads\/2024\/07\/nellux_beauty_logo.svg","contentUrl":"https:\/\/nelluxbeauty.com\/wp-content\/uploads\/2024\/07\/nellux_beauty_logo.svg","width":305,"height":305,"caption":"NEL LUX BEAUTY"},"image":{"@id":"https:\/\/nelluxbeauty.com\/#\/schema\/logo\/image\/"}}]}},"_links":{"self":[{"href":"https:\/\/nelluxbeauty.com\/fr\/wp-json\/wp\/v2\/product\/22315","targetHints":{"allow":["GET"]}}],"collection":[{"href":"https:\/\/nelluxbeauty.com\/fr\/wp-json\/wp\/v2\/product"}],"about":[{"href":"https:\/\/nelluxbeauty.com\/fr\/wp-json\/wp\/v2\/types\/product"}],"version-history":[{"count":0,"href":"https:\/\/nelluxbeauty.com\/fr\/wp-json\/wp\/v2\/product\/22315\/revisions"}],"wp:featuredmedia":[{"embeddable":true,"href":"https:\/\/nelluxbeauty.com\/fr\/wp-json\/wp\/v2\/media\/22311"}],"wp:attachment":[{"href":"https:\/\/nelluxbeauty.com\/fr\/wp-json\/wp\/v2\/media?parent=22315"}],"wp:term":[{"taxonomy":"product_brand","embeddable":true,"href":"https:\/\/nelluxbeauty.com\/fr\/wp-json\/wp\/v2\/product_brand?post=22315"},{"taxonomy":"product_cat","embeddable":true,"href":"https:\/\/nelluxbeauty.com\/fr\/wp-json\/wp\/v2\/product_cat?post=22315"},{"taxonomy":"product_tag","embeddable":true,"href":"https:\/\/nelluxbeauty.com\/fr\/wp-json\/wp\/v2\/product_tag?post=22315"}],"curies":[{"name":"wp","href":"https:\/\/api.w.org\/{rel}","templated":true}]}}