{"id":21625,"date":"2024-05-07T13:58:43","date_gmt":"2024-05-07T11:58:43","guid":{"rendered":"https:\/\/nelluxbeauty.com\/produkt\/lami-hair-shampooing-force-et-volume\/"},"modified":"2025-06-06T11:32:37","modified_gmt":"2025-06-06T09:32:37","slug":"lami-hair-shampooing-force-et-volume","status":"publish","type":"product","link":"https:\/\/nelluxbeauty.com\/fr\/shop\/soins-a-domicile\/cheveux\/lami-hair-shampooing-force-et-volume\/","title":{"rendered":"Lami Hair Shampooing force et volume"},"content":{"rendered":"<p class=\"p1\">L \u00ab \u00e9lastine nourrit les cheveux en profondeur et leur redonne de la vitalit\u00e9 pour un fini lisse et soyeux. Le collag\u00e8ne stimule la croissance naturelle, tandis qu&rsquo;un puissant complexe de peptides renforce et revitalise les follicules pileux. Cette formule avanc\u00e9e r\u00e9g\u00e9n\u00e8re les cheveux secs et cassants et r\u00e9tablit l \u00bb \u00e9quilibre hydrologique du cuir chevelu pour des cheveux plus sains et plus r\u00e9sistants. \u2728<\/p>\n","protected":false},"excerpt":{"rendered":"<p class=\"p1\">Un puissant m\u00e9lange d&rsquo;\u00e9lastine, de collag\u00e8ne et de peptides qui renforce, nourrit et restaure les cheveux, les rendant soyeux, lisses et sains tout en \u00e9quilibrant l&rsquo;hydratation du cuir chevelu. \u2728<\/p>\n","protected":false},"featured_media":24015,"template":"","meta":[],"product_brand":[],"product_cat":[1025,1030],"product_tag":[],"class_list":{"0":"post-21625","1":"product","2":"type-product","3":"status-publish","4":"has-post-thumbnail","6":"product_cat-soins-a-domicile","7":"product_cat-cheveux","9":"first","10":"instock","11":"taxable","12":"shipping-taxable","13":"purchasable","14":"product-type-simple"},"yoast_head":"<!-- This site is optimized with the Yoast SEO plugin v24.0 - https:\/\/yoast.com\/wordpress\/plugins\/seo\/ -->\n<title>Lami Hair Shampooing force et volume | NEL LUX BEAUTY<\/title>\n<meta name=\"description\" content=\"Un puissant m\u00e9lange d&#039;\u00e9lastine, de collag\u00e8ne et de peptides qui renforce, nourrit et restaure les cheveux, les rendant soyeux, lisses et sains tout en \u00e9quilibrant l&#039;hydratation du cuir chevelu. \u2728\" \/>\n<meta name=\"robots\" content=\"index, follow, max-snippet:-1, max-image-preview:large, max-video-preview:-1\" \/>\n<link rel=\"canonical\" href=\"https:\/\/nelluxbeauty.com\/fr\/shop\/soins-a-domicile\/cheveux\/lami-hair-shampooing-force-et-volume\/\" \/>\n<meta property=\"og:locale\" content=\"fr_FR\" \/>\n<meta property=\"og:type\" content=\"article\" \/>\n<meta property=\"og:title\" content=\"Lami Hair Shampooing force et volume | NEL LUX BEAUTY\" \/>\n<meta property=\"og:description\" content=\"Un puissant m\u00e9lange d&#039;\u00e9lastine, de collag\u00e8ne et de peptides qui renforce, nourrit et restaure les cheveux, les rendant soyeux, lisses et sains tout en \u00e9quilibrant l&#039;hydratation du cuir chevelu. \u2728\" \/>\n<meta property=\"og:url\" content=\"https:\/\/nelluxbeauty.com\/fr\/shop\/soins-a-domicile\/cheveux\/lami-hair-shampooing-force-et-volume\/\" \/>\n<meta property=\"og:site_name\" content=\"NEL LUX BEAUTY\" \/>\n<meta property=\"article:modified_time\" content=\"2025-06-06T09:32:37+00:00\" \/>\n<meta property=\"og:image\" content=\"https:\/\/nelluxbeauty.com\/wp-content\/uploads\/2024\/05\/117.png\" \/>\n\t<meta property=\"og:image:width\" content=\"680\" \/>\n\t<meta property=\"og:image:height\" content=\"920\" \/>\n\t<meta property=\"og:image:type\" content=\"image\/png\" \/>\n<meta name=\"twitter:card\" content=\"summary_large_image\" \/>\n<script type=\"application\/ld+json\" class=\"yoast-schema-graph\">{\"@context\":\"https:\/\/schema.org\",\"@graph\":[{\"@type\":\"WebPage\",\"@id\":\"https:\/\/nelluxbeauty.com\/fr\/shop\/soins-a-domicile\/cheveux\/lami-hair-shampooing-force-et-volume\/\",\"url\":\"https:\/\/nelluxbeauty.com\/fr\/shop\/soins-a-domicile\/cheveux\/lami-hair-shampooing-force-et-volume\/\",\"name\":\"Lami Hair Shampooing force et volume | NEL LUX BEAUTY\",\"isPartOf\":{\"@id\":\"https:\/\/nelluxbeauty.com\/#website\"},\"primaryImageOfPage\":{\"@id\":\"https:\/\/nelluxbeauty.com\/fr\/shop\/soins-a-domicile\/cheveux\/lami-hair-shampooing-force-et-volume\/#primaryimage\"},\"image\":{\"@id\":\"https:\/\/nelluxbeauty.com\/fr\/shop\/soins-a-domicile\/cheveux\/lami-hair-shampooing-force-et-volume\/#primaryimage\"},\"thumbnailUrl\":\"https:\/\/nelluxbeauty.com\/wp-content\/uploads\/2024\/05\/117.png\",\"datePublished\":\"2024-05-07T11:58:43+00:00\",\"dateModified\":\"2025-06-06T09:32:37+00:00\",\"description\":\"Un puissant m\u00e9lange d'\u00e9lastine, de collag\u00e8ne et de peptides qui renforce, nourrit et restaure les cheveux, les rendant soyeux, lisses et sains tout en \u00e9quilibrant l'hydratation du cuir chevelu. \u2728\",\"breadcrumb\":{\"@id\":\"https:\/\/nelluxbeauty.com\/fr\/shop\/soins-a-domicile\/cheveux\/lami-hair-shampooing-force-et-volume\/#breadcrumb\"},\"inLanguage\":\"fr-FR\",\"potentialAction\":[{\"@type\":\"ReadAction\",\"target\":[\"https:\/\/nelluxbeauty.com\/fr\/shop\/soins-a-domicile\/cheveux\/lami-hair-shampooing-force-et-volume\/\"]}]},{\"@type\":\"ImageObject\",\"inLanguage\":\"fr-FR\",\"@id\":\"https:\/\/nelluxbeauty.com\/fr\/shop\/soins-a-domicile\/cheveux\/lami-hair-shampooing-force-et-volume\/#primaryimage\",\"url\":\"https:\/\/nelluxbeauty.com\/wp-content\/uploads\/2024\/05\/117.png\",\"contentUrl\":\"https:\/\/nelluxbeauty.com\/wp-content\/uploads\/2024\/05\/117.png\",\"width\":680,\"height\":920},{\"@type\":\"BreadcrumbList\",\"@id\":\"https:\/\/nelluxbeauty.com\/fr\/shop\/soins-a-domicile\/cheveux\/lami-hair-shampooing-force-et-volume\/#breadcrumb\",\"itemListElement\":[{\"@type\":\"ListItem\",\"position\":1,\"name\":\"Home\",\"item\":\"https:\/\/nelluxbeauty.com\/\"},{\"@type\":\"ListItem\",\"position\":2,\"name\":\"Shop\",\"item\":\"https:\/\/nelluxbeauty.com\/fr\/shop\/\"},{\"@type\":\"ListItem\",\"position\":3,\"name\":\"Lami Hair Shampooing force et volume\"}]},{\"@type\":\"WebSite\",\"@id\":\"https:\/\/nelluxbeauty.com\/#website\",\"url\":\"https:\/\/nelluxbeauty.com\/\",\"name\":\"NEL LUX BEAUTY\",\"description\":\"\",\"publisher\":{\"@id\":\"https:\/\/nelluxbeauty.com\/#organization\"},\"potentialAction\":[{\"@type\":\"SearchAction\",\"target\":{\"@type\":\"EntryPoint\",\"urlTemplate\":\"https:\/\/nelluxbeauty.com\/?s={search_term_string}\"},\"query-input\":{\"@type\":\"PropertyValueSpecification\",\"valueRequired\":true,\"valueName\":\"search_term_string\"}}],\"inLanguage\":\"fr-FR\"},{\"@type\":\"Organization\",\"@id\":\"https:\/\/nelluxbeauty.com\/#organization\",\"name\":\"NEL LUX BEAUTY\",\"url\":\"https:\/\/nelluxbeauty.com\/\",\"logo\":{\"@type\":\"ImageObject\",\"inLanguage\":\"fr-FR\",\"@id\":\"https:\/\/nelluxbeauty.com\/#\/schema\/logo\/image\/\",\"url\":\"https:\/\/nelluxbeauty.com\/wp-content\/uploads\/2024\/07\/nellux_beauty_logo.svg\",\"contentUrl\":\"https:\/\/nelluxbeauty.com\/wp-content\/uploads\/2024\/07\/nellux_beauty_logo.svg\",\"width\":305,\"height\":305,\"caption\":\"NEL LUX BEAUTY\"},\"image\":{\"@id\":\"https:\/\/nelluxbeauty.com\/#\/schema\/logo\/image\/\"}}]}<\/script>\n<!-- \/ Yoast SEO plugin. -->","yoast_head_json":{"title":"Lami Hair Shampooing force et volume | NEL LUX BEAUTY","description":"Un puissant m\u00e9lange d'\u00e9lastine, de collag\u00e8ne et de peptides qui renforce, nourrit et restaure les cheveux, les rendant soyeux, lisses et sains tout en \u00e9quilibrant l'hydratation du cuir chevelu. \u2728","robots":{"index":"index","follow":"follow","max-snippet":"max-snippet:-1","max-image-preview":"max-image-preview:large","max-video-preview":"max-video-preview:-1"},"canonical":"https:\/\/nelluxbeauty.com\/fr\/shop\/soins-a-domicile\/cheveux\/lami-hair-shampooing-force-et-volume\/","og_locale":"fr_FR","og_type":"article","og_title":"Lami Hair Shampooing force et volume | NEL LUX BEAUTY","og_description":"Un puissant m\u00e9lange d'\u00e9lastine, de collag\u00e8ne et de peptides qui renforce, nourrit et restaure les cheveux, les rendant soyeux, lisses et sains tout en \u00e9quilibrant l'hydratation du cuir chevelu. \u2728","og_url":"https:\/\/nelluxbeauty.com\/fr\/shop\/soins-a-domicile\/cheveux\/lami-hair-shampooing-force-et-volume\/","og_site_name":"NEL LUX BEAUTY","article_modified_time":"2025-06-06T09:32:37+00:00","og_image":[{"width":680,"height":920,"url":"https:\/\/nelluxbeauty.com\/wp-content\/uploads\/2024\/05\/117.png","type":"image\/png"}],"twitter_card":"summary_large_image","schema":{"@context":"https:\/\/schema.org","@graph":[{"@type":"WebPage","@id":"https:\/\/nelluxbeauty.com\/fr\/shop\/soins-a-domicile\/cheveux\/lami-hair-shampooing-force-et-volume\/","url":"https:\/\/nelluxbeauty.com\/fr\/shop\/soins-a-domicile\/cheveux\/lami-hair-shampooing-force-et-volume\/","name":"Lami Hair Shampooing force et volume | NEL LUX BEAUTY","isPartOf":{"@id":"https:\/\/nelluxbeauty.com\/#website"},"primaryImageOfPage":{"@id":"https:\/\/nelluxbeauty.com\/fr\/shop\/soins-a-domicile\/cheveux\/lami-hair-shampooing-force-et-volume\/#primaryimage"},"image":{"@id":"https:\/\/nelluxbeauty.com\/fr\/shop\/soins-a-domicile\/cheveux\/lami-hair-shampooing-force-et-volume\/#primaryimage"},"thumbnailUrl":"https:\/\/nelluxbeauty.com\/wp-content\/uploads\/2024\/05\/117.png","datePublished":"2024-05-07T11:58:43+00:00","dateModified":"2025-06-06T09:32:37+00:00","description":"Un puissant m\u00e9lange d'\u00e9lastine, de collag\u00e8ne et de peptides qui renforce, nourrit et restaure les cheveux, les rendant soyeux, lisses et sains tout en \u00e9quilibrant l'hydratation du cuir chevelu. \u2728","breadcrumb":{"@id":"https:\/\/nelluxbeauty.com\/fr\/shop\/soins-a-domicile\/cheveux\/lami-hair-shampooing-force-et-volume\/#breadcrumb"},"inLanguage":"fr-FR","potentialAction":[{"@type":"ReadAction","target":["https:\/\/nelluxbeauty.com\/fr\/shop\/soins-a-domicile\/cheveux\/lami-hair-shampooing-force-et-volume\/"]}]},{"@type":"ImageObject","inLanguage":"fr-FR","@id":"https:\/\/nelluxbeauty.com\/fr\/shop\/soins-a-domicile\/cheveux\/lami-hair-shampooing-force-et-volume\/#primaryimage","url":"https:\/\/nelluxbeauty.com\/wp-content\/uploads\/2024\/05\/117.png","contentUrl":"https:\/\/nelluxbeauty.com\/wp-content\/uploads\/2024\/05\/117.png","width":680,"height":920},{"@type":"BreadcrumbList","@id":"https:\/\/nelluxbeauty.com\/fr\/shop\/soins-a-domicile\/cheveux\/lami-hair-shampooing-force-et-volume\/#breadcrumb","itemListElement":[{"@type":"ListItem","position":1,"name":"Home","item":"https:\/\/nelluxbeauty.com\/"},{"@type":"ListItem","position":2,"name":"Shop","item":"https:\/\/nelluxbeauty.com\/fr\/shop\/"},{"@type":"ListItem","position":3,"name":"Lami Hair Shampooing force et volume"}]},{"@type":"WebSite","@id":"https:\/\/nelluxbeauty.com\/#website","url":"https:\/\/nelluxbeauty.com\/","name":"NEL LUX BEAUTY","description":"","publisher":{"@id":"https:\/\/nelluxbeauty.com\/#organization"},"potentialAction":[{"@type":"SearchAction","target":{"@type":"EntryPoint","urlTemplate":"https:\/\/nelluxbeauty.com\/?s={search_term_string}"},"query-input":{"@type":"PropertyValueSpecification","valueRequired":true,"valueName":"search_term_string"}}],"inLanguage":"fr-FR"},{"@type":"Organization","@id":"https:\/\/nelluxbeauty.com\/#organization","name":"NEL LUX BEAUTY","url":"https:\/\/nelluxbeauty.com\/","logo":{"@type":"ImageObject","inLanguage":"fr-FR","@id":"https:\/\/nelluxbeauty.com\/#\/schema\/logo\/image\/","url":"https:\/\/nelluxbeauty.com\/wp-content\/uploads\/2024\/07\/nellux_beauty_logo.svg","contentUrl":"https:\/\/nelluxbeauty.com\/wp-content\/uploads\/2024\/07\/nellux_beauty_logo.svg","width":305,"height":305,"caption":"NEL LUX BEAUTY"},"image":{"@id":"https:\/\/nelluxbeauty.com\/#\/schema\/logo\/image\/"}}]}},"_links":{"self":[{"href":"https:\/\/nelluxbeauty.com\/fr\/wp-json\/wp\/v2\/product\/21625","targetHints":{"allow":["GET"]}}],"collection":[{"href":"https:\/\/nelluxbeauty.com\/fr\/wp-json\/wp\/v2\/product"}],"about":[{"href":"https:\/\/nelluxbeauty.com\/fr\/wp-json\/wp\/v2\/types\/product"}],"version-history":[{"count":1,"href":"https:\/\/nelluxbeauty.com\/fr\/wp-json\/wp\/v2\/product\/21625\/revisions"}],"predecessor-version":[{"id":24858,"href":"https:\/\/nelluxbeauty.com\/fr\/wp-json\/wp\/v2\/product\/21625\/revisions\/24858"}],"wp:featuredmedia":[{"embeddable":true,"href":"https:\/\/nelluxbeauty.com\/fr\/wp-json\/wp\/v2\/media\/24015"}],"wp:attachment":[{"href":"https:\/\/nelluxbeauty.com\/fr\/wp-json\/wp\/v2\/media?parent=21625"}],"wp:term":[{"taxonomy":"product_brand","embeddable":true,"href":"https:\/\/nelluxbeauty.com\/fr\/wp-json\/wp\/v2\/product_brand?post=21625"},{"taxonomy":"product_cat","embeddable":true,"href":"https:\/\/nelluxbeauty.com\/fr\/wp-json\/wp\/v2\/product_cat?post=21625"},{"taxonomy":"product_tag","embeddable":true,"href":"https:\/\/nelluxbeauty.com\/fr\/wp-json\/wp\/v2\/product_tag?post=21625"}],"curies":[{"name":"wp","href":"https:\/\/api.w.org\/{rel}","templated":true}]}}