{"id":21540,"date":"2024-05-07T13:58:34","date_gmt":"2024-05-07T11:58:34","guid":{"rendered":"https:\/\/nelluxbeauty.com\/produkt\/elixir-energetique-pour-les-cils-et-les-sourcils-de-lami\/"},"modified":"2025-06-06T11:33:00","modified_gmt":"2025-06-06T09:33:00","slug":"elixir-energetique-pour-les-cils-et-les-sourcils-de-lami","status":"publish","type":"product","link":"https:\/\/nelluxbeauty.com\/fr\/shop\/soins-a-domicile\/cils\/elixir-energetique-pour-les-cils-et-les-sourcils-de-lami\/","title":{"rendered":"Elixir \u00e9nerg\u00e9tique pour les cils et les sourcils de Lami"},"content":{"rendered":"<p><strong>D\u00e9couvrez le secret de cils plus volumineux et de sourcils plus fournis gr\u00e2ce \u00e0 notre Elixir d&rsquo;\u00e9nergie pour les cils et les sourcils.<\/strong>  Enrichi d&rsquo;ingr\u00e9dients hautement efficaces, notre \u00e9lixir renforce les follicules pileux et pr\u00e9vient la chute des cheveux tout en stimulant leur croissance.<\/p>\n<p>Gr\u00e2ce \u00e0 ses effets hydratants et nourrissants, les poils deviennent plus \u00e9lastiques et r\u00e9sistants. Appliquez l&rsquo;Energy Elixir sur des cils et\/ou sourcils propres matin et soir, et constatez des r\u00e9sultats visibles en seulement deux semaines. <\/p>\n<p>Dorlotez vos cils et sourcils avec cet \u00e9lixir revitalisant, en leur apportant le soin qu&rsquo;ils m\u00e9ritent. Offrez-vous le luxe d&rsquo;un contour des yeux volumineux et parfaitement soign\u00e9 chaque jour gr\u00e2ce \u00e0 notre \u00e9lixir \u00e9nerg\u00e9tique pour cils et sourcils. <\/p>\n<ul>\n<li><strong>Des follicules pileux plus forts :<\/strong> Les ingr\u00e9dients actifs renforcent les follicules pileux et aident \u00e0 pr\u00e9venir la chute des cheveux, ce qui permet d&rsquo;obtenir des cils et des sourcils plus sains et plus fournis.<\/li>\n<li><strong>Stimulation de la croissance des cheveux :<\/strong> Notre formule sp\u00e9ciale stimule la croissance des cils et des sourcils, ce qui donne une apparence plus volumineuse et plus dense.<\/li>\n<li><strong>Hydratation intensive :<\/strong> L&rsquo;effet hydratant de l&rsquo;\u00e9lixir hydrate les cheveux, les rendant plus \u00e9lastiques et r\u00e9sistants.<\/li>\n<li><strong>Apport de nutriments en profondeur :<\/strong> Gr\u00e2ce \u00e0 ses ingr\u00e9dients nourrissants, les cheveux re\u00e7oivent des soins intensifs qui les renforcent et les revitalisent de la racine \u00e0 la pointe.<\/li>\n<li><strong>Des r\u00e9sultats rapides :<\/strong> Avec des am\u00e9liorations visibles en seulement deux semaines d&rsquo;utilisation, vous pouvez rapidement remarquer des changements positifs dans vos cils et sourcils.<\/li>\n<li><strong>Application facile :<\/strong> L&rsquo;application est simple et peut \u00eatre int\u00e9gr\u00e9e sans effort \u00e0 votre routine de soins du matin et du soir.<\/li>\n<\/ul>\n","protected":false},"excerpt":{"rendered":"<p>pour des cils et des sourcils \u00e9lastiques<\/p>\n","protected":false},"featured_media":24039,"template":"","meta":[],"product_brand":[],"product_cat":[1025,1000,1001],"product_tag":[],"class_list":{"0":"post-21540","1":"product","2":"type-product","3":"status-publish","4":"has-post-thumbnail","6":"product_cat-soins-a-domicile","7":"product_cat-cils","8":"product_cat-sourcils","10":"first","11":"instock","12":"featured","13":"taxable","14":"shipping-taxable","15":"purchasable","16":"product-type-simple"},"yoast_head":"<!-- This site is optimized with the Yoast SEO plugin v24.0 - https:\/\/yoast.com\/wordpress\/plugins\/seo\/ -->\n<title>Elixir \u00e9nerg\u00e9tique pour les cils et les sourcils de Lami | NEL LUX BEAUTY<\/title>\n<meta name=\"robots\" content=\"index, follow, max-snippet:-1, max-image-preview:large, max-video-preview:-1\" \/>\n<link rel=\"canonical\" href=\"https:\/\/nelluxbeauty.com\/fr\/shop\/soins-a-domicile\/cils\/elixir-energetique-pour-les-cils-et-les-sourcils-de-lami\/\" \/>\n<meta property=\"og:locale\" content=\"fr_FR\" \/>\n<meta property=\"og:type\" content=\"article\" \/>\n<meta property=\"og:title\" content=\"Elixir \u00e9nerg\u00e9tique pour les cils et les sourcils de Lami | NEL LUX BEAUTY\" \/>\n<meta property=\"og:description\" content=\"pour des cils et des sourcils \u00e9lastiques\" \/>\n<meta property=\"og:url\" content=\"https:\/\/nelluxbeauty.com\/fr\/shop\/soins-a-domicile\/cils\/elixir-energetique-pour-les-cils-et-les-sourcils-de-lami\/\" \/>\n<meta property=\"og:site_name\" content=\"NEL LUX BEAUTY\" \/>\n<meta property=\"article:modified_time\" content=\"2025-06-06T09:33:00+00:00\" \/>\n<meta property=\"og:image\" content=\"https:\/\/nelluxbeauty.com\/wp-content\/uploads\/2024\/05\/energy-elixir.png\" \/>\n\t<meta property=\"og:image:width\" content=\"680\" \/>\n\t<meta property=\"og:image:height\" content=\"920\" \/>\n\t<meta property=\"og:image:type\" content=\"image\/png\" \/>\n<meta name=\"twitter:card\" content=\"summary_large_image\" \/>\n<meta name=\"twitter:label1\" content=\"Dur\u00e9e de lecture estim\u00e9e\" \/>\n\t<meta name=\"twitter:data1\" content=\"1 minute\" \/>\n<script type=\"application\/ld+json\" class=\"yoast-schema-graph\">{\"@context\":\"https:\/\/schema.org\",\"@graph\":[{\"@type\":\"WebPage\",\"@id\":\"https:\/\/nelluxbeauty.com\/fr\/shop\/soins-a-domicile\/cils\/elixir-energetique-pour-les-cils-et-les-sourcils-de-lami\/\",\"url\":\"https:\/\/nelluxbeauty.com\/fr\/shop\/soins-a-domicile\/cils\/elixir-energetique-pour-les-cils-et-les-sourcils-de-lami\/\",\"name\":\"Elixir \u00e9nerg\u00e9tique pour les cils et les sourcils de Lami | NEL LUX BEAUTY\",\"isPartOf\":{\"@id\":\"https:\/\/nelluxbeauty.com\/#website\"},\"primaryImageOfPage\":{\"@id\":\"https:\/\/nelluxbeauty.com\/fr\/shop\/soins-a-domicile\/cils\/elixir-energetique-pour-les-cils-et-les-sourcils-de-lami\/#primaryimage\"},\"image\":{\"@id\":\"https:\/\/nelluxbeauty.com\/fr\/shop\/soins-a-domicile\/cils\/elixir-energetique-pour-les-cils-et-les-sourcils-de-lami\/#primaryimage\"},\"thumbnailUrl\":\"https:\/\/nelluxbeauty.com\/wp-content\/uploads\/2024\/05\/energy-elixir.png\",\"datePublished\":\"2024-05-07T11:58:34+00:00\",\"dateModified\":\"2025-06-06T09:33:00+00:00\",\"breadcrumb\":{\"@id\":\"https:\/\/nelluxbeauty.com\/fr\/shop\/soins-a-domicile\/cils\/elixir-energetique-pour-les-cils-et-les-sourcils-de-lami\/#breadcrumb\"},\"inLanguage\":\"fr-FR\",\"potentialAction\":[{\"@type\":\"ReadAction\",\"target\":[\"https:\/\/nelluxbeauty.com\/fr\/shop\/soins-a-domicile\/cils\/elixir-energetique-pour-les-cils-et-les-sourcils-de-lami\/\"]}]},{\"@type\":\"ImageObject\",\"inLanguage\":\"fr-FR\",\"@id\":\"https:\/\/nelluxbeauty.com\/fr\/shop\/soins-a-domicile\/cils\/elixir-energetique-pour-les-cils-et-les-sourcils-de-lami\/#primaryimage\",\"url\":\"https:\/\/nelluxbeauty.com\/wp-content\/uploads\/2024\/05\/energy-elixir.png\",\"contentUrl\":\"https:\/\/nelluxbeauty.com\/wp-content\/uploads\/2024\/05\/energy-elixir.png\",\"width\":680,\"height\":920},{\"@type\":\"BreadcrumbList\",\"@id\":\"https:\/\/nelluxbeauty.com\/fr\/shop\/soins-a-domicile\/cils\/elixir-energetique-pour-les-cils-et-les-sourcils-de-lami\/#breadcrumb\",\"itemListElement\":[{\"@type\":\"ListItem\",\"position\":1,\"name\":\"Home\",\"item\":\"https:\/\/nelluxbeauty.com\/\"},{\"@type\":\"ListItem\",\"position\":2,\"name\":\"Shop\",\"item\":\"https:\/\/nelluxbeauty.com\/fr\/shop\/\"},{\"@type\":\"ListItem\",\"position\":3,\"name\":\"Elixir \u00e9nerg\u00e9tique pour les cils et les sourcils de Lami\"}]},{\"@type\":\"WebSite\",\"@id\":\"https:\/\/nelluxbeauty.com\/#website\",\"url\":\"https:\/\/nelluxbeauty.com\/\",\"name\":\"NEL LUX BEAUTY\",\"description\":\"\",\"publisher\":{\"@id\":\"https:\/\/nelluxbeauty.com\/#organization\"},\"potentialAction\":[{\"@type\":\"SearchAction\",\"target\":{\"@type\":\"EntryPoint\",\"urlTemplate\":\"https:\/\/nelluxbeauty.com\/?s={search_term_string}\"},\"query-input\":{\"@type\":\"PropertyValueSpecification\",\"valueRequired\":true,\"valueName\":\"search_term_string\"}}],\"inLanguage\":\"fr-FR\"},{\"@type\":\"Organization\",\"@id\":\"https:\/\/nelluxbeauty.com\/#organization\",\"name\":\"NEL LUX BEAUTY\",\"url\":\"https:\/\/nelluxbeauty.com\/\",\"logo\":{\"@type\":\"ImageObject\",\"inLanguage\":\"fr-FR\",\"@id\":\"https:\/\/nelluxbeauty.com\/#\/schema\/logo\/image\/\",\"url\":\"https:\/\/nelluxbeauty.com\/wp-content\/uploads\/2024\/07\/nellux_beauty_logo.svg\",\"contentUrl\":\"https:\/\/nelluxbeauty.com\/wp-content\/uploads\/2024\/07\/nellux_beauty_logo.svg\",\"width\":305,\"height\":305,\"caption\":\"NEL LUX BEAUTY\"},\"image\":{\"@id\":\"https:\/\/nelluxbeauty.com\/#\/schema\/logo\/image\/\"}}]}<\/script>\n<!-- \/ Yoast SEO plugin. -->","yoast_head_json":{"title":"Elixir \u00e9nerg\u00e9tique pour les cils et les sourcils de Lami | NEL LUX BEAUTY","robots":{"index":"index","follow":"follow","max-snippet":"max-snippet:-1","max-image-preview":"max-image-preview:large","max-video-preview":"max-video-preview:-1"},"canonical":"https:\/\/nelluxbeauty.com\/fr\/shop\/soins-a-domicile\/cils\/elixir-energetique-pour-les-cils-et-les-sourcils-de-lami\/","og_locale":"fr_FR","og_type":"article","og_title":"Elixir \u00e9nerg\u00e9tique pour les cils et les sourcils de Lami | NEL LUX BEAUTY","og_description":"pour des cils et des sourcils \u00e9lastiques","og_url":"https:\/\/nelluxbeauty.com\/fr\/shop\/soins-a-domicile\/cils\/elixir-energetique-pour-les-cils-et-les-sourcils-de-lami\/","og_site_name":"NEL LUX BEAUTY","article_modified_time":"2025-06-06T09:33:00+00:00","og_image":[{"width":680,"height":920,"url":"https:\/\/nelluxbeauty.com\/wp-content\/uploads\/2024\/05\/energy-elixir.png","type":"image\/png"}],"twitter_card":"summary_large_image","twitter_misc":{"Dur\u00e9e de lecture estim\u00e9e":"1 minute"},"schema":{"@context":"https:\/\/schema.org","@graph":[{"@type":"WebPage","@id":"https:\/\/nelluxbeauty.com\/fr\/shop\/soins-a-domicile\/cils\/elixir-energetique-pour-les-cils-et-les-sourcils-de-lami\/","url":"https:\/\/nelluxbeauty.com\/fr\/shop\/soins-a-domicile\/cils\/elixir-energetique-pour-les-cils-et-les-sourcils-de-lami\/","name":"Elixir \u00e9nerg\u00e9tique pour les cils et les sourcils de Lami | NEL LUX BEAUTY","isPartOf":{"@id":"https:\/\/nelluxbeauty.com\/#website"},"primaryImageOfPage":{"@id":"https:\/\/nelluxbeauty.com\/fr\/shop\/soins-a-domicile\/cils\/elixir-energetique-pour-les-cils-et-les-sourcils-de-lami\/#primaryimage"},"image":{"@id":"https:\/\/nelluxbeauty.com\/fr\/shop\/soins-a-domicile\/cils\/elixir-energetique-pour-les-cils-et-les-sourcils-de-lami\/#primaryimage"},"thumbnailUrl":"https:\/\/nelluxbeauty.com\/wp-content\/uploads\/2024\/05\/energy-elixir.png","datePublished":"2024-05-07T11:58:34+00:00","dateModified":"2025-06-06T09:33:00+00:00","breadcrumb":{"@id":"https:\/\/nelluxbeauty.com\/fr\/shop\/soins-a-domicile\/cils\/elixir-energetique-pour-les-cils-et-les-sourcils-de-lami\/#breadcrumb"},"inLanguage":"fr-FR","potentialAction":[{"@type":"ReadAction","target":["https:\/\/nelluxbeauty.com\/fr\/shop\/soins-a-domicile\/cils\/elixir-energetique-pour-les-cils-et-les-sourcils-de-lami\/"]}]},{"@type":"ImageObject","inLanguage":"fr-FR","@id":"https:\/\/nelluxbeauty.com\/fr\/shop\/soins-a-domicile\/cils\/elixir-energetique-pour-les-cils-et-les-sourcils-de-lami\/#primaryimage","url":"https:\/\/nelluxbeauty.com\/wp-content\/uploads\/2024\/05\/energy-elixir.png","contentUrl":"https:\/\/nelluxbeauty.com\/wp-content\/uploads\/2024\/05\/energy-elixir.png","width":680,"height":920},{"@type":"BreadcrumbList","@id":"https:\/\/nelluxbeauty.com\/fr\/shop\/soins-a-domicile\/cils\/elixir-energetique-pour-les-cils-et-les-sourcils-de-lami\/#breadcrumb","itemListElement":[{"@type":"ListItem","position":1,"name":"Home","item":"https:\/\/nelluxbeauty.com\/"},{"@type":"ListItem","position":2,"name":"Shop","item":"https:\/\/nelluxbeauty.com\/fr\/shop\/"},{"@type":"ListItem","position":3,"name":"Elixir \u00e9nerg\u00e9tique pour les cils et les sourcils de Lami"}]},{"@type":"WebSite","@id":"https:\/\/nelluxbeauty.com\/#website","url":"https:\/\/nelluxbeauty.com\/","name":"NEL LUX BEAUTY","description":"","publisher":{"@id":"https:\/\/nelluxbeauty.com\/#organization"},"potentialAction":[{"@type":"SearchAction","target":{"@type":"EntryPoint","urlTemplate":"https:\/\/nelluxbeauty.com\/?s={search_term_string}"},"query-input":{"@type":"PropertyValueSpecification","valueRequired":true,"valueName":"search_term_string"}}],"inLanguage":"fr-FR"},{"@type":"Organization","@id":"https:\/\/nelluxbeauty.com\/#organization","name":"NEL LUX BEAUTY","url":"https:\/\/nelluxbeauty.com\/","logo":{"@type":"ImageObject","inLanguage":"fr-FR","@id":"https:\/\/nelluxbeauty.com\/#\/schema\/logo\/image\/","url":"https:\/\/nelluxbeauty.com\/wp-content\/uploads\/2024\/07\/nellux_beauty_logo.svg","contentUrl":"https:\/\/nelluxbeauty.com\/wp-content\/uploads\/2024\/07\/nellux_beauty_logo.svg","width":305,"height":305,"caption":"NEL LUX BEAUTY"},"image":{"@id":"https:\/\/nelluxbeauty.com\/#\/schema\/logo\/image\/"}}]}},"_links":{"self":[{"href":"https:\/\/nelluxbeauty.com\/fr\/wp-json\/wp\/v2\/product\/21540","targetHints":{"allow":["GET"]}}],"collection":[{"href":"https:\/\/nelluxbeauty.com\/fr\/wp-json\/wp\/v2\/product"}],"about":[{"href":"https:\/\/nelluxbeauty.com\/fr\/wp-json\/wp\/v2\/types\/product"}],"version-history":[{"count":1,"href":"https:\/\/nelluxbeauty.com\/fr\/wp-json\/wp\/v2\/product\/21540\/revisions"}],"predecessor-version":[{"id":24893,"href":"https:\/\/nelluxbeauty.com\/fr\/wp-json\/wp\/v2\/product\/21540\/revisions\/24893"}],"wp:featuredmedia":[{"embeddable":true,"href":"https:\/\/nelluxbeauty.com\/fr\/wp-json\/wp\/v2\/media\/24039"}],"wp:attachment":[{"href":"https:\/\/nelluxbeauty.com\/fr\/wp-json\/wp\/v2\/media?parent=21540"}],"wp:term":[{"taxonomy":"product_brand","embeddable":true,"href":"https:\/\/nelluxbeauty.com\/fr\/wp-json\/wp\/v2\/product_brand?post=21540"},{"taxonomy":"product_cat","embeddable":true,"href":"https:\/\/nelluxbeauty.com\/fr\/wp-json\/wp\/v2\/product_cat?post=21540"},{"taxonomy":"product_tag","embeddable":true,"href":"https:\/\/nelluxbeauty.com\/fr\/wp-json\/wp\/v2\/product_tag?post=21540"}],"curies":[{"name":"wp","href":"https:\/\/api.w.org\/{rel}","templated":true}]}}