{"id":21502,"date":"2024-05-07T13:58:38","date_gmt":"2024-05-07T11:58:38","guid":{"rendered":"https:\/\/nelluxbeauty.com\/produkt\/lami-lashes-pads-u-curl\/"},"modified":"2025-06-06T11:33:12","modified_gmt":"2025-06-06T09:33:12","slug":"lami-lashes-pads-u-curl","status":"publish","type":"product","link":"https:\/\/nelluxbeauty.com\/fr\/shop\/soins-professionnels\/cils-fr\/tampons-fr\/lami-lashes-pads-u-curl\/","title":{"rendered":"Lami Lashes Pads U Curl"},"content":{"rendered":"<p>Effet liftant, courbure parfaite, photos esth\u00e9tiques pour votre profil avec les cils et un plaisir particulier \u00e0 travailler &#8211; le silicone souple vous permet de fixer rapidement et facilement le rouleau sur la paupi\u00e8re SANS COLLE !<\/p>\n","protected":false},"excerpt":{"rendered":"<p>Les coussinets en silicone sont des outils essentiels pour tous les professionnels de la beaut\u00e9 qui cherchent \u00e0 am\u00e9liorer la courbure des cils de leurs clientes de fa\u00e7on impeccable et durable.<\/p>\n<ul>\n<li>Mat\u00e9riau en silicone de qualit\u00e9 sup\u00e9rieure : Douces et flexibles, nos plaquettes sont con\u00e7ues pour s&rsquo;adapter confortablement \u00e0 la paupi\u00e8re.<\/li>\n<li>R\u00e9utilisables et hygi\u00e9niques : Facile \u00e0 nettoyer et durable, il peut \u00eatre d\u00e9sinfect\u00e9 et r\u00e9utilis\u00e9, ce qui en fait un produit \u00e9cologique.<\/li>\n<li>Tailles dans l&#8217;emballage : S, SS, M, L, XL<\/li>\n<\/ul>\n","protected":false},"featured_media":24147,"template":"","meta":[],"product_brand":[],"product_cat":[1041,1013,1019,1047,1022],"product_tag":[],"class_list":{"0":"post-21502","1":"product","2":"type-product","3":"status-publish","4":"has-post-thumbnail","6":"product_cat-cils-fr","7":"product_cat-accessoires","8":"product_cat-tampons","9":"product_cat-tampons-fr","10":"product_cat-accessoires-en-silicone","12":"first","13":"instock","14":"taxable","15":"shipping-taxable","16":"purchasable","17":"product-type-simple"},"yoast_head":"<!-- This site is optimized with the Yoast SEO plugin v24.0 - https:\/\/yoast.com\/wordpress\/plugins\/seo\/ -->\n<title>Lami Lashes Pads U Curl | NEL LUX BEAUTY<\/title>\n<meta name=\"robots\" content=\"index, follow, max-snippet:-1, max-image-preview:large, max-video-preview:-1\" \/>\n<link rel=\"canonical\" href=\"https:\/\/nelluxbeauty.com\/fr\/shop\/soins-professionnels\/cils-fr\/tampons-fr\/lami-lashes-pads-u-curl\/\" \/>\n<meta property=\"og:locale\" content=\"fr_FR\" \/>\n<meta property=\"og:type\" content=\"article\" \/>\n<meta property=\"og:title\" content=\"Lami Lashes Pads U Curl | NEL LUX BEAUTY\" \/>\n<meta property=\"og:description\" content=\"Les coussinets en silicone sont des outils essentiels pour tous les professionnels de la beaut\u00e9 qui cherchent \u00e0 am\u00e9liorer la courbure des cils de leurs clientes de fa\u00e7on impeccable et durable.  Mat\u00e9riau en silicone de qualit\u00e9 sup\u00e9rieure : Douces et flexibles, nos plaquettes sont con\u00e7ues pour s&#039;adapter confortablement \u00e0 la paupi\u00e8re.  R\u00e9utilisables et hygi\u00e9niques : Facile \u00e0 nettoyer et durable, il peut \u00eatre d\u00e9sinfect\u00e9 et r\u00e9utilis\u00e9, ce qui en fait un produit \u00e9cologique.  Tailles dans l&#039;emballage : S, SS, M, L, XL\" \/>\n<meta property=\"og:url\" content=\"https:\/\/nelluxbeauty.com\/fr\/shop\/soins-professionnels\/cils-fr\/tampons-fr\/lami-lashes-pads-u-curl\/\" \/>\n<meta property=\"og:site_name\" content=\"NEL LUX BEAUTY\" \/>\n<meta property=\"article:modified_time\" content=\"2025-06-06T09:33:12+00:00\" \/>\n<meta property=\"og:image\" content=\"https:\/\/nelluxbeauty.com\/wp-content\/uploads\/2024\/05\/u-curl.png\" \/>\n\t<meta property=\"og:image:width\" content=\"680\" \/>\n\t<meta property=\"og:image:height\" content=\"920\" \/>\n\t<meta property=\"og:image:type\" content=\"image\/png\" \/>\n<meta name=\"twitter:card\" content=\"summary_large_image\" \/>\n<script type=\"application\/ld+json\" class=\"yoast-schema-graph\">{\"@context\":\"https:\/\/schema.org\",\"@graph\":[{\"@type\":\"WebPage\",\"@id\":\"https:\/\/nelluxbeauty.com\/fr\/shop\/soins-professionnels\/cils-fr\/tampons-fr\/lami-lashes-pads-u-curl\/\",\"url\":\"https:\/\/nelluxbeauty.com\/fr\/shop\/soins-professionnels\/cils-fr\/tampons-fr\/lami-lashes-pads-u-curl\/\",\"name\":\"Lami Lashes Pads U Curl | NEL LUX BEAUTY\",\"isPartOf\":{\"@id\":\"https:\/\/nelluxbeauty.com\/#website\"},\"primaryImageOfPage\":{\"@id\":\"https:\/\/nelluxbeauty.com\/fr\/shop\/soins-professionnels\/cils-fr\/tampons-fr\/lami-lashes-pads-u-curl\/#primaryimage\"},\"image\":{\"@id\":\"https:\/\/nelluxbeauty.com\/fr\/shop\/soins-professionnels\/cils-fr\/tampons-fr\/lami-lashes-pads-u-curl\/#primaryimage\"},\"thumbnailUrl\":\"https:\/\/nelluxbeauty.com\/wp-content\/uploads\/2024\/05\/u-curl.webp\",\"datePublished\":\"2024-05-07T11:58:38+00:00\",\"dateModified\":\"2025-06-06T09:33:12+00:00\",\"breadcrumb\":{\"@id\":\"https:\/\/nelluxbeauty.com\/fr\/shop\/soins-professionnels\/cils-fr\/tampons-fr\/lami-lashes-pads-u-curl\/#breadcrumb\"},\"inLanguage\":\"fr-FR\",\"potentialAction\":[{\"@type\":\"ReadAction\",\"target\":[\"https:\/\/nelluxbeauty.com\/fr\/shop\/soins-professionnels\/cils-fr\/tampons-fr\/lami-lashes-pads-u-curl\/\"]}]},{\"@type\":\"ImageObject\",\"inLanguage\":\"fr-FR\",\"@id\":\"https:\/\/nelluxbeauty.com\/fr\/shop\/soins-professionnels\/cils-fr\/tampons-fr\/lami-lashes-pads-u-curl\/#primaryimage\",\"url\":\"https:\/\/nelluxbeauty.com\/wp-content\/uploads\/2024\/05\/u-curl.webp\",\"contentUrl\":\"https:\/\/nelluxbeauty.com\/wp-content\/uploads\/2024\/05\/u-curl.webp\",\"width\":680,\"height\":920},{\"@type\":\"BreadcrumbList\",\"@id\":\"https:\/\/nelluxbeauty.com\/fr\/shop\/soins-professionnels\/cils-fr\/tampons-fr\/lami-lashes-pads-u-curl\/#breadcrumb\",\"itemListElement\":[{\"@type\":\"ListItem\",\"position\":1,\"name\":\"Home\",\"item\":\"https:\/\/nelluxbeauty.com\/\"},{\"@type\":\"ListItem\",\"position\":2,\"name\":\"Shop\",\"item\":\"https:\/\/nelluxbeauty.com\/fr\/shop\/\"},{\"@type\":\"ListItem\",\"position\":3,\"name\":\"Lami Lashes Pads U Curl\"}]},{\"@type\":\"WebSite\",\"@id\":\"https:\/\/nelluxbeauty.com\/#website\",\"url\":\"https:\/\/nelluxbeauty.com\/\",\"name\":\"NEL LUX BEAUTY\",\"description\":\"\",\"publisher\":{\"@id\":\"https:\/\/nelluxbeauty.com\/#organization\"},\"potentialAction\":[{\"@type\":\"SearchAction\",\"target\":{\"@type\":\"EntryPoint\",\"urlTemplate\":\"https:\/\/nelluxbeauty.com\/?s={search_term_string}\"},\"query-input\":{\"@type\":\"PropertyValueSpecification\",\"valueRequired\":true,\"valueName\":\"search_term_string\"}}],\"inLanguage\":\"fr-FR\"},{\"@type\":\"Organization\",\"@id\":\"https:\/\/nelluxbeauty.com\/#organization\",\"name\":\"NEL LUX BEAUTY\",\"url\":\"https:\/\/nelluxbeauty.com\/\",\"logo\":{\"@type\":\"ImageObject\",\"inLanguage\":\"fr-FR\",\"@id\":\"https:\/\/nelluxbeauty.com\/#\/schema\/logo\/image\/\",\"url\":\"https:\/\/nelluxbeauty.com\/wp-content\/uploads\/2024\/07\/nellux_beauty_logo.svg\",\"contentUrl\":\"https:\/\/nelluxbeauty.com\/wp-content\/uploads\/2024\/07\/nellux_beauty_logo.svg\",\"width\":305,\"height\":305,\"caption\":\"NEL LUX BEAUTY\"},\"image\":{\"@id\":\"https:\/\/nelluxbeauty.com\/#\/schema\/logo\/image\/\"}}]}<\/script>\n<!-- \/ Yoast SEO plugin. -->","yoast_head_json":{"title":"Lami Lashes Pads U Curl | NEL LUX BEAUTY","robots":{"index":"index","follow":"follow","max-snippet":"max-snippet:-1","max-image-preview":"max-image-preview:large","max-video-preview":"max-video-preview:-1"},"canonical":"https:\/\/nelluxbeauty.com\/fr\/shop\/soins-professionnels\/cils-fr\/tampons-fr\/lami-lashes-pads-u-curl\/","og_locale":"fr_FR","og_type":"article","og_title":"Lami Lashes Pads U Curl | NEL LUX BEAUTY","og_description":"Les coussinets en silicone sont des outils essentiels pour tous les professionnels de la beaut\u00e9 qui cherchent \u00e0 am\u00e9liorer la courbure des cils de leurs clientes de fa\u00e7on impeccable et durable.  Mat\u00e9riau en silicone de qualit\u00e9 sup\u00e9rieure : Douces et flexibles, nos plaquettes sont con\u00e7ues pour s'adapter confortablement \u00e0 la paupi\u00e8re.  R\u00e9utilisables et hygi\u00e9niques : Facile \u00e0 nettoyer et durable, il peut \u00eatre d\u00e9sinfect\u00e9 et r\u00e9utilis\u00e9, ce qui en fait un produit \u00e9cologique.  Tailles dans l'emballage : S, SS, M, L, XL","og_url":"https:\/\/nelluxbeauty.com\/fr\/shop\/soins-professionnels\/cils-fr\/tampons-fr\/lami-lashes-pads-u-curl\/","og_site_name":"NEL LUX BEAUTY","article_modified_time":"2025-06-06T09:33:12+00:00","og_image":[{"width":680,"height":920,"url":"https:\/\/nelluxbeauty.com\/wp-content\/uploads\/2024\/05\/u-curl.png","type":"image\/png"}],"twitter_card":"summary_large_image","schema":{"@context":"https:\/\/schema.org","@graph":[{"@type":"WebPage","@id":"https:\/\/nelluxbeauty.com\/fr\/shop\/soins-professionnels\/cils-fr\/tampons-fr\/lami-lashes-pads-u-curl\/","url":"https:\/\/nelluxbeauty.com\/fr\/shop\/soins-professionnels\/cils-fr\/tampons-fr\/lami-lashes-pads-u-curl\/","name":"Lami Lashes Pads U Curl | NEL LUX BEAUTY","isPartOf":{"@id":"https:\/\/nelluxbeauty.com\/#website"},"primaryImageOfPage":{"@id":"https:\/\/nelluxbeauty.com\/fr\/shop\/soins-professionnels\/cils-fr\/tampons-fr\/lami-lashes-pads-u-curl\/#primaryimage"},"image":{"@id":"https:\/\/nelluxbeauty.com\/fr\/shop\/soins-professionnels\/cils-fr\/tampons-fr\/lami-lashes-pads-u-curl\/#primaryimage"},"thumbnailUrl":"https:\/\/nelluxbeauty.com\/wp-content\/uploads\/2024\/05\/u-curl.webp","datePublished":"2024-05-07T11:58:38+00:00","dateModified":"2025-06-06T09:33:12+00:00","breadcrumb":{"@id":"https:\/\/nelluxbeauty.com\/fr\/shop\/soins-professionnels\/cils-fr\/tampons-fr\/lami-lashes-pads-u-curl\/#breadcrumb"},"inLanguage":"fr-FR","potentialAction":[{"@type":"ReadAction","target":["https:\/\/nelluxbeauty.com\/fr\/shop\/soins-professionnels\/cils-fr\/tampons-fr\/lami-lashes-pads-u-curl\/"]}]},{"@type":"ImageObject","inLanguage":"fr-FR","@id":"https:\/\/nelluxbeauty.com\/fr\/shop\/soins-professionnels\/cils-fr\/tampons-fr\/lami-lashes-pads-u-curl\/#primaryimage","url":"https:\/\/nelluxbeauty.com\/wp-content\/uploads\/2024\/05\/u-curl.webp","contentUrl":"https:\/\/nelluxbeauty.com\/wp-content\/uploads\/2024\/05\/u-curl.webp","width":680,"height":920},{"@type":"BreadcrumbList","@id":"https:\/\/nelluxbeauty.com\/fr\/shop\/soins-professionnels\/cils-fr\/tampons-fr\/lami-lashes-pads-u-curl\/#breadcrumb","itemListElement":[{"@type":"ListItem","position":1,"name":"Home","item":"https:\/\/nelluxbeauty.com\/"},{"@type":"ListItem","position":2,"name":"Shop","item":"https:\/\/nelluxbeauty.com\/fr\/shop\/"},{"@type":"ListItem","position":3,"name":"Lami Lashes Pads U Curl"}]},{"@type":"WebSite","@id":"https:\/\/nelluxbeauty.com\/#website","url":"https:\/\/nelluxbeauty.com\/","name":"NEL LUX BEAUTY","description":"","publisher":{"@id":"https:\/\/nelluxbeauty.com\/#organization"},"potentialAction":[{"@type":"SearchAction","target":{"@type":"EntryPoint","urlTemplate":"https:\/\/nelluxbeauty.com\/?s={search_term_string}"},"query-input":{"@type":"PropertyValueSpecification","valueRequired":true,"valueName":"search_term_string"}}],"inLanguage":"fr-FR"},{"@type":"Organization","@id":"https:\/\/nelluxbeauty.com\/#organization","name":"NEL LUX BEAUTY","url":"https:\/\/nelluxbeauty.com\/","logo":{"@type":"ImageObject","inLanguage":"fr-FR","@id":"https:\/\/nelluxbeauty.com\/#\/schema\/logo\/image\/","url":"https:\/\/nelluxbeauty.com\/wp-content\/uploads\/2024\/07\/nellux_beauty_logo.svg","contentUrl":"https:\/\/nelluxbeauty.com\/wp-content\/uploads\/2024\/07\/nellux_beauty_logo.svg","width":305,"height":305,"caption":"NEL LUX BEAUTY"},"image":{"@id":"https:\/\/nelluxbeauty.com\/#\/schema\/logo\/image\/"}}]}},"_links":{"self":[{"href":"https:\/\/nelluxbeauty.com\/fr\/wp-json\/wp\/v2\/product\/21502","targetHints":{"allow":["GET"]}}],"collection":[{"href":"https:\/\/nelluxbeauty.com\/fr\/wp-json\/wp\/v2\/product"}],"about":[{"href":"https:\/\/nelluxbeauty.com\/fr\/wp-json\/wp\/v2\/types\/product"}],"version-history":[{"count":1,"href":"https:\/\/nelluxbeauty.com\/fr\/wp-json\/wp\/v2\/product\/21502\/revisions"}],"predecessor-version":[{"id":24905,"href":"https:\/\/nelluxbeauty.com\/fr\/wp-json\/wp\/v2\/product\/21502\/revisions\/24905"}],"wp:featuredmedia":[{"embeddable":true,"href":"https:\/\/nelluxbeauty.com\/fr\/wp-json\/wp\/v2\/media\/24147"}],"wp:attachment":[{"href":"https:\/\/nelluxbeauty.com\/fr\/wp-json\/wp\/v2\/media?parent=21502"}],"wp:term":[{"taxonomy":"product_brand","embeddable":true,"href":"https:\/\/nelluxbeauty.com\/fr\/wp-json\/wp\/v2\/product_brand?post=21502"},{"taxonomy":"product_cat","embeddable":true,"href":"https:\/\/nelluxbeauty.com\/fr\/wp-json\/wp\/v2\/product_cat?post=21502"},{"taxonomy":"product_tag","embeddable":true,"href":"https:\/\/nelluxbeauty.com\/fr\/wp-json\/wp\/v2\/product_tag?post=21502"}],"curies":[{"name":"wp","href":"https:\/\/api.w.org\/{rel}","templated":true}]}}