{"id":21385,"date":"2024-05-07T13:58:26","date_gmt":"2024-05-07T11:58:26","guid":{"rendered":"https:\/\/nelluxbeauty.com\/produkt\/developpeur-de-couleur-savannah-de-lami-lashes-brows\/"},"modified":"2024-12-19T13:31:54","modified_gmt":"2024-12-19T12:31:54","slug":"developpeur-de-couleur-savannah-de-lami-lashes-brows","status":"publish","type":"product","link":"https:\/\/nelluxbeauty.com\/fr\/shop\/soins-professionnels\/sourcils-fr\/colorants\/developpeur-de-couleur-savannah-de-lami-lashes-brows\/","title":{"rendered":"D\u00e9veloppeur de couleur Savannah de Lami Lashes &amp; Brows"},"content":{"rendered":"<p>Maximisez l&rsquo;impact de vos traitements color\u00e9s avec notre r\u00e9v\u00e9lateur de teinte de qualit\u00e9 professionnelle.<br \/>\nCette formulation essentielle est con\u00e7ue pour activer les teintures capillaires et cosm\u00e9tiques, lib\u00e9rant ainsi tout leur potentiel pour une couleur \u00e9clatante et durable.<\/p>\n","protected":false},"excerpt":{"rendered":"<p>Maximisez l&rsquo;impact de vos traitements color\u00e9s avec notre r\u00e9v\u00e9lateur de teinte de qualit\u00e9 professionnelle. Cette formulation essentielle est con\u00e7ue pour<\/p>\n","protected":false},"featured_media":24116,"template":"","meta":[],"product_brand":[],"product_cat":[995,996,1037],"product_tag":[],"class_list":{"0":"post-21385","1":"product","2":"type-product","3":"status-publish","4":"has-post-thumbnail","6":"product_cat-soins-professionnels","7":"product_cat-sourcils-fr","8":"product_cat-colorants","10":"first","11":"instock","12":"taxable","13":"shipping-taxable","14":"purchasable","15":"product-type-variable"},"yoast_head":"<!-- This site is optimized with the Yoast SEO plugin v24.0 - https:\/\/yoast.com\/wordpress\/plugins\/seo\/ -->\n<title>D\u00e9veloppeur de couleur Savannah de Lami Lashes &amp; Brows | NEL LUX BEAUTY<\/title>\n<meta name=\"robots\" content=\"index, follow, max-snippet:-1, max-image-preview:large, max-video-preview:-1\" \/>\n<link rel=\"canonical\" href=\"https:\/\/nelluxbeauty.com\/fr\/shop\/soins-professionnels\/sourcils-fr\/colorants\/developpeur-de-couleur-savannah-de-lami-lashes-brows\/\" \/>\n<meta property=\"og:locale\" content=\"fr_FR\" \/>\n<meta property=\"og:type\" content=\"article\" \/>\n<meta property=\"og:title\" content=\"D\u00e9veloppeur de couleur Savannah de Lami Lashes &amp; Brows | NEL LUX BEAUTY\" \/>\n<meta property=\"og:description\" content=\"Maximisez l&rsquo;impact de vos traitements color\u00e9s avec notre r\u00e9v\u00e9lateur de teinte de qualit\u00e9 professionnelle. Cette formulation essentielle est con\u00e7ue pour\" \/>\n<meta property=\"og:url\" content=\"https:\/\/nelluxbeauty.com\/fr\/shop\/soins-professionnels\/sourcils-fr\/colorants\/developpeur-de-couleur-savannah-de-lami-lashes-brows\/\" \/>\n<meta property=\"og:site_name\" content=\"NEL LUX BEAUTY\" \/>\n<meta property=\"article:modified_time\" content=\"2024-12-19T12:31:54+00:00\" \/>\n<meta property=\"og:image\" content=\"https:\/\/nelluxbeauty.com\/wp-content\/uploads\/2024\/06\/lami-lashes-product-image-017-scaled.jpg\" \/>\n\t<meta property=\"og:image:width\" content=\"2560\" \/>\n\t<meta property=\"og:image:height\" content=\"1706\" \/>\n\t<meta property=\"og:image:type\" content=\"image\/jpeg\" \/>\n<meta name=\"twitter:card\" content=\"summary_large_image\" \/>\n<script type=\"application\/ld+json\" class=\"yoast-schema-graph\">{\"@context\":\"https:\/\/schema.org\",\"@graph\":[{\"@type\":\"WebPage\",\"@id\":\"https:\/\/nelluxbeauty.com\/fr\/shop\/soins-professionnels\/sourcils-fr\/colorants\/developpeur-de-couleur-savannah-de-lami-lashes-brows\/\",\"url\":\"https:\/\/nelluxbeauty.com\/fr\/shop\/soins-professionnels\/sourcils-fr\/colorants\/developpeur-de-couleur-savannah-de-lami-lashes-brows\/\",\"name\":\"D\u00e9veloppeur de couleur Savannah de Lami Lashes &amp; Brows | NEL LUX BEAUTY\",\"isPartOf\":{\"@id\":\"https:\/\/nelluxbeauty.com\/#website\"},\"primaryImageOfPage\":{\"@id\":\"https:\/\/nelluxbeauty.com\/fr\/shop\/soins-professionnels\/sourcils-fr\/colorants\/developpeur-de-couleur-savannah-de-lami-lashes-brows\/#primaryimage\"},\"image\":{\"@id\":\"https:\/\/nelluxbeauty.com\/fr\/shop\/soins-professionnels\/sourcils-fr\/colorants\/developpeur-de-couleur-savannah-de-lami-lashes-brows\/#primaryimage\"},\"thumbnailUrl\":\"https:\/\/nelluxbeauty.com\/wp-content\/uploads\/2024\/05\/savannah-ddeveloper.png\",\"datePublished\":\"2024-05-07T11:58:26+00:00\",\"dateModified\":\"2024-12-19T12:31:54+00:00\",\"breadcrumb\":{\"@id\":\"https:\/\/nelluxbeauty.com\/fr\/shop\/soins-professionnels\/sourcils-fr\/colorants\/developpeur-de-couleur-savannah-de-lami-lashes-brows\/#breadcrumb\"},\"inLanguage\":\"fr-FR\",\"potentialAction\":[{\"@type\":\"ReadAction\",\"target\":[\"https:\/\/nelluxbeauty.com\/fr\/shop\/soins-professionnels\/sourcils-fr\/colorants\/developpeur-de-couleur-savannah-de-lami-lashes-brows\/\"]}]},{\"@type\":\"ImageObject\",\"inLanguage\":\"fr-FR\",\"@id\":\"https:\/\/nelluxbeauty.com\/fr\/shop\/soins-professionnels\/sourcils-fr\/colorants\/developpeur-de-couleur-savannah-de-lami-lashes-brows\/#primaryimage\",\"url\":\"https:\/\/nelluxbeauty.com\/wp-content\/uploads\/2024\/05\/savannah-ddeveloper.png\",\"contentUrl\":\"https:\/\/nelluxbeauty.com\/wp-content\/uploads\/2024\/05\/savannah-ddeveloper.png\",\"width\":680,\"height\":920},{\"@type\":\"BreadcrumbList\",\"@id\":\"https:\/\/nelluxbeauty.com\/fr\/shop\/soins-professionnels\/sourcils-fr\/colorants\/developpeur-de-couleur-savannah-de-lami-lashes-brows\/#breadcrumb\",\"itemListElement\":[{\"@type\":\"ListItem\",\"position\":1,\"name\":\"Home\",\"item\":\"https:\/\/nelluxbeauty.com\/\"},{\"@type\":\"ListItem\",\"position\":2,\"name\":\"Shop\",\"item\":\"https:\/\/nelluxbeauty.com\/fr\/shop\/\"},{\"@type\":\"ListItem\",\"position\":3,\"name\":\"D\u00e9veloppeur de couleur Savannah de Lami Lashes &amp; Brows\"}]},{\"@type\":\"WebSite\",\"@id\":\"https:\/\/nelluxbeauty.com\/#website\",\"url\":\"https:\/\/nelluxbeauty.com\/\",\"name\":\"NEL LUX BEAUTY\",\"description\":\"\",\"publisher\":{\"@id\":\"https:\/\/nelluxbeauty.com\/#organization\"},\"potentialAction\":[{\"@type\":\"SearchAction\",\"target\":{\"@type\":\"EntryPoint\",\"urlTemplate\":\"https:\/\/nelluxbeauty.com\/?s={search_term_string}\"},\"query-input\":{\"@type\":\"PropertyValueSpecification\",\"valueRequired\":true,\"valueName\":\"search_term_string\"}}],\"inLanguage\":\"fr-FR\"},{\"@type\":\"Organization\",\"@id\":\"https:\/\/nelluxbeauty.com\/#organization\",\"name\":\"NEL LUX BEAUTY\",\"url\":\"https:\/\/nelluxbeauty.com\/\",\"logo\":{\"@type\":\"ImageObject\",\"inLanguage\":\"fr-FR\",\"@id\":\"https:\/\/nelluxbeauty.com\/#\/schema\/logo\/image\/\",\"url\":\"https:\/\/nelluxbeauty.com\/wp-content\/uploads\/2024\/07\/nellux_beauty_logo.svg\",\"contentUrl\":\"https:\/\/nelluxbeauty.com\/wp-content\/uploads\/2024\/07\/nellux_beauty_logo.svg\",\"width\":305,\"height\":305,\"caption\":\"NEL LUX BEAUTY\"},\"image\":{\"@id\":\"https:\/\/nelluxbeauty.com\/#\/schema\/logo\/image\/\"}}]}<\/script>\n<!-- \/ Yoast SEO plugin. -->","yoast_head_json":{"title":"D\u00e9veloppeur de couleur Savannah de Lami Lashes &amp; Brows | NEL LUX BEAUTY","robots":{"index":"index","follow":"follow","max-snippet":"max-snippet:-1","max-image-preview":"max-image-preview:large","max-video-preview":"max-video-preview:-1"},"canonical":"https:\/\/nelluxbeauty.com\/fr\/shop\/soins-professionnels\/sourcils-fr\/colorants\/developpeur-de-couleur-savannah-de-lami-lashes-brows\/","og_locale":"fr_FR","og_type":"article","og_title":"D\u00e9veloppeur de couleur Savannah de Lami Lashes &amp; Brows | NEL LUX BEAUTY","og_description":"Maximisez l&rsquo;impact de vos traitements color\u00e9s avec notre r\u00e9v\u00e9lateur de teinte de qualit\u00e9 professionnelle. Cette formulation essentielle est con\u00e7ue pour","og_url":"https:\/\/nelluxbeauty.com\/fr\/shop\/soins-professionnels\/sourcils-fr\/colorants\/developpeur-de-couleur-savannah-de-lami-lashes-brows\/","og_site_name":"NEL LUX BEAUTY","article_modified_time":"2024-12-19T12:31:54+00:00","og_image":[{"width":2560,"height":1706,"url":"https:\/\/nelluxbeauty.com\/wp-content\/uploads\/2024\/06\/lami-lashes-product-image-017-scaled.jpg","type":"image\/jpeg"}],"twitter_card":"summary_large_image","schema":{"@context":"https:\/\/schema.org","@graph":[{"@type":"WebPage","@id":"https:\/\/nelluxbeauty.com\/fr\/shop\/soins-professionnels\/sourcils-fr\/colorants\/developpeur-de-couleur-savannah-de-lami-lashes-brows\/","url":"https:\/\/nelluxbeauty.com\/fr\/shop\/soins-professionnels\/sourcils-fr\/colorants\/developpeur-de-couleur-savannah-de-lami-lashes-brows\/","name":"D\u00e9veloppeur de couleur Savannah de Lami Lashes &amp; Brows | NEL LUX BEAUTY","isPartOf":{"@id":"https:\/\/nelluxbeauty.com\/#website"},"primaryImageOfPage":{"@id":"https:\/\/nelluxbeauty.com\/fr\/shop\/soins-professionnels\/sourcils-fr\/colorants\/developpeur-de-couleur-savannah-de-lami-lashes-brows\/#primaryimage"},"image":{"@id":"https:\/\/nelluxbeauty.com\/fr\/shop\/soins-professionnels\/sourcils-fr\/colorants\/developpeur-de-couleur-savannah-de-lami-lashes-brows\/#primaryimage"},"thumbnailUrl":"https:\/\/nelluxbeauty.com\/wp-content\/uploads\/2024\/05\/savannah-ddeveloper.png","datePublished":"2024-05-07T11:58:26+00:00","dateModified":"2024-12-19T12:31:54+00:00","breadcrumb":{"@id":"https:\/\/nelluxbeauty.com\/fr\/shop\/soins-professionnels\/sourcils-fr\/colorants\/developpeur-de-couleur-savannah-de-lami-lashes-brows\/#breadcrumb"},"inLanguage":"fr-FR","potentialAction":[{"@type":"ReadAction","target":["https:\/\/nelluxbeauty.com\/fr\/shop\/soins-professionnels\/sourcils-fr\/colorants\/developpeur-de-couleur-savannah-de-lami-lashes-brows\/"]}]},{"@type":"ImageObject","inLanguage":"fr-FR","@id":"https:\/\/nelluxbeauty.com\/fr\/shop\/soins-professionnels\/sourcils-fr\/colorants\/developpeur-de-couleur-savannah-de-lami-lashes-brows\/#primaryimage","url":"https:\/\/nelluxbeauty.com\/wp-content\/uploads\/2024\/05\/savannah-ddeveloper.png","contentUrl":"https:\/\/nelluxbeauty.com\/wp-content\/uploads\/2024\/05\/savannah-ddeveloper.png","width":680,"height":920},{"@type":"BreadcrumbList","@id":"https:\/\/nelluxbeauty.com\/fr\/shop\/soins-professionnels\/sourcils-fr\/colorants\/developpeur-de-couleur-savannah-de-lami-lashes-brows\/#breadcrumb","itemListElement":[{"@type":"ListItem","position":1,"name":"Home","item":"https:\/\/nelluxbeauty.com\/"},{"@type":"ListItem","position":2,"name":"Shop","item":"https:\/\/nelluxbeauty.com\/fr\/shop\/"},{"@type":"ListItem","position":3,"name":"D\u00e9veloppeur de couleur Savannah de Lami Lashes &amp; Brows"}]},{"@type":"WebSite","@id":"https:\/\/nelluxbeauty.com\/#website","url":"https:\/\/nelluxbeauty.com\/","name":"NEL LUX BEAUTY","description":"","publisher":{"@id":"https:\/\/nelluxbeauty.com\/#organization"},"potentialAction":[{"@type":"SearchAction","target":{"@type":"EntryPoint","urlTemplate":"https:\/\/nelluxbeauty.com\/?s={search_term_string}"},"query-input":{"@type":"PropertyValueSpecification","valueRequired":true,"valueName":"search_term_string"}}],"inLanguage":"fr-FR"},{"@type":"Organization","@id":"https:\/\/nelluxbeauty.com\/#organization","name":"NEL LUX BEAUTY","url":"https:\/\/nelluxbeauty.com\/","logo":{"@type":"ImageObject","inLanguage":"fr-FR","@id":"https:\/\/nelluxbeauty.com\/#\/schema\/logo\/image\/","url":"https:\/\/nelluxbeauty.com\/wp-content\/uploads\/2024\/07\/nellux_beauty_logo.svg","contentUrl":"https:\/\/nelluxbeauty.com\/wp-content\/uploads\/2024\/07\/nellux_beauty_logo.svg","width":305,"height":305,"caption":"NEL LUX BEAUTY"},"image":{"@id":"https:\/\/nelluxbeauty.com\/#\/schema\/logo\/image\/"}}]}},"_links":{"self":[{"href":"https:\/\/nelluxbeauty.com\/fr\/wp-json\/wp\/v2\/product\/21385","targetHints":{"allow":["GET"]}}],"collection":[{"href":"https:\/\/nelluxbeauty.com\/fr\/wp-json\/wp\/v2\/product"}],"about":[{"href":"https:\/\/nelluxbeauty.com\/fr\/wp-json\/wp\/v2\/types\/product"}],"version-history":[{"count":0,"href":"https:\/\/nelluxbeauty.com\/fr\/wp-json\/wp\/v2\/product\/21385\/revisions"}],"wp:featuredmedia":[{"embeddable":true,"href":"https:\/\/nelluxbeauty.com\/fr\/wp-json\/wp\/v2\/media\/24116"}],"wp:attachment":[{"href":"https:\/\/nelluxbeauty.com\/fr\/wp-json\/wp\/v2\/media?parent=21385"}],"wp:term":[{"taxonomy":"product_brand","embeddable":true,"href":"https:\/\/nelluxbeauty.com\/fr\/wp-json\/wp\/v2\/product_brand?post=21385"},{"taxonomy":"product_cat","embeddable":true,"href":"https:\/\/nelluxbeauty.com\/fr\/wp-json\/wp\/v2\/product_cat?post=21385"},{"taxonomy":"product_tag","embeddable":true,"href":"https:\/\/nelluxbeauty.com\/fr\/wp-json\/wp\/v2\/product_tag?post=21385"}],"curies":[{"name":"wp","href":"https:\/\/api.w.org\/{rel}","templated":true}]}}