{"id":21325,"date":"2024-05-07T13:58:26","date_gmt":"2024-05-07T11:58:26","guid":{"rendered":"https:\/\/nelluxbeauty.com\/produkt\/lami-lashes-brows-savannah-color-guard\/"},"modified":"2024-12-19T13:31:54","modified_gmt":"2024-12-19T12:31:54","slug":"lami-lashes-brows-savannah-color-guard","status":"publish","type":"product","link":"https:\/\/nelluxbeauty.com\/fr\/shop\/soins-professionnels\/sourcils-fr\/colorants\/lami-lashes-brows-savannah-color-guard\/","title":{"rendered":"Lami Lashes &amp; Brows Savannah Color Guard"},"content":{"rendered":"<p><strong>Huile d&rsquo;olive<\/strong> &#8211; prot\u00e8ge contre le dess\u00e8chement et apporte de la brillance aux cheveux et aux cils. <strong>Vitamine C<\/strong> &#8211; assure une coloration \u00e0 la fois durable et douce, favorisant la pr\u00e9servation \u00e0 long terme de l&rsquo;intensit\u00e9 de la teinte. <strong>Extrait de th\u00e9 vert<\/strong> &#8211; renforce les cheveux\/cils et stimule leur croissance. <strong>Extrait d&rsquo;aloe vera<\/strong> &#8211; r\u00e9tablit l&rsquo;humidit\u00e9 perdue dans les cheveux secs, renforce la structure et r\u00e9tablit les cheveux et les cils affaiblis.<br \/>\nLa valeur pH est de 9,5, ce qui signifie qu&rsquo;elle p\u00e9n\u00e8tre dans les poils et que la couleur dure environ 8 jours sur la peau et 5 \u00e0 6 semaines sur les poils, pour un r\u00e9sultat final intense.   <\/p>\n<h3>Utilisation :<\/h3>\n<p>  Le rapport de m\u00e9lange entre la solution et la teinte est de 1:1.<br \/>\nAvec un temps d&rsquo;exposition de 5 minutes, vous obtenez un effet naturel.<br \/>\nAvec un temps de pose de 10 \u00e0 15 minutes, vous obtenez un effet intensif et audacieux.<br \/>\nApr\u00e8s la proc\u00e9dure de stratification des sourcils, la teinture doit \u00eatre laiss\u00e9e en place pendant 1 \u00e0 3 minutes, en fonction de l&rsquo;intensit\u00e9 souhait\u00e9e de la nuance.<br \/>\nLa saturation de la couleur et le degr\u00e9 de coloration de la peau d\u00e9pendent de la dur\u00e9e d&rsquo;exposition de la teinture.      <\/p>\n<h3>Lami Hybrid Tint Savannah<\/h3>\n<p>  ne se contente pas de colorer les cheveux et de cr\u00e9er une belle teinte sur la peau, mais contient \u00e9galement des ingr\u00e9dients nourrissants qui aident \u00e0 renforcer et \u00e0 prot\u00e9ger les cheveux, et \u00e0 stimuler leur croissance.<br \/>\nCette teinture peut \u00eatre utilis\u00e9e pour les sourcils et les cils.<br \/>\nLa gamme comprend 5 couleurs magnifiques, ce qui vous permet de cr\u00e9er diff\u00e9rentes nuances et de les personnaliser en fonction des besoins de vos clients.<\/p>\n","protected":false},"excerpt":{"rendered":"<h2>GARDE DE COULEURS DE SAVANNAH<\/h2>\n<p><strong>Une nouvelle teinte hybride qui convient \u00e0 la fois aux sourcils et aux cils.<\/strong>  Ce produit contient des ingr\u00e9dients nourrissants qui renforcent les cheveux, leur donnent de la brillance, les prot\u00e8gent et stimulent leur croissance.<br \/>\nLa palette offre 5 belles couleurs, auxquelles nous recommandons nos 2 oxydes (1,5% pour la stratification et 2,8% pour la coloration sans stratification ult\u00e9rieure).<br \/>\nCeux-ci vous permettent de cr\u00e9er une vari\u00e9t\u00e9 de nuances et de les adapter parfaitement aux besoins de vos clients !  <\/p>\n","protected":false},"featured_media":24120,"template":"","meta":[],"product_brand":[],"product_cat":[1041,995,996,1037],"product_tag":[],"class_list":{"0":"post-21325","1":"product","2":"type-product","3":"status-publish","4":"has-post-thumbnail","6":"product_cat-cils-fr","7":"product_cat-soins-professionnels","8":"product_cat-sourcils-fr","9":"product_cat-colorants","10":"pa_color-choco-deer-marron-fonce","11":"pa_color-panthere-noire-bleu-noir","12":"pa_color-serval-dor-marron-clair","13":"pa_color-tigre-de-bronze-marron-moyen","14":"pa_color-umber-girafe-chataigne","16":"first","17":"instock","18":"taxable","19":"shipping-taxable","20":"purchasable","21":"product-type-variable"},"yoast_head":"<!-- This site is optimized with the Yoast SEO plugin v24.0 - https:\/\/yoast.com\/wordpress\/plugins\/seo\/ -->\n<title>Lami Lashes &amp; Brows Savannah Color Guard | NEL LUX BEAUTY<\/title>\n<meta name=\"robots\" content=\"index, follow, max-snippet:-1, max-image-preview:large, max-video-preview:-1\" \/>\n<link rel=\"canonical\" href=\"https:\/\/nelluxbeauty.com\/fr\/shop\/soins-professionnels\/sourcils-fr\/colorants\/lami-lashes-brows-savannah-color-guard\/\" \/>\n<meta property=\"og:locale\" content=\"fr_FR\" \/>\n<meta property=\"og:type\" content=\"article\" \/>\n<meta property=\"og:title\" content=\"Lami Lashes &amp; Brows Savannah Color Guard | NEL LUX BEAUTY\" \/>\n<meta property=\"og:description\" content=\"GARDE DE COULEURS DE SAVANNAH Une nouvelle teinte hybride qui convient \u00e0 la fois aux sourcils et aux cils. Ce produit contient des ingr\u00e9dients nourrissants qui renforcent les cheveux, leur donnent de la brillance, les prot\u00e8gent et stimulent leur croissance. La palette offre 5 belles couleurs, auxquelles nous recommandons nos 2 oxydes (1,5% pour la stratification et 2,8% pour la coloration sans stratification ult\u00e9rieure). Ceux-ci vous permettent de cr\u00e9er une vari\u00e9t\u00e9 de nuances et de les adapter parfaitement aux besoins de vos clients !\" \/>\n<meta property=\"og:url\" content=\"https:\/\/nelluxbeauty.com\/fr\/shop\/soins-professionnels\/sourcils-fr\/colorants\/lami-lashes-brows-savannah-color-guard\/\" \/>\n<meta property=\"og:site_name\" content=\"NEL LUX BEAUTY\" \/>\n<meta property=\"article:modified_time\" content=\"2024-12-19T12:31:54+00:00\" \/>\n<meta property=\"og:image\" content=\"https:\/\/nelluxbeauty.com\/wp-content\/uploads\/2024\/06\/lami-lashes-product-image-059-scaled.jpg\" \/>\n\t<meta property=\"og:image:width\" content=\"2560\" \/>\n\t<meta property=\"og:image:height\" content=\"1706\" \/>\n\t<meta property=\"og:image:type\" content=\"image\/jpeg\" \/>\n<meta name=\"twitter:card\" content=\"summary_large_image\" \/>\n<meta name=\"twitter:label1\" content=\"Dur\u00e9e de lecture estim\u00e9e\" \/>\n\t<meta name=\"twitter:data1\" content=\"1 minute\" \/>\n<script type=\"application\/ld+json\" class=\"yoast-schema-graph\">{\"@context\":\"https:\/\/schema.org\",\"@graph\":[{\"@type\":\"WebPage\",\"@id\":\"https:\/\/nelluxbeauty.com\/fr\/shop\/soins-professionnels\/sourcils-fr\/colorants\/lami-lashes-brows-savannah-color-guard\/\",\"url\":\"https:\/\/nelluxbeauty.com\/fr\/shop\/soins-professionnels\/sourcils-fr\/colorants\/lami-lashes-brows-savannah-color-guard\/\",\"name\":\"Lami Lashes &amp; Brows Savannah Color Guard | NEL LUX BEAUTY\",\"isPartOf\":{\"@id\":\"https:\/\/nelluxbeauty.com\/#website\"},\"primaryImageOfPage\":{\"@id\":\"https:\/\/nelluxbeauty.com\/fr\/shop\/soins-professionnels\/sourcils-fr\/colorants\/lami-lashes-brows-savannah-color-guard\/#primaryimage\"},\"image\":{\"@id\":\"https:\/\/nelluxbeauty.com\/fr\/shop\/soins-professionnels\/sourcils-fr\/colorants\/lami-lashes-brows-savannah-color-guard\/#primaryimage\"},\"thumbnailUrl\":\"https:\/\/nelluxbeauty.com\/wp-content\/uploads\/2024\/05\/savannah-5-colors.png\",\"datePublished\":\"2024-05-07T11:58:26+00:00\",\"dateModified\":\"2024-12-19T12:31:54+00:00\",\"breadcrumb\":{\"@id\":\"https:\/\/nelluxbeauty.com\/fr\/shop\/soins-professionnels\/sourcils-fr\/colorants\/lami-lashes-brows-savannah-color-guard\/#breadcrumb\"},\"inLanguage\":\"fr-FR\",\"potentialAction\":[{\"@type\":\"ReadAction\",\"target\":[\"https:\/\/nelluxbeauty.com\/fr\/shop\/soins-professionnels\/sourcils-fr\/colorants\/lami-lashes-brows-savannah-color-guard\/\"]}]},{\"@type\":\"ImageObject\",\"inLanguage\":\"fr-FR\",\"@id\":\"https:\/\/nelluxbeauty.com\/fr\/shop\/soins-professionnels\/sourcils-fr\/colorants\/lami-lashes-brows-savannah-color-guard\/#primaryimage\",\"url\":\"https:\/\/nelluxbeauty.com\/wp-content\/uploads\/2024\/05\/savannah-5-colors.png\",\"contentUrl\":\"https:\/\/nelluxbeauty.com\/wp-content\/uploads\/2024\/05\/savannah-5-colors.png\",\"width\":680,\"height\":920},{\"@type\":\"BreadcrumbList\",\"@id\":\"https:\/\/nelluxbeauty.com\/fr\/shop\/soins-professionnels\/sourcils-fr\/colorants\/lami-lashes-brows-savannah-color-guard\/#breadcrumb\",\"itemListElement\":[{\"@type\":\"ListItem\",\"position\":1,\"name\":\"Home\",\"item\":\"https:\/\/nelluxbeauty.com\/\"},{\"@type\":\"ListItem\",\"position\":2,\"name\":\"Shop\",\"item\":\"https:\/\/nelluxbeauty.com\/fr\/shop\/\"},{\"@type\":\"ListItem\",\"position\":3,\"name\":\"Lami Lashes &amp; Brows Savannah Color Guard\"}]},{\"@type\":\"WebSite\",\"@id\":\"https:\/\/nelluxbeauty.com\/#website\",\"url\":\"https:\/\/nelluxbeauty.com\/\",\"name\":\"NEL LUX BEAUTY\",\"description\":\"\",\"publisher\":{\"@id\":\"https:\/\/nelluxbeauty.com\/#organization\"},\"potentialAction\":[{\"@type\":\"SearchAction\",\"target\":{\"@type\":\"EntryPoint\",\"urlTemplate\":\"https:\/\/nelluxbeauty.com\/?s={search_term_string}\"},\"query-input\":{\"@type\":\"PropertyValueSpecification\",\"valueRequired\":true,\"valueName\":\"search_term_string\"}}],\"inLanguage\":\"fr-FR\"},{\"@type\":\"Organization\",\"@id\":\"https:\/\/nelluxbeauty.com\/#organization\",\"name\":\"NEL LUX BEAUTY\",\"url\":\"https:\/\/nelluxbeauty.com\/\",\"logo\":{\"@type\":\"ImageObject\",\"inLanguage\":\"fr-FR\",\"@id\":\"https:\/\/nelluxbeauty.com\/#\/schema\/logo\/image\/\",\"url\":\"https:\/\/nelluxbeauty.com\/wp-content\/uploads\/2024\/07\/nellux_beauty_logo.svg\",\"contentUrl\":\"https:\/\/nelluxbeauty.com\/wp-content\/uploads\/2024\/07\/nellux_beauty_logo.svg\",\"width\":305,\"height\":305,\"caption\":\"NEL LUX BEAUTY\"},\"image\":{\"@id\":\"https:\/\/nelluxbeauty.com\/#\/schema\/logo\/image\/\"}}]}<\/script>\n<!-- \/ Yoast SEO plugin. -->","yoast_head_json":{"title":"Lami Lashes &amp; Brows Savannah Color Guard | NEL LUX BEAUTY","robots":{"index":"index","follow":"follow","max-snippet":"max-snippet:-1","max-image-preview":"max-image-preview:large","max-video-preview":"max-video-preview:-1"},"canonical":"https:\/\/nelluxbeauty.com\/fr\/shop\/soins-professionnels\/sourcils-fr\/colorants\/lami-lashes-brows-savannah-color-guard\/","og_locale":"fr_FR","og_type":"article","og_title":"Lami Lashes &amp; Brows Savannah Color Guard | NEL LUX BEAUTY","og_description":"GARDE DE COULEURS DE SAVANNAH Une nouvelle teinte hybride qui convient \u00e0 la fois aux sourcils et aux cils. Ce produit contient des ingr\u00e9dients nourrissants qui renforcent les cheveux, leur donnent de la brillance, les prot\u00e8gent et stimulent leur croissance. La palette offre 5 belles couleurs, auxquelles nous recommandons nos 2 oxydes (1,5% pour la stratification et 2,8% pour la coloration sans stratification ult\u00e9rieure). Ceux-ci vous permettent de cr\u00e9er une vari\u00e9t\u00e9 de nuances et de les adapter parfaitement aux besoins de vos clients !","og_url":"https:\/\/nelluxbeauty.com\/fr\/shop\/soins-professionnels\/sourcils-fr\/colorants\/lami-lashes-brows-savannah-color-guard\/","og_site_name":"NEL LUX BEAUTY","article_modified_time":"2024-12-19T12:31:54+00:00","og_image":[{"width":2560,"height":1706,"url":"https:\/\/nelluxbeauty.com\/wp-content\/uploads\/2024\/06\/lami-lashes-product-image-059-scaled.jpg","type":"image\/jpeg"}],"twitter_card":"summary_large_image","twitter_misc":{"Dur\u00e9e de lecture estim\u00e9e":"1 minute"},"schema":{"@context":"https:\/\/schema.org","@graph":[{"@type":"WebPage","@id":"https:\/\/nelluxbeauty.com\/fr\/shop\/soins-professionnels\/sourcils-fr\/colorants\/lami-lashes-brows-savannah-color-guard\/","url":"https:\/\/nelluxbeauty.com\/fr\/shop\/soins-professionnels\/sourcils-fr\/colorants\/lami-lashes-brows-savannah-color-guard\/","name":"Lami Lashes &amp; Brows Savannah Color Guard | NEL LUX BEAUTY","isPartOf":{"@id":"https:\/\/nelluxbeauty.com\/#website"},"primaryImageOfPage":{"@id":"https:\/\/nelluxbeauty.com\/fr\/shop\/soins-professionnels\/sourcils-fr\/colorants\/lami-lashes-brows-savannah-color-guard\/#primaryimage"},"image":{"@id":"https:\/\/nelluxbeauty.com\/fr\/shop\/soins-professionnels\/sourcils-fr\/colorants\/lami-lashes-brows-savannah-color-guard\/#primaryimage"},"thumbnailUrl":"https:\/\/nelluxbeauty.com\/wp-content\/uploads\/2024\/05\/savannah-5-colors.png","datePublished":"2024-05-07T11:58:26+00:00","dateModified":"2024-12-19T12:31:54+00:00","breadcrumb":{"@id":"https:\/\/nelluxbeauty.com\/fr\/shop\/soins-professionnels\/sourcils-fr\/colorants\/lami-lashes-brows-savannah-color-guard\/#breadcrumb"},"inLanguage":"fr-FR","potentialAction":[{"@type":"ReadAction","target":["https:\/\/nelluxbeauty.com\/fr\/shop\/soins-professionnels\/sourcils-fr\/colorants\/lami-lashes-brows-savannah-color-guard\/"]}]},{"@type":"ImageObject","inLanguage":"fr-FR","@id":"https:\/\/nelluxbeauty.com\/fr\/shop\/soins-professionnels\/sourcils-fr\/colorants\/lami-lashes-brows-savannah-color-guard\/#primaryimage","url":"https:\/\/nelluxbeauty.com\/wp-content\/uploads\/2024\/05\/savannah-5-colors.png","contentUrl":"https:\/\/nelluxbeauty.com\/wp-content\/uploads\/2024\/05\/savannah-5-colors.png","width":680,"height":920},{"@type":"BreadcrumbList","@id":"https:\/\/nelluxbeauty.com\/fr\/shop\/soins-professionnels\/sourcils-fr\/colorants\/lami-lashes-brows-savannah-color-guard\/#breadcrumb","itemListElement":[{"@type":"ListItem","position":1,"name":"Home","item":"https:\/\/nelluxbeauty.com\/"},{"@type":"ListItem","position":2,"name":"Shop","item":"https:\/\/nelluxbeauty.com\/fr\/shop\/"},{"@type":"ListItem","position":3,"name":"Lami Lashes &amp; Brows Savannah Color Guard"}]},{"@type":"WebSite","@id":"https:\/\/nelluxbeauty.com\/#website","url":"https:\/\/nelluxbeauty.com\/","name":"NEL LUX BEAUTY","description":"","publisher":{"@id":"https:\/\/nelluxbeauty.com\/#organization"},"potentialAction":[{"@type":"SearchAction","target":{"@type":"EntryPoint","urlTemplate":"https:\/\/nelluxbeauty.com\/?s={search_term_string}"},"query-input":{"@type":"PropertyValueSpecification","valueRequired":true,"valueName":"search_term_string"}}],"inLanguage":"fr-FR"},{"@type":"Organization","@id":"https:\/\/nelluxbeauty.com\/#organization","name":"NEL LUX BEAUTY","url":"https:\/\/nelluxbeauty.com\/","logo":{"@type":"ImageObject","inLanguage":"fr-FR","@id":"https:\/\/nelluxbeauty.com\/#\/schema\/logo\/image\/","url":"https:\/\/nelluxbeauty.com\/wp-content\/uploads\/2024\/07\/nellux_beauty_logo.svg","contentUrl":"https:\/\/nelluxbeauty.com\/wp-content\/uploads\/2024\/07\/nellux_beauty_logo.svg","width":305,"height":305,"caption":"NEL LUX BEAUTY"},"image":{"@id":"https:\/\/nelluxbeauty.com\/#\/schema\/logo\/image\/"}}]}},"_links":{"self":[{"href":"https:\/\/nelluxbeauty.com\/fr\/wp-json\/wp\/v2\/product\/21325","targetHints":{"allow":["GET"]}}],"collection":[{"href":"https:\/\/nelluxbeauty.com\/fr\/wp-json\/wp\/v2\/product"}],"about":[{"href":"https:\/\/nelluxbeauty.com\/fr\/wp-json\/wp\/v2\/types\/product"}],"version-history":[{"count":0,"href":"https:\/\/nelluxbeauty.com\/fr\/wp-json\/wp\/v2\/product\/21325\/revisions"}],"wp:featuredmedia":[{"embeddable":true,"href":"https:\/\/nelluxbeauty.com\/fr\/wp-json\/wp\/v2\/media\/24120"}],"wp:attachment":[{"href":"https:\/\/nelluxbeauty.com\/fr\/wp-json\/wp\/v2\/media?parent=21325"}],"wp:term":[{"taxonomy":"product_brand","embeddable":true,"href":"https:\/\/nelluxbeauty.com\/fr\/wp-json\/wp\/v2\/product_brand?post=21325"},{"taxonomy":"product_cat","embeddable":true,"href":"https:\/\/nelluxbeauty.com\/fr\/wp-json\/wp\/v2\/product_cat?post=21325"},{"taxonomy":"product_tag","embeddable":true,"href":"https:\/\/nelluxbeauty.com\/fr\/wp-json\/wp\/v2\/product_tag?post=21325"}],"curies":[{"name":"wp","href":"https:\/\/api.w.org\/{rel}","templated":true}]}}