{"id":25037,"date":"2026-01-06T16:37:32","date_gmt":"2026-01-06T15:37:32","guid":{"rendered":"https:\/\/nelluxbeauty.com\/shop\/unkategorisiert\/wimpernlifting-pudertechnik-online-ratgeber\/"},"modified":"2026-01-06T16:39:37","modified_gmt":"2026-01-06T15:39:37","slug":"wimpernlifting-pudertechnik-online-ratgeber","status":"publish","type":"product","link":"https:\/\/nelluxbeauty.com\/de\/shop\/professional-care\/koreanische-technik\/wimpernlifting-pudertechnik-online-ratgeber\/","title":{"rendered":"Wimpernlifting Pudertechnik Online Ratgeber"},"content":{"rendered":"<p>Entdecken Sie die innovative koreanische Technik f\u00fcr die Arbeit mit Puder und Wimpernlifting-L\u00f6sungen. Diese Schritt-f\u00fcr-Schritt-Anleitung erkl\u00e4rt zwei professionelle Methoden: die Anwendung von Puder auf Tupfern und auf Rollen. Lernen Sie, wie Sie die Wimpern richtig vorbereiten, die Formeln pr\u00e4zise mischen, einen makellosen Schwung erzielen und die Behandlung mit n\u00e4hrender Pflege abschlie\u00dfen. Perfekt f\u00fcr Wimpernk\u00fcnstler, die fortschrittliche Lifting-Techniken beherrschen und ihren Kunden lang anhaltende, gesunde Ergebnisse liefern m\u00f6chten.<\/p>\n","protected":false},"excerpt":{"rendered":"<p>Entdecken Sie die innovative koreanische Technik f\u00fcr die Arbeit mit Puder und Wimpernlifting-L\u00f6sungen. Diese Schritt-f\u00fcr-Schritt-Anleitung erkl\u00e4rt zwei professionelle Methoden: die<\/p>\n","protected":false},"featured_media":25003,"template":"","meta":[],"product_brand":[],"product_cat":[1367,989],"product_tag":[],"class_list":{"0":"post-25037","1":"product","2":"type-product","3":"status-publish","4":"has-post-thumbnail","6":"product_cat-koreanische-technik","7":"product_cat-professional-care","8":"pa_language-de-de","9":"pa_language-eng-de","10":"pa_language-lv-de","11":"pa_language-pl-de","12":"pa_language-rus-de","14":"first","15":"instock","16":"taxable","17":"shipping-taxable","18":"purchasable","19":"product-type-variable"},"yoast_head":"<!-- This site is optimized with the Yoast SEO plugin v24.0 - https:\/\/yoast.com\/wordpress\/plugins\/seo\/ -->\n<title>Wimpernlifting Pudertechnik Online Ratgeber | NEL LUX BEAUTY<\/title>\n<meta name=\"robots\" content=\"index, follow, max-snippet:-1, max-image-preview:large, max-video-preview:-1\" \/>\n<link rel=\"canonical\" href=\"https:\/\/nelluxbeauty.com\/de\/shop\/professional-care\/wimpernlifting-pudertechnik-online-ratgeber\/\" \/>\n<meta property=\"og:locale\" content=\"de_DE\" \/>\n<meta property=\"og:type\" content=\"article\" \/>\n<meta property=\"og:title\" content=\"Wimpernlifting Pudertechnik Online Ratgeber | NEL LUX BEAUTY\" \/>\n<meta property=\"og:description\" content=\"Entdecken Sie die innovative koreanische Technik f\u00fcr die Arbeit mit Puder und Wimpernlifting-L\u00f6sungen. Diese Schritt-f\u00fcr-Schritt-Anleitung erkl\u00e4rt zwei professionelle Methoden: die\" \/>\n<meta property=\"og:url\" content=\"https:\/\/nelluxbeauty.com\/de\/shop\/professional-care\/wimpernlifting-pudertechnik-online-ratgeber\/\" \/>\n<meta property=\"og:site_name\" content=\"NEL LUX BEAUTY\" \/>\n<meta property=\"article:modified_time\" content=\"2026-01-06T15:39:37+00:00\" \/>\n<meta property=\"og:image\" content=\"https:\/\/nelluxbeauty.com\/wp-content\/uploads\/2026\/01\/Lash-lift-powder-technique.jpg\" \/>\n\t<meta property=\"og:image:width\" content=\"1080\" \/>\n\t<meta property=\"og:image:height\" content=\"1920\" \/>\n\t<meta property=\"og:image:type\" content=\"image\/jpeg\" \/>\n<meta name=\"twitter:card\" content=\"summary_large_image\" \/>\n<script type=\"application\/ld+json\" class=\"yoast-schema-graph\">{\"@context\":\"https:\/\/schema.org\",\"@graph\":[{\"@type\":\"WebPage\",\"@id\":\"https:\/\/nelluxbeauty.com\/de\/shop\/professional-care\/wimpernlifting-pudertechnik-online-ratgeber\/\",\"url\":\"https:\/\/nelluxbeauty.com\/de\/shop\/professional-care\/wimpernlifting-pudertechnik-online-ratgeber\/\",\"name\":\"Wimpernlifting Pudertechnik Online Ratgeber | NEL LUX BEAUTY\",\"isPartOf\":{\"@id\":\"https:\/\/nelluxbeauty.com\/#website\"},\"primaryImageOfPage\":{\"@id\":\"https:\/\/nelluxbeauty.com\/de\/shop\/professional-care\/wimpernlifting-pudertechnik-online-ratgeber\/#primaryimage\"},\"image\":{\"@id\":\"https:\/\/nelluxbeauty.com\/de\/shop\/professional-care\/wimpernlifting-pudertechnik-online-ratgeber\/#primaryimage\"},\"thumbnailUrl\":\"https:\/\/nelluxbeauty.com\/wp-content\/uploads\/2026\/01\/Lash-lift-powder-technique.jpg\",\"datePublished\":\"2026-01-06T15:37:32+00:00\",\"dateModified\":\"2026-01-06T15:39:37+00:00\",\"breadcrumb\":{\"@id\":\"https:\/\/nelluxbeauty.com\/de\/shop\/professional-care\/wimpernlifting-pudertechnik-online-ratgeber\/#breadcrumb\"},\"inLanguage\":\"de\",\"potentialAction\":[{\"@type\":\"ReadAction\",\"target\":[\"https:\/\/nelluxbeauty.com\/de\/shop\/professional-care\/wimpernlifting-pudertechnik-online-ratgeber\/\"]}]},{\"@type\":\"ImageObject\",\"inLanguage\":\"de\",\"@id\":\"https:\/\/nelluxbeauty.com\/de\/shop\/professional-care\/wimpernlifting-pudertechnik-online-ratgeber\/#primaryimage\",\"url\":\"https:\/\/nelluxbeauty.com\/wp-content\/uploads\/2026\/01\/Lash-lift-powder-technique.jpg\",\"contentUrl\":\"https:\/\/nelluxbeauty.com\/wp-content\/uploads\/2026\/01\/Lash-lift-powder-technique.jpg\",\"width\":1080,\"height\":1920},{\"@type\":\"BreadcrumbList\",\"@id\":\"https:\/\/nelluxbeauty.com\/de\/shop\/professional-care\/wimpernlifting-pudertechnik-online-ratgeber\/#breadcrumb\",\"itemListElement\":[{\"@type\":\"ListItem\",\"position\":1,\"name\":\"Home\",\"item\":\"https:\/\/nelluxbeauty.com\/\"},{\"@type\":\"ListItem\",\"position\":2,\"name\":\"Shop\",\"item\":\"https:\/\/nelluxbeauty.com\/de\/shop\/\"},{\"@type\":\"ListItem\",\"position\":3,\"name\":\"Wimpernlifting Pudertechnik Online Ratgeber\"}]},{\"@type\":\"WebSite\",\"@id\":\"https:\/\/nelluxbeauty.com\/#website\",\"url\":\"https:\/\/nelluxbeauty.com\/\",\"name\":\"NEL LUX BEAUTY\",\"description\":\"\",\"publisher\":{\"@id\":\"https:\/\/nelluxbeauty.com\/#organization\"},\"potentialAction\":[{\"@type\":\"SearchAction\",\"target\":{\"@type\":\"EntryPoint\",\"urlTemplate\":\"https:\/\/nelluxbeauty.com\/?s={search_term_string}\"},\"query-input\":{\"@type\":\"PropertyValueSpecification\",\"valueRequired\":true,\"valueName\":\"search_term_string\"}}],\"inLanguage\":\"de\"},{\"@type\":\"Organization\",\"@id\":\"https:\/\/nelluxbeauty.com\/#organization\",\"name\":\"NEL LUX BEAUTY\",\"url\":\"https:\/\/nelluxbeauty.com\/\",\"logo\":{\"@type\":\"ImageObject\",\"inLanguage\":\"de\",\"@id\":\"https:\/\/nelluxbeauty.com\/#\/schema\/logo\/image\/\",\"url\":\"https:\/\/nelluxbeauty.com\/wp-content\/uploads\/2024\/07\/nellux_beauty_logo.svg\",\"contentUrl\":\"https:\/\/nelluxbeauty.com\/wp-content\/uploads\/2024\/07\/nellux_beauty_logo.svg\",\"width\":305,\"height\":305,\"caption\":\"NEL LUX BEAUTY\"},\"image\":{\"@id\":\"https:\/\/nelluxbeauty.com\/#\/schema\/logo\/image\/\"}}]}<\/script>\n<!-- \/ Yoast SEO plugin. -->","yoast_head_json":{"title":"Wimpernlifting Pudertechnik Online Ratgeber | NEL LUX BEAUTY","robots":{"index":"index","follow":"follow","max-snippet":"max-snippet:-1","max-image-preview":"max-image-preview:large","max-video-preview":"max-video-preview:-1"},"canonical":"https:\/\/nelluxbeauty.com\/de\/shop\/professional-care\/wimpernlifting-pudertechnik-online-ratgeber\/","og_locale":"de_DE","og_type":"article","og_title":"Wimpernlifting Pudertechnik Online Ratgeber | NEL LUX BEAUTY","og_description":"Entdecken Sie die innovative koreanische Technik f\u00fcr die Arbeit mit Puder und Wimpernlifting-L\u00f6sungen. Diese Schritt-f\u00fcr-Schritt-Anleitung erkl\u00e4rt zwei professionelle Methoden: die","og_url":"https:\/\/nelluxbeauty.com\/de\/shop\/professional-care\/wimpernlifting-pudertechnik-online-ratgeber\/","og_site_name":"NEL LUX BEAUTY","article_modified_time":"2026-01-06T15:39:37+00:00","og_image":[{"width":1080,"height":1920,"url":"https:\/\/nelluxbeauty.com\/wp-content\/uploads\/2026\/01\/Lash-lift-powder-technique.jpg","type":"image\/jpeg"}],"twitter_card":"summary_large_image","schema":{"@context":"https:\/\/schema.org","@graph":[{"@type":"WebPage","@id":"https:\/\/nelluxbeauty.com\/de\/shop\/professional-care\/wimpernlifting-pudertechnik-online-ratgeber\/","url":"https:\/\/nelluxbeauty.com\/de\/shop\/professional-care\/wimpernlifting-pudertechnik-online-ratgeber\/","name":"Wimpernlifting Pudertechnik Online Ratgeber | NEL LUX BEAUTY","isPartOf":{"@id":"https:\/\/nelluxbeauty.com\/#website"},"primaryImageOfPage":{"@id":"https:\/\/nelluxbeauty.com\/de\/shop\/professional-care\/wimpernlifting-pudertechnik-online-ratgeber\/#primaryimage"},"image":{"@id":"https:\/\/nelluxbeauty.com\/de\/shop\/professional-care\/wimpernlifting-pudertechnik-online-ratgeber\/#primaryimage"},"thumbnailUrl":"https:\/\/nelluxbeauty.com\/wp-content\/uploads\/2026\/01\/Lash-lift-powder-technique.jpg","datePublished":"2026-01-06T15:37:32+00:00","dateModified":"2026-01-06T15:39:37+00:00","breadcrumb":{"@id":"https:\/\/nelluxbeauty.com\/de\/shop\/professional-care\/wimpernlifting-pudertechnik-online-ratgeber\/#breadcrumb"},"inLanguage":"de","potentialAction":[{"@type":"ReadAction","target":["https:\/\/nelluxbeauty.com\/de\/shop\/professional-care\/wimpernlifting-pudertechnik-online-ratgeber\/"]}]},{"@type":"ImageObject","inLanguage":"de","@id":"https:\/\/nelluxbeauty.com\/de\/shop\/professional-care\/wimpernlifting-pudertechnik-online-ratgeber\/#primaryimage","url":"https:\/\/nelluxbeauty.com\/wp-content\/uploads\/2026\/01\/Lash-lift-powder-technique.jpg","contentUrl":"https:\/\/nelluxbeauty.com\/wp-content\/uploads\/2026\/01\/Lash-lift-powder-technique.jpg","width":1080,"height":1920},{"@type":"BreadcrumbList","@id":"https:\/\/nelluxbeauty.com\/de\/shop\/professional-care\/wimpernlifting-pudertechnik-online-ratgeber\/#breadcrumb","itemListElement":[{"@type":"ListItem","position":1,"name":"Home","item":"https:\/\/nelluxbeauty.com\/"},{"@type":"ListItem","position":2,"name":"Shop","item":"https:\/\/nelluxbeauty.com\/de\/shop\/"},{"@type":"ListItem","position":3,"name":"Wimpernlifting Pudertechnik Online Ratgeber"}]},{"@type":"WebSite","@id":"https:\/\/nelluxbeauty.com\/#website","url":"https:\/\/nelluxbeauty.com\/","name":"NEL LUX BEAUTY","description":"","publisher":{"@id":"https:\/\/nelluxbeauty.com\/#organization"},"potentialAction":[{"@type":"SearchAction","target":{"@type":"EntryPoint","urlTemplate":"https:\/\/nelluxbeauty.com\/?s={search_term_string}"},"query-input":{"@type":"PropertyValueSpecification","valueRequired":true,"valueName":"search_term_string"}}],"inLanguage":"de"},{"@type":"Organization","@id":"https:\/\/nelluxbeauty.com\/#organization","name":"NEL LUX BEAUTY","url":"https:\/\/nelluxbeauty.com\/","logo":{"@type":"ImageObject","inLanguage":"de","@id":"https:\/\/nelluxbeauty.com\/#\/schema\/logo\/image\/","url":"https:\/\/nelluxbeauty.com\/wp-content\/uploads\/2024\/07\/nellux_beauty_logo.svg","contentUrl":"https:\/\/nelluxbeauty.com\/wp-content\/uploads\/2024\/07\/nellux_beauty_logo.svg","width":305,"height":305,"caption":"NEL LUX BEAUTY"},"image":{"@id":"https:\/\/nelluxbeauty.com\/#\/schema\/logo\/image\/"}}]}},"_links":{"self":[{"href":"https:\/\/nelluxbeauty.com\/de\/wp-json\/wp\/v2\/product\/25037","targetHints":{"allow":["GET"]}}],"collection":[{"href":"https:\/\/nelluxbeauty.com\/de\/wp-json\/wp\/v2\/product"}],"about":[{"href":"https:\/\/nelluxbeauty.com\/de\/wp-json\/wp\/v2\/types\/product"}],"version-history":[{"count":1,"href":"https:\/\/nelluxbeauty.com\/de\/wp-json\/wp\/v2\/product\/25037\/revisions"}],"predecessor-version":[{"id":25039,"href":"https:\/\/nelluxbeauty.com\/de\/wp-json\/wp\/v2\/product\/25037\/revisions\/25039"}],"wp:featuredmedia":[{"embeddable":true,"href":"https:\/\/nelluxbeauty.com\/de\/wp-json\/wp\/v2\/media\/25003"}],"wp:attachment":[{"href":"https:\/\/nelluxbeauty.com\/de\/wp-json\/wp\/v2\/media?parent=25037"}],"wp:term":[{"taxonomy":"product_brand","embeddable":true,"href":"https:\/\/nelluxbeauty.com\/de\/wp-json\/wp\/v2\/product_brand?post=25037"},{"taxonomy":"product_cat","embeddable":true,"href":"https:\/\/nelluxbeauty.com\/de\/wp-json\/wp\/v2\/product_cat?post=25037"},{"taxonomy":"product_tag","embeddable":true,"href":"https:\/\/nelluxbeauty.com\/de\/wp-json\/wp\/v2\/product_tag?post=25037"}],"curies":[{"name":"wp","href":"https:\/\/api.w.org\/{rel}","templated":true}]}}