{"id":23869,"date":"2025-01-22T03:15:02","date_gmt":"2025-01-22T02:15:02","guid":{"rendered":"https:\/\/nelluxbeauty.com\/shop\/unkategorisiert\/lami-werkzeugsatz\/"},"modified":"2025-01-22T03:15:02","modified_gmt":"2025-01-22T02:15:02","slug":"lami-werkzeugsatz","status":"publish","type":"product","link":"https:\/\/nelluxbeauty.com\/de\/shop\/professional-care\/wimpern-de\/buersten-de-2\/lami-werkzeugsatz\/","title":{"rendered":"Lami Werkzeugsatz"},"content":{"rendered":"<p>&#8211; Gro\u00dfer, abgeschr\u00e4gter Pinsel &#8211; zum Auftragen und Markieren der Augenbrauenkontur mit Paste. Verwendet sehr leicht einen gro\u00dfen Bereich der Augenbraue auf einmal. &#8211; Gerader Ingwerpinsel &#8211; zum Reinigen und Erstellen gerader Linien beim Auftragen der Kontur mit einem Stift oder einer Paste. Beim Reinigen beim F\u00e4rben mit Henna und T\u00f6nung. &#8211; Abgeschr\u00e4gter kleiner Pinsel f\u00fcr gef\u00e4rbtes Henna, zum Zeichnen klarer und grafischer Linien. &#8211; Abgerundeter schwarzer Pinsel &#8211; zum Auftragen von Kaschiermasse auf den Augenbrauenbereich. &#8211; Kaschierpinsel &#8211; zum Auftragen von Kaschiermassen auf den Wimpernbereich. &#8211; Glue Balm gerader Pinsel &#8211; Pinsel zum F\u00e4rben der Augenbrauen mit Henna, sowie zum perfekten Entfernen von Formulierungen im Vorlaminierungsverfahren. Der Pinsel eignet sich auch zum Auftragen von Kleber auf ein Silikonpad.<\/p>\n","protected":false},"excerpt":{"rendered":"<p>Das Set enth\u00e4lt:<\/p>\n<p>&#8211; Gro\u00dfer, abgeschr\u00e4gter Pinsel (1)<\/p>\n<p>&#8211; Ingwer<span class=\"Apple-converted-space\">  <\/span>&#8211; Gerader Pinsel (2)<\/p>\n<p>&#8211; Abgeschr\u00e4gter kleiner Pinsel (3)<\/p>\n<p>&#8211; Abgerundeter schwarzer Pinsel (4)<\/p>\n<p>&#8211; Laminierpinsel (5)<\/p>\n<p>&#8211; Gerader Pinsel f\u00fcr Klebebalm (6)<\/p>\n","protected":false},"featured_media":23758,"template":"","meta":[],"product_brand":[],"product_cat":[990,1052,1078,1079,1050,1072,1083,1002],"product_tag":[],"class_list":{"0":"post-23869","1":"product","2":"type-product","3":"status-publish","4":"has-post-thumbnail","6":"product_cat-augenbrauen","7":"product_cat-buersten","8":"product_cat-wimpern-de","9":"product_cat-buersten-de-2","10":"product_cat-accessories","11":"product_cat-buersten-de","12":"product_cat-kits-de-2","13":"product_cat-kits-de","15":"first","16":"instock","17":"taxable","18":"shipping-taxable","19":"product-type-simple"},"yoast_head":"<!-- This site is optimized with the Yoast SEO plugin v24.0 - https:\/\/yoast.com\/wordpress\/plugins\/seo\/ -->\n<title>Lami Werkzeugsatz | NEL LUX BEAUTY<\/title>\n<meta name=\"robots\" content=\"index, follow, max-snippet:-1, max-image-preview:large, max-video-preview:-1\" \/>\n<link rel=\"canonical\" href=\"https:\/\/nelluxbeauty.com\/shop\/unkategorisiert\/lami-werkzeugsatz\/\" \/>\n<meta property=\"og:locale\" content=\"de_DE\" \/>\n<meta property=\"og:type\" content=\"article\" \/>\n<meta property=\"og:title\" content=\"Lami Werkzeugsatz | NEL LUX BEAUTY\" \/>\n<meta property=\"og:description\" content=\"Das Set enth\u00e4lt: - Gro\u00dfer, abgeschr\u00e4gter Pinsel (1) - Ingwer - Gerader Pinsel (2) - Abgeschr\u00e4gter kleiner Pinsel (3) - Abgerundeter schwarzer Pinsel (4) - Laminierpinsel (5) - Gerader Pinsel f\u00fcr Klebebalm (6)\" \/>\n<meta property=\"og:url\" content=\"https:\/\/nelluxbeauty.com\/shop\/unkategorisiert\/lami-werkzeugsatz\/\" \/>\n<meta property=\"og:site_name\" content=\"NEL LUX BEAUTY\" \/>\n<meta name=\"twitter:card\" content=\"summary_large_image\" \/>\n<meta name=\"twitter:label1\" content=\"Gesch\u00e4tzte Lesezeit\" \/>\n\t<meta name=\"twitter:data1\" content=\"1\u00a0Minute\" \/>\n<script type=\"application\/ld+json\" class=\"yoast-schema-graph\">{\"@context\":\"https:\/\/schema.org\",\"@graph\":[{\"@type\":\"WebPage\",\"@id\":\"https:\/\/nelluxbeauty.com\/shop\/unkategorisiert\/lami-werkzeugsatz\/\",\"url\":\"https:\/\/nelluxbeauty.com\/shop\/unkategorisiert\/lami-werkzeugsatz\/\",\"name\":\"Lami Werkzeugsatz | NEL LUX BEAUTY\",\"isPartOf\":{\"@id\":\"https:\/\/nelluxbeauty.com\/#website\"},\"primaryImageOfPage\":{\"@id\":\"https:\/\/nelluxbeauty.com\/shop\/unkategorisiert\/lami-werkzeugsatz\/#primaryimage\"},\"image\":{\"@id\":\"https:\/\/nelluxbeauty.com\/shop\/unkategorisiert\/lami-werkzeugsatz\/#primaryimage\"},\"thumbnailUrl\":\"https:\/\/nelluxbeauty.com\/wp-content\/uploads\/2025\/01\/tool-kit.png\",\"datePublished\":\"2025-01-22T02:15:02+00:00\",\"dateModified\":\"2025-01-22T02:15:02+00:00\",\"breadcrumb\":{\"@id\":\"https:\/\/nelluxbeauty.com\/shop\/unkategorisiert\/lami-werkzeugsatz\/#breadcrumb\"},\"inLanguage\":\"de\",\"potentialAction\":[{\"@type\":\"ReadAction\",\"target\":[\"https:\/\/nelluxbeauty.com\/shop\/unkategorisiert\/lami-werkzeugsatz\/\"]}]},{\"@type\":\"ImageObject\",\"inLanguage\":\"de\",\"@id\":\"https:\/\/nelluxbeauty.com\/shop\/unkategorisiert\/lami-werkzeugsatz\/#primaryimage\",\"url\":\"https:\/\/nelluxbeauty.com\/wp-content\/uploads\/2025\/01\/tool-kit.png\",\"contentUrl\":\"https:\/\/nelluxbeauty.com\/wp-content\/uploads\/2025\/01\/tool-kit.png\",\"width\":680,\"height\":920},{\"@type\":\"BreadcrumbList\",\"@id\":\"https:\/\/nelluxbeauty.com\/shop\/unkategorisiert\/lami-werkzeugsatz\/#breadcrumb\",\"itemListElement\":[{\"@type\":\"ListItem\",\"position\":1,\"name\":\"Home\",\"item\":\"https:\/\/nelluxbeauty.com\/\"},{\"@type\":\"ListItem\",\"position\":2,\"name\":\"Shop\",\"item\":\"https:\/\/nelluxbeauty.com\/de\/shop\/\"},{\"@type\":\"ListItem\",\"position\":3,\"name\":\"Lami Werkzeugsatz\"}]},{\"@type\":\"WebSite\",\"@id\":\"https:\/\/nelluxbeauty.com\/#website\",\"url\":\"https:\/\/nelluxbeauty.com\/\",\"name\":\"NEL LUX BEAUTY\",\"description\":\"\",\"publisher\":{\"@id\":\"https:\/\/nelluxbeauty.com\/#organization\"},\"potentialAction\":[{\"@type\":\"SearchAction\",\"target\":{\"@type\":\"EntryPoint\",\"urlTemplate\":\"https:\/\/nelluxbeauty.com\/?s={search_term_string}\"},\"query-input\":{\"@type\":\"PropertyValueSpecification\",\"valueRequired\":true,\"valueName\":\"search_term_string\"}}],\"inLanguage\":\"de\"},{\"@type\":\"Organization\",\"@id\":\"https:\/\/nelluxbeauty.com\/#organization\",\"name\":\"NEL LUX BEAUTY\",\"url\":\"https:\/\/nelluxbeauty.com\/\",\"logo\":{\"@type\":\"ImageObject\",\"inLanguage\":\"de\",\"@id\":\"https:\/\/nelluxbeauty.com\/#\/schema\/logo\/image\/\",\"url\":\"https:\/\/nelluxbeauty.com\/wp-content\/uploads\/2024\/07\/nellux_beauty_logo.svg\",\"contentUrl\":\"https:\/\/nelluxbeauty.com\/wp-content\/uploads\/2024\/07\/nellux_beauty_logo.svg\",\"width\":305,\"height\":305,\"caption\":\"NEL LUX BEAUTY\"},\"image\":{\"@id\":\"https:\/\/nelluxbeauty.com\/#\/schema\/logo\/image\/\"}}]}<\/script>\n<!-- \/ Yoast SEO plugin. -->","yoast_head_json":{"title":"Lami Werkzeugsatz | NEL LUX BEAUTY","robots":{"index":"index","follow":"follow","max-snippet":"max-snippet:-1","max-image-preview":"max-image-preview:large","max-video-preview":"max-video-preview:-1"},"canonical":"https:\/\/nelluxbeauty.com\/shop\/unkategorisiert\/lami-werkzeugsatz\/","og_locale":"de_DE","og_type":"article","og_title":"Lami Werkzeugsatz | NEL LUX BEAUTY","og_description":"Das Set enth\u00e4lt: - Gro\u00dfer, abgeschr\u00e4gter Pinsel (1) - Ingwer - Gerader Pinsel (2) - Abgeschr\u00e4gter kleiner Pinsel (3) - Abgerundeter schwarzer Pinsel (4) - Laminierpinsel (5) - Gerader Pinsel f\u00fcr Klebebalm (6)","og_url":"https:\/\/nelluxbeauty.com\/shop\/unkategorisiert\/lami-werkzeugsatz\/","og_site_name":"NEL LUX BEAUTY","twitter_card":"summary_large_image","twitter_misc":{"Gesch\u00e4tzte Lesezeit":"1\u00a0Minute"},"schema":{"@context":"https:\/\/schema.org","@graph":[{"@type":"WebPage","@id":"https:\/\/nelluxbeauty.com\/shop\/unkategorisiert\/lami-werkzeugsatz\/","url":"https:\/\/nelluxbeauty.com\/shop\/unkategorisiert\/lami-werkzeugsatz\/","name":"Lami Werkzeugsatz | NEL LUX BEAUTY","isPartOf":{"@id":"https:\/\/nelluxbeauty.com\/#website"},"primaryImageOfPage":{"@id":"https:\/\/nelluxbeauty.com\/shop\/unkategorisiert\/lami-werkzeugsatz\/#primaryimage"},"image":{"@id":"https:\/\/nelluxbeauty.com\/shop\/unkategorisiert\/lami-werkzeugsatz\/#primaryimage"},"thumbnailUrl":"https:\/\/nelluxbeauty.com\/wp-content\/uploads\/2025\/01\/tool-kit.png","datePublished":"2025-01-22T02:15:02+00:00","dateModified":"2025-01-22T02:15:02+00:00","breadcrumb":{"@id":"https:\/\/nelluxbeauty.com\/shop\/unkategorisiert\/lami-werkzeugsatz\/#breadcrumb"},"inLanguage":"de","potentialAction":[{"@type":"ReadAction","target":["https:\/\/nelluxbeauty.com\/shop\/unkategorisiert\/lami-werkzeugsatz\/"]}]},{"@type":"ImageObject","inLanguage":"de","@id":"https:\/\/nelluxbeauty.com\/shop\/unkategorisiert\/lami-werkzeugsatz\/#primaryimage","url":"https:\/\/nelluxbeauty.com\/wp-content\/uploads\/2025\/01\/tool-kit.png","contentUrl":"https:\/\/nelluxbeauty.com\/wp-content\/uploads\/2025\/01\/tool-kit.png","width":680,"height":920},{"@type":"BreadcrumbList","@id":"https:\/\/nelluxbeauty.com\/shop\/unkategorisiert\/lami-werkzeugsatz\/#breadcrumb","itemListElement":[{"@type":"ListItem","position":1,"name":"Home","item":"https:\/\/nelluxbeauty.com\/"},{"@type":"ListItem","position":2,"name":"Shop","item":"https:\/\/nelluxbeauty.com\/de\/shop\/"},{"@type":"ListItem","position":3,"name":"Lami Werkzeugsatz"}]},{"@type":"WebSite","@id":"https:\/\/nelluxbeauty.com\/#website","url":"https:\/\/nelluxbeauty.com\/","name":"NEL LUX BEAUTY","description":"","publisher":{"@id":"https:\/\/nelluxbeauty.com\/#organization"},"potentialAction":[{"@type":"SearchAction","target":{"@type":"EntryPoint","urlTemplate":"https:\/\/nelluxbeauty.com\/?s={search_term_string}"},"query-input":{"@type":"PropertyValueSpecification","valueRequired":true,"valueName":"search_term_string"}}],"inLanguage":"de"},{"@type":"Organization","@id":"https:\/\/nelluxbeauty.com\/#organization","name":"NEL LUX BEAUTY","url":"https:\/\/nelluxbeauty.com\/","logo":{"@type":"ImageObject","inLanguage":"de","@id":"https:\/\/nelluxbeauty.com\/#\/schema\/logo\/image\/","url":"https:\/\/nelluxbeauty.com\/wp-content\/uploads\/2024\/07\/nellux_beauty_logo.svg","contentUrl":"https:\/\/nelluxbeauty.com\/wp-content\/uploads\/2024\/07\/nellux_beauty_logo.svg","width":305,"height":305,"caption":"NEL LUX BEAUTY"},"image":{"@id":"https:\/\/nelluxbeauty.com\/#\/schema\/logo\/image\/"}}]}},"_links":{"self":[{"href":"https:\/\/nelluxbeauty.com\/de\/wp-json\/wp\/v2\/product\/23869","targetHints":{"allow":["GET"]}}],"collection":[{"href":"https:\/\/nelluxbeauty.com\/de\/wp-json\/wp\/v2\/product"}],"about":[{"href":"https:\/\/nelluxbeauty.com\/de\/wp-json\/wp\/v2\/types\/product"}],"version-history":[{"count":0,"href":"https:\/\/nelluxbeauty.com\/de\/wp-json\/wp\/v2\/product\/23869\/revisions"}],"wp:featuredmedia":[{"embeddable":true,"href":"https:\/\/nelluxbeauty.com\/de\/wp-json\/wp\/v2\/media\/23758"}],"wp:attachment":[{"href":"https:\/\/nelluxbeauty.com\/de\/wp-json\/wp\/v2\/media?parent=23869"}],"wp:term":[{"taxonomy":"product_brand","embeddable":true,"href":"https:\/\/nelluxbeauty.com\/de\/wp-json\/wp\/v2\/product_brand?post=23869"},{"taxonomy":"product_cat","embeddable":true,"href":"https:\/\/nelluxbeauty.com\/de\/wp-json\/wp\/v2\/product_cat?post=23869"},{"taxonomy":"product_tag","embeddable":true,"href":"https:\/\/nelluxbeauty.com\/de\/wp-json\/wp\/v2\/product_tag?post=23869"}],"curies":[{"name":"wp","href":"https:\/\/api.w.org\/{rel}","templated":true}]}}