{"id":23866,"date":"2025-01-21T06:50:09","date_gmt":"2025-01-21T05:50:09","guid":{"rendered":"https:\/\/nelluxbeauty.com\/shop\/unkategorisiert\/lami-abgeschraegte-grosse-buerste\/"},"modified":"2025-01-21T06:50:09","modified_gmt":"2025-01-21T05:50:09","slug":"lami-abgeschraegte-grosse-buerste","status":"publish","type":"product","link":"https:\/\/nelluxbeauty.com\/de\/shop\/accessories\/buersten\/lami-abgeschraegte-grosse-buerste\/","title":{"rendered":"Lami Abgeschr\u00e4gte Gro\u00dfe B\u00fcrste"},"content":{"rendered":"","protected":false},"excerpt":{"rendered":"<p>Gro\u00dfer, abgeschr\u00e4gter Pinsel &#8211; zum Auftragen und Markieren der Augenbrauenkontur mit Paste. Verwendet sehr leicht einen gro\u00dfen Bereich der Augenbraue auf einmal. <\/p>\n","protected":false},"featured_media":23750,"template":"","meta":[],"product_brand":[],"product_cat":[990,1052,1050,1071,1072],"product_tag":[],"class_list":{"0":"post-23866","1":"product","2":"type-product","3":"status-publish","4":"has-post-thumbnail","6":"product_cat-augenbrauen","7":"product_cat-buersten","8":"product_cat-accessories","9":"product_cat-architektur","10":"product_cat-buersten-de","12":"first","13":"instock","14":"taxable","15":"shipping-taxable","16":"purchasable","17":"product-type-simple"},"yoast_head":"<!-- This site is optimized with the Yoast SEO plugin v24.0 - https:\/\/yoast.com\/wordpress\/plugins\/seo\/ -->\n<title>Lami Abgeschr\u00e4gte Gro\u00dfe B\u00fcrste | NEL LUX BEAUTY<\/title>\n<meta name=\"robots\" content=\"index, follow, max-snippet:-1, max-image-preview:large, max-video-preview:-1\" \/>\n<link rel=\"canonical\" href=\"https:\/\/nelluxbeauty.com\/shop\/unkategorisiert\/lami-abgeschraegte-grosse-buerste\/\" \/>\n<meta property=\"og:locale\" content=\"de_DE\" \/>\n<meta property=\"og:type\" content=\"article\" \/>\n<meta property=\"og:title\" content=\"Lami Abgeschr\u00e4gte Gro\u00dfe B\u00fcrste | NEL LUX BEAUTY\" \/>\n<meta property=\"og:description\" content=\"Gro\u00dfer, abgeschr\u00e4gter Pinsel - zum Auftragen und Markieren der Augenbrauenkontur mit Paste. Verwendet sehr leicht einen gro\u00dfen Bereich der Augenbraue auf einmal.\" \/>\n<meta property=\"og:url\" content=\"https:\/\/nelluxbeauty.com\/shop\/unkategorisiert\/lami-abgeschraegte-grosse-buerste\/\" \/>\n<meta property=\"og:site_name\" content=\"NEL LUX BEAUTY\" \/>\n<meta name=\"twitter:card\" content=\"summary_large_image\" \/>\n<script type=\"application\/ld+json\" class=\"yoast-schema-graph\">{\"@context\":\"https:\/\/schema.org\",\"@graph\":[{\"@type\":\"WebPage\",\"@id\":\"https:\/\/nelluxbeauty.com\/shop\/unkategorisiert\/lami-abgeschraegte-grosse-buerste\/\",\"url\":\"https:\/\/nelluxbeauty.com\/shop\/unkategorisiert\/lami-abgeschraegte-grosse-buerste\/\",\"name\":\"Lami Abgeschr\u00e4gte Gro\u00dfe B\u00fcrste | NEL LUX BEAUTY\",\"isPartOf\":{\"@id\":\"https:\/\/nelluxbeauty.com\/#website\"},\"primaryImageOfPage\":{\"@id\":\"https:\/\/nelluxbeauty.com\/shop\/unkategorisiert\/lami-abgeschraegte-grosse-buerste\/#primaryimage\"},\"image\":{\"@id\":\"https:\/\/nelluxbeauty.com\/shop\/unkategorisiert\/lami-abgeschraegte-grosse-buerste\/#primaryimage\"},\"thumbnailUrl\":\"https:\/\/nelluxbeauty.com\/wp-content\/uploads\/2025\/01\/127.png\",\"datePublished\":\"2025-01-21T05:50:09+00:00\",\"dateModified\":\"2025-01-21T05:50:09+00:00\",\"breadcrumb\":{\"@id\":\"https:\/\/nelluxbeauty.com\/shop\/unkategorisiert\/lami-abgeschraegte-grosse-buerste\/#breadcrumb\"},\"inLanguage\":\"de\",\"potentialAction\":[{\"@type\":\"ReadAction\",\"target\":[\"https:\/\/nelluxbeauty.com\/shop\/unkategorisiert\/lami-abgeschraegte-grosse-buerste\/\"]}]},{\"@type\":\"ImageObject\",\"inLanguage\":\"de\",\"@id\":\"https:\/\/nelluxbeauty.com\/shop\/unkategorisiert\/lami-abgeschraegte-grosse-buerste\/#primaryimage\",\"url\":\"https:\/\/nelluxbeauty.com\/wp-content\/uploads\/2025\/01\/127.png\",\"contentUrl\":\"https:\/\/nelluxbeauty.com\/wp-content\/uploads\/2025\/01\/127.png\",\"width\":680,\"height\":920},{\"@type\":\"BreadcrumbList\",\"@id\":\"https:\/\/nelluxbeauty.com\/shop\/unkategorisiert\/lami-abgeschraegte-grosse-buerste\/#breadcrumb\",\"itemListElement\":[{\"@type\":\"ListItem\",\"position\":1,\"name\":\"Home\",\"item\":\"https:\/\/nelluxbeauty.com\/\"},{\"@type\":\"ListItem\",\"position\":2,\"name\":\"Shop\",\"item\":\"https:\/\/nelluxbeauty.com\/de\/shop\/\"},{\"@type\":\"ListItem\",\"position\":3,\"name\":\"Lami Abgeschr\u00e4gte Gro\u00dfe B\u00fcrste\"}]},{\"@type\":\"WebSite\",\"@id\":\"https:\/\/nelluxbeauty.com\/#website\",\"url\":\"https:\/\/nelluxbeauty.com\/\",\"name\":\"NEL LUX BEAUTY\",\"description\":\"\",\"publisher\":{\"@id\":\"https:\/\/nelluxbeauty.com\/#organization\"},\"potentialAction\":[{\"@type\":\"SearchAction\",\"target\":{\"@type\":\"EntryPoint\",\"urlTemplate\":\"https:\/\/nelluxbeauty.com\/?s={search_term_string}\"},\"query-input\":{\"@type\":\"PropertyValueSpecification\",\"valueRequired\":true,\"valueName\":\"search_term_string\"}}],\"inLanguage\":\"de\"},{\"@type\":\"Organization\",\"@id\":\"https:\/\/nelluxbeauty.com\/#organization\",\"name\":\"NEL LUX BEAUTY\",\"url\":\"https:\/\/nelluxbeauty.com\/\",\"logo\":{\"@type\":\"ImageObject\",\"inLanguage\":\"de\",\"@id\":\"https:\/\/nelluxbeauty.com\/#\/schema\/logo\/image\/\",\"url\":\"https:\/\/nelluxbeauty.com\/wp-content\/uploads\/2024\/07\/nellux_beauty_logo.svg\",\"contentUrl\":\"https:\/\/nelluxbeauty.com\/wp-content\/uploads\/2024\/07\/nellux_beauty_logo.svg\",\"width\":305,\"height\":305,\"caption\":\"NEL LUX BEAUTY\"},\"image\":{\"@id\":\"https:\/\/nelluxbeauty.com\/#\/schema\/logo\/image\/\"}}]}<\/script>\n<!-- \/ Yoast SEO plugin. -->","yoast_head_json":{"title":"Lami Abgeschr\u00e4gte Gro\u00dfe B\u00fcrste | NEL LUX BEAUTY","robots":{"index":"index","follow":"follow","max-snippet":"max-snippet:-1","max-image-preview":"max-image-preview:large","max-video-preview":"max-video-preview:-1"},"canonical":"https:\/\/nelluxbeauty.com\/shop\/unkategorisiert\/lami-abgeschraegte-grosse-buerste\/","og_locale":"de_DE","og_type":"article","og_title":"Lami Abgeschr\u00e4gte Gro\u00dfe B\u00fcrste | NEL LUX BEAUTY","og_description":"Gro\u00dfer, abgeschr\u00e4gter Pinsel - zum Auftragen und Markieren der Augenbrauenkontur mit Paste. Verwendet sehr leicht einen gro\u00dfen Bereich der Augenbraue auf einmal.","og_url":"https:\/\/nelluxbeauty.com\/shop\/unkategorisiert\/lami-abgeschraegte-grosse-buerste\/","og_site_name":"NEL LUX BEAUTY","twitter_card":"summary_large_image","schema":{"@context":"https:\/\/schema.org","@graph":[{"@type":"WebPage","@id":"https:\/\/nelluxbeauty.com\/shop\/unkategorisiert\/lami-abgeschraegte-grosse-buerste\/","url":"https:\/\/nelluxbeauty.com\/shop\/unkategorisiert\/lami-abgeschraegte-grosse-buerste\/","name":"Lami Abgeschr\u00e4gte Gro\u00dfe B\u00fcrste | NEL LUX BEAUTY","isPartOf":{"@id":"https:\/\/nelluxbeauty.com\/#website"},"primaryImageOfPage":{"@id":"https:\/\/nelluxbeauty.com\/shop\/unkategorisiert\/lami-abgeschraegte-grosse-buerste\/#primaryimage"},"image":{"@id":"https:\/\/nelluxbeauty.com\/shop\/unkategorisiert\/lami-abgeschraegte-grosse-buerste\/#primaryimage"},"thumbnailUrl":"https:\/\/nelluxbeauty.com\/wp-content\/uploads\/2025\/01\/127.png","datePublished":"2025-01-21T05:50:09+00:00","dateModified":"2025-01-21T05:50:09+00:00","breadcrumb":{"@id":"https:\/\/nelluxbeauty.com\/shop\/unkategorisiert\/lami-abgeschraegte-grosse-buerste\/#breadcrumb"},"inLanguage":"de","potentialAction":[{"@type":"ReadAction","target":["https:\/\/nelluxbeauty.com\/shop\/unkategorisiert\/lami-abgeschraegte-grosse-buerste\/"]}]},{"@type":"ImageObject","inLanguage":"de","@id":"https:\/\/nelluxbeauty.com\/shop\/unkategorisiert\/lami-abgeschraegte-grosse-buerste\/#primaryimage","url":"https:\/\/nelluxbeauty.com\/wp-content\/uploads\/2025\/01\/127.png","contentUrl":"https:\/\/nelluxbeauty.com\/wp-content\/uploads\/2025\/01\/127.png","width":680,"height":920},{"@type":"BreadcrumbList","@id":"https:\/\/nelluxbeauty.com\/shop\/unkategorisiert\/lami-abgeschraegte-grosse-buerste\/#breadcrumb","itemListElement":[{"@type":"ListItem","position":1,"name":"Home","item":"https:\/\/nelluxbeauty.com\/"},{"@type":"ListItem","position":2,"name":"Shop","item":"https:\/\/nelluxbeauty.com\/de\/shop\/"},{"@type":"ListItem","position":3,"name":"Lami Abgeschr\u00e4gte Gro\u00dfe B\u00fcrste"}]},{"@type":"WebSite","@id":"https:\/\/nelluxbeauty.com\/#website","url":"https:\/\/nelluxbeauty.com\/","name":"NEL LUX BEAUTY","description":"","publisher":{"@id":"https:\/\/nelluxbeauty.com\/#organization"},"potentialAction":[{"@type":"SearchAction","target":{"@type":"EntryPoint","urlTemplate":"https:\/\/nelluxbeauty.com\/?s={search_term_string}"},"query-input":{"@type":"PropertyValueSpecification","valueRequired":true,"valueName":"search_term_string"}}],"inLanguage":"de"},{"@type":"Organization","@id":"https:\/\/nelluxbeauty.com\/#organization","name":"NEL LUX BEAUTY","url":"https:\/\/nelluxbeauty.com\/","logo":{"@type":"ImageObject","inLanguage":"de","@id":"https:\/\/nelluxbeauty.com\/#\/schema\/logo\/image\/","url":"https:\/\/nelluxbeauty.com\/wp-content\/uploads\/2024\/07\/nellux_beauty_logo.svg","contentUrl":"https:\/\/nelluxbeauty.com\/wp-content\/uploads\/2024\/07\/nellux_beauty_logo.svg","width":305,"height":305,"caption":"NEL LUX BEAUTY"},"image":{"@id":"https:\/\/nelluxbeauty.com\/#\/schema\/logo\/image\/"}}]}},"_links":{"self":[{"href":"https:\/\/nelluxbeauty.com\/de\/wp-json\/wp\/v2\/product\/23866","targetHints":{"allow":["GET"]}}],"collection":[{"href":"https:\/\/nelluxbeauty.com\/de\/wp-json\/wp\/v2\/product"}],"about":[{"href":"https:\/\/nelluxbeauty.com\/de\/wp-json\/wp\/v2\/types\/product"}],"version-history":[{"count":0,"href":"https:\/\/nelluxbeauty.com\/de\/wp-json\/wp\/v2\/product\/23866\/revisions"}],"wp:featuredmedia":[{"embeddable":true,"href":"https:\/\/nelluxbeauty.com\/de\/wp-json\/wp\/v2\/media\/23750"}],"wp:attachment":[{"href":"https:\/\/nelluxbeauty.com\/de\/wp-json\/wp\/v2\/media?parent=23866"}],"wp:term":[{"taxonomy":"product_brand","embeddable":true,"href":"https:\/\/nelluxbeauty.com\/de\/wp-json\/wp\/v2\/product_brand?post=23866"},{"taxonomy":"product_cat","embeddable":true,"href":"https:\/\/nelluxbeauty.com\/de\/wp-json\/wp\/v2\/product_cat?post=23866"},{"taxonomy":"product_tag","embeddable":true,"href":"https:\/\/nelluxbeauty.com\/de\/wp-json\/wp\/v2\/product_tag?post=23866"}],"curies":[{"name":"wp","href":"https:\/\/api.w.org\/{rel}","templated":true}]}}