{"id":22798,"date":"2024-12-19T15:04:49","date_gmt":"2024-12-19T14:04:49","guid":{"rendered":"https:\/\/nelluxbeauty.com\/shop\/unkategorisiert\/lamitta-set-pads\/"},"modified":"2024-12-28T12:38:20","modified_gmt":"2024-12-28T11:38:20","slug":"lamitta-set-pads","status":"publish","type":"product","link":"https:\/\/nelluxbeauty.com\/de\/shop\/accessories\/lamitta-set-pads\/","title":{"rendered":"Lamitta Set Pads"},"content":{"rendered":"<div class=\"flex flex-grow flex-col max-w-full\">\n<div class=\"min-h-[20px] text-message flex flex-col items-start whitespace-pre-wrap break-words [.text-message+&amp;]:mt-5 juice:w-full juice:items-end overflow-x-auto gap-2\" dir=\"auto\" data-message-author-role=\"assistant\" data-message-id=\"62223890-0b14-42f6-9894-8fe288b7e935\">\n<div class=\"flex w-full flex-col gap-1 juice:empty:hidden juice:first:pt-[3px]\">\n<div class=\"markdown prose w-full break-words dark:prose-invert dark\">\n<p>Geeignet f\u00fcr nach unten wachsende, gerade, breitreihige Wimpern, aber auch f\u00fcr nat\u00fcrlich geschwungene Wimpern;<\/p>\n<ul>\n<li>Bequem aufzutragen dank der sanften \u00dcbergangszone vom Scheitel zum Bl\u00fctenblatt;<\/li>\n<li>Weiches Silikon;<\/li>\n<li>Maximaler Kundenkomfort: keine scharfen Ecken;<\/li>\n<li>Kann ausgetauscht werden;<\/li>\n<li>Kann auch ohne Klebstoff verwendet werden.<\/li>\n<\/ul>\n<p>Entfernen Sie nach dem Gebrauch sofort alle Farbstoffe, legen Sie sie 30 Minuten lang in eine Chlorhexidin- oder Wasserstoffperoxidl\u00f6sung, sp\u00fclen Sie sie dann mit flie\u00dfendem Wasser und Seife ab und trocknen Sie sie. Sie k\u00f6nnen bei einer Temperatur von 120 Grad sterilisiert werden. Die Lockenwickler sind aus weichem kosmetischem Silikon hergestellt. V\u00f6llig sicher f\u00fcr die Anwendung im Gesicht. Verursacht keine Allergien. F\u00fchlt sich f\u00fcr die Kunden \u00e4u\u00dferst angenehm an. Anatomische Form. Wiederverwendbar. Perfekter Sitz und Komfort. <\/p>\n<\/div>\n<\/div>\n<\/div>\n<\/div>\n<div class=\"mt-1 flex gap-3 empty:hidden juice:-ml-3\">\n<div class=\"items-center justify-start rounded-xl p-1 flex\">\n<div class=\"flex items-center\">\n<p>&nbsp;<\/p>\n<\/div>\n<\/div>\n<\/div>\n","protected":false},"excerpt":{"rendered":"<p>Ihre Helfer f\u00fcr perfekte Kurven, die einen runden Lifting-Effekt erzeugen. Das Set enth\u00e4lt 5 Paare in den Gr\u00f6\u00dfen: SS f\u00fcr die k\u00fcrzesten Wimpern. Gr\u00f6\u00dfen: SM, M, ML, L. <\/p>\n","protected":false},"featured_media":22795,"template":"","meta":[],"product_brand":[],"product_cat":[897,1050],"product_tag":[],"class_list":{"0":"post-22798","1":"product","2":"type-product","3":"status-publish","4":"has-post-thumbnail","6":"product_cat-accessories","9":"first","10":"instock","11":"taxable","12":"shipping-taxable","13":"purchasable","14":"product-type-simple"},"yoast_head":"<!-- This site is optimized with the Yoast SEO plugin v24.0 - https:\/\/yoast.com\/wordpress\/plugins\/seo\/ -->\n<title>Lamitta Set Pads | NEL LUX BEAUTY<\/title>\n<meta name=\"robots\" content=\"index, follow, max-snippet:-1, max-image-preview:large, max-video-preview:-1\" \/>\n<link rel=\"canonical\" href=\"https:\/\/nelluxbeauty.com\/de\/shop\/partner-marken\/lamitta-set-pads\/\" \/>\n<meta property=\"og:locale\" content=\"de_DE\" \/>\n<meta property=\"og:type\" content=\"article\" \/>\n<meta property=\"og:title\" content=\"Lamitta Set Pads | NEL LUX BEAUTY\" \/>\n<meta property=\"og:description\" content=\"Ihre Helfer f\u00fcr perfekte Kurven, die einen runden Lifting-Effekt erzeugen. Das Set enth\u00e4lt 5 Paare in den Gr\u00f6\u00dfen: SS f\u00fcr die k\u00fcrzesten Wimpern. Gr\u00f6\u00dfen: SM, M, ML, L.\" \/>\n<meta property=\"og:url\" content=\"https:\/\/nelluxbeauty.com\/de\/shop\/partner-marken\/lamitta-set-pads\/\" \/>\n<meta property=\"og:site_name\" content=\"NEL LUX BEAUTY\" \/>\n<meta property=\"article:modified_time\" content=\"2024-12-28T11:38:20+00:00\" \/>\n<meta property=\"og:image\" content=\"https:\/\/nelluxbeauty.com\/wp-content\/uploads\/2024\/12\/lamitta.png\" \/>\n\t<meta property=\"og:image:width\" content=\"680\" \/>\n\t<meta property=\"og:image:height\" content=\"920\" \/>\n\t<meta property=\"og:image:type\" content=\"image\/png\" \/>\n<meta name=\"twitter:card\" content=\"summary_large_image\" \/>\n<meta name=\"twitter:label1\" content=\"Gesch\u00e4tzte Lesezeit\" \/>\n\t<meta name=\"twitter:data1\" content=\"1\u00a0Minute\" \/>\n<script type=\"application\/ld+json\" class=\"yoast-schema-graph\">{\"@context\":\"https:\/\/schema.org\",\"@graph\":[{\"@type\":\"WebPage\",\"@id\":\"https:\/\/nelluxbeauty.com\/de\/shop\/partner-marken\/lamitta-set-pads\/\",\"url\":\"https:\/\/nelluxbeauty.com\/de\/shop\/partner-marken\/lamitta-set-pads\/\",\"name\":\"Lamitta Set Pads | NEL LUX BEAUTY\",\"isPartOf\":{\"@id\":\"https:\/\/nelluxbeauty.com\/#website\"},\"primaryImageOfPage\":{\"@id\":\"https:\/\/nelluxbeauty.com\/de\/shop\/partner-marken\/lamitta-set-pads\/#primaryimage\"},\"image\":{\"@id\":\"https:\/\/nelluxbeauty.com\/de\/shop\/partner-marken\/lamitta-set-pads\/#primaryimage\"},\"thumbnailUrl\":\"https:\/\/nelluxbeauty.com\/wp-content\/uploads\/2024\/12\/lamitta.png\",\"datePublished\":\"2024-12-19T14:04:49+00:00\",\"dateModified\":\"2024-12-28T11:38:20+00:00\",\"breadcrumb\":{\"@id\":\"https:\/\/nelluxbeauty.com\/de\/shop\/partner-marken\/lamitta-set-pads\/#breadcrumb\"},\"inLanguage\":\"de\",\"potentialAction\":[{\"@type\":\"ReadAction\",\"target\":[\"https:\/\/nelluxbeauty.com\/de\/shop\/partner-marken\/lamitta-set-pads\/\"]}]},{\"@type\":\"ImageObject\",\"inLanguage\":\"de\",\"@id\":\"https:\/\/nelluxbeauty.com\/de\/shop\/partner-marken\/lamitta-set-pads\/#primaryimage\",\"url\":\"https:\/\/nelluxbeauty.com\/wp-content\/uploads\/2024\/12\/lamitta.png\",\"contentUrl\":\"https:\/\/nelluxbeauty.com\/wp-content\/uploads\/2024\/12\/lamitta.png\",\"width\":680,\"height\":920},{\"@type\":\"BreadcrumbList\",\"@id\":\"https:\/\/nelluxbeauty.com\/de\/shop\/partner-marken\/lamitta-set-pads\/#breadcrumb\",\"itemListElement\":[{\"@type\":\"ListItem\",\"position\":1,\"name\":\"Home\",\"item\":\"https:\/\/nelluxbeauty.com\/\"},{\"@type\":\"ListItem\",\"position\":2,\"name\":\"Shop\",\"item\":\"https:\/\/nelluxbeauty.com\/de\/shop\/\"},{\"@type\":\"ListItem\",\"position\":3,\"name\":\"Lamitta Set Pads\"}]},{\"@type\":\"WebSite\",\"@id\":\"https:\/\/nelluxbeauty.com\/#website\",\"url\":\"https:\/\/nelluxbeauty.com\/\",\"name\":\"NEL LUX BEAUTY\",\"description\":\"\",\"publisher\":{\"@id\":\"https:\/\/nelluxbeauty.com\/#organization\"},\"potentialAction\":[{\"@type\":\"SearchAction\",\"target\":{\"@type\":\"EntryPoint\",\"urlTemplate\":\"https:\/\/nelluxbeauty.com\/?s={search_term_string}\"},\"query-input\":{\"@type\":\"PropertyValueSpecification\",\"valueRequired\":true,\"valueName\":\"search_term_string\"}}],\"inLanguage\":\"de\"},{\"@type\":\"Organization\",\"@id\":\"https:\/\/nelluxbeauty.com\/#organization\",\"name\":\"NEL LUX BEAUTY\",\"url\":\"https:\/\/nelluxbeauty.com\/\",\"logo\":{\"@type\":\"ImageObject\",\"inLanguage\":\"de\",\"@id\":\"https:\/\/nelluxbeauty.com\/#\/schema\/logo\/image\/\",\"url\":\"https:\/\/nelluxbeauty.com\/wp-content\/uploads\/2024\/07\/nellux_beauty_logo.svg\",\"contentUrl\":\"https:\/\/nelluxbeauty.com\/wp-content\/uploads\/2024\/07\/nellux_beauty_logo.svg\",\"width\":305,\"height\":305,\"caption\":\"NEL LUX BEAUTY\"},\"image\":{\"@id\":\"https:\/\/nelluxbeauty.com\/#\/schema\/logo\/image\/\"}}]}<\/script>\n<!-- \/ Yoast SEO plugin. -->","yoast_head_json":{"title":"Lamitta Set Pads | NEL LUX BEAUTY","robots":{"index":"index","follow":"follow","max-snippet":"max-snippet:-1","max-image-preview":"max-image-preview:large","max-video-preview":"max-video-preview:-1"},"canonical":"https:\/\/nelluxbeauty.com\/de\/shop\/partner-marken\/lamitta-set-pads\/","og_locale":"de_DE","og_type":"article","og_title":"Lamitta Set Pads | NEL LUX BEAUTY","og_description":"Ihre Helfer f\u00fcr perfekte Kurven, die einen runden Lifting-Effekt erzeugen. Das Set enth\u00e4lt 5 Paare in den Gr\u00f6\u00dfen: SS f\u00fcr die k\u00fcrzesten Wimpern. Gr\u00f6\u00dfen: SM, M, ML, L.","og_url":"https:\/\/nelluxbeauty.com\/de\/shop\/partner-marken\/lamitta-set-pads\/","og_site_name":"NEL LUX BEAUTY","article_modified_time":"2024-12-28T11:38:20+00:00","og_image":[{"width":680,"height":920,"url":"https:\/\/nelluxbeauty.com\/wp-content\/uploads\/2024\/12\/lamitta.png","type":"image\/png"}],"twitter_card":"summary_large_image","twitter_misc":{"Gesch\u00e4tzte Lesezeit":"1\u00a0Minute"},"schema":{"@context":"https:\/\/schema.org","@graph":[{"@type":"WebPage","@id":"https:\/\/nelluxbeauty.com\/de\/shop\/partner-marken\/lamitta-set-pads\/","url":"https:\/\/nelluxbeauty.com\/de\/shop\/partner-marken\/lamitta-set-pads\/","name":"Lamitta Set Pads | NEL LUX BEAUTY","isPartOf":{"@id":"https:\/\/nelluxbeauty.com\/#website"},"primaryImageOfPage":{"@id":"https:\/\/nelluxbeauty.com\/de\/shop\/partner-marken\/lamitta-set-pads\/#primaryimage"},"image":{"@id":"https:\/\/nelluxbeauty.com\/de\/shop\/partner-marken\/lamitta-set-pads\/#primaryimage"},"thumbnailUrl":"https:\/\/nelluxbeauty.com\/wp-content\/uploads\/2024\/12\/lamitta.png","datePublished":"2024-12-19T14:04:49+00:00","dateModified":"2024-12-28T11:38:20+00:00","breadcrumb":{"@id":"https:\/\/nelluxbeauty.com\/de\/shop\/partner-marken\/lamitta-set-pads\/#breadcrumb"},"inLanguage":"de","potentialAction":[{"@type":"ReadAction","target":["https:\/\/nelluxbeauty.com\/de\/shop\/partner-marken\/lamitta-set-pads\/"]}]},{"@type":"ImageObject","inLanguage":"de","@id":"https:\/\/nelluxbeauty.com\/de\/shop\/partner-marken\/lamitta-set-pads\/#primaryimage","url":"https:\/\/nelluxbeauty.com\/wp-content\/uploads\/2024\/12\/lamitta.png","contentUrl":"https:\/\/nelluxbeauty.com\/wp-content\/uploads\/2024\/12\/lamitta.png","width":680,"height":920},{"@type":"BreadcrumbList","@id":"https:\/\/nelluxbeauty.com\/de\/shop\/partner-marken\/lamitta-set-pads\/#breadcrumb","itemListElement":[{"@type":"ListItem","position":1,"name":"Home","item":"https:\/\/nelluxbeauty.com\/"},{"@type":"ListItem","position":2,"name":"Shop","item":"https:\/\/nelluxbeauty.com\/de\/shop\/"},{"@type":"ListItem","position":3,"name":"Lamitta Set Pads"}]},{"@type":"WebSite","@id":"https:\/\/nelluxbeauty.com\/#website","url":"https:\/\/nelluxbeauty.com\/","name":"NEL LUX BEAUTY","description":"","publisher":{"@id":"https:\/\/nelluxbeauty.com\/#organization"},"potentialAction":[{"@type":"SearchAction","target":{"@type":"EntryPoint","urlTemplate":"https:\/\/nelluxbeauty.com\/?s={search_term_string}"},"query-input":{"@type":"PropertyValueSpecification","valueRequired":true,"valueName":"search_term_string"}}],"inLanguage":"de"},{"@type":"Organization","@id":"https:\/\/nelluxbeauty.com\/#organization","name":"NEL LUX BEAUTY","url":"https:\/\/nelluxbeauty.com\/","logo":{"@type":"ImageObject","inLanguage":"de","@id":"https:\/\/nelluxbeauty.com\/#\/schema\/logo\/image\/","url":"https:\/\/nelluxbeauty.com\/wp-content\/uploads\/2024\/07\/nellux_beauty_logo.svg","contentUrl":"https:\/\/nelluxbeauty.com\/wp-content\/uploads\/2024\/07\/nellux_beauty_logo.svg","width":305,"height":305,"caption":"NEL LUX BEAUTY"},"image":{"@id":"https:\/\/nelluxbeauty.com\/#\/schema\/logo\/image\/"}}]}},"_links":{"self":[{"href":"https:\/\/nelluxbeauty.com\/de\/wp-json\/wp\/v2\/product\/22798","targetHints":{"allow":["GET"]}}],"collection":[{"href":"https:\/\/nelluxbeauty.com\/de\/wp-json\/wp\/v2\/product"}],"about":[{"href":"https:\/\/nelluxbeauty.com\/de\/wp-json\/wp\/v2\/types\/product"}],"version-history":[{"count":0,"href":"https:\/\/nelluxbeauty.com\/de\/wp-json\/wp\/v2\/product\/22798\/revisions"}],"wp:featuredmedia":[{"embeddable":true,"href":"https:\/\/nelluxbeauty.com\/de\/wp-json\/wp\/v2\/media\/22795"}],"wp:attachment":[{"href":"https:\/\/nelluxbeauty.com\/de\/wp-json\/wp\/v2\/media?parent=22798"}],"wp:term":[{"taxonomy":"product_brand","embeddable":true,"href":"https:\/\/nelluxbeauty.com\/de\/wp-json\/wp\/v2\/product_brand?post=22798"},{"taxonomy":"product_cat","embeddable":true,"href":"https:\/\/nelluxbeauty.com\/de\/wp-json\/wp\/v2\/product_cat?post=22798"},{"taxonomy":"product_tag","embeddable":true,"href":"https:\/\/nelluxbeauty.com\/de\/wp-json\/wp\/v2\/product_tag?post=22798"}],"curies":[{"name":"wp","href":"https:\/\/api.w.org\/{rel}","templated":true}]}}