{"id":22589,"date":"2024-12-09T14:27:00","date_gmt":"2024-12-09T13:27:00","guid":{"rendered":"https:\/\/nelluxbeauty.com\/shop\/uncategorized\/lami-lashes-brows-aloe-panthenol-schutz-fuer-jeden-tag\/"},"modified":"2024-12-25T16:38:47","modified_gmt":"2024-12-25T15:38:47","slug":"lami-lashes-brows-aloe-panthenol-schutz-fuer-jeden-tag","status":"publish","type":"product","link":"https:\/\/nelluxbeauty.com\/de\/shop\/homecare\/wimpern\/lami-lashes-brows-aloe-panthenol-schutz-fuer-jeden-tag\/","title":{"rendered":"Lami Lashes &amp; Brows Aloe-Panthenol Schutz f\u00fcr jeden Tag"},"content":{"rendered":"<h3><strong>Wichtige Inhaltsstoffe<\/strong><\/h3>\n<ul>\n<li><strong>Panthenol<\/strong>: Bekannt f\u00fcr seine feuchtigkeitsspendenden und st\u00e4rkenden Eigenschaften, hilft es, die Gesundheit von Wimpern und Augenbrauen zu verbessern.<\/li>\n<li><strong>Aloe<\/strong>: Beruhigt, spendet Feuchtigkeit und sorgt f\u00fcr eine weiche, geschmeidige Textur.<\/li>\n<li><strong>Malachit<\/strong>: Ein seltener Mineralextrakt, der antioxidative Eigenschaften besitzt und zum schimmernden Charme des Produkts beitr\u00e4gt.<\/li>\n<\/ul>\n","protected":false},"excerpt":{"rendered":"<h3><strong>Pflegemittel f\u00fcr Wimpern und Augenbrauen<\/strong><\/h3>\n<p>Erweitern Sie Ihre Sch\u00f6nheitsroutine mit diesem luxuri\u00f6sen Pflegeprodukt f\u00fcr Wimpern und Augenbrauen! Seine schimmernde Formel pflegt nicht nur intensiv, sondern verleiht Ihren Wimpern und Augenbrauen auch einen schillernden Glanz, der sie gesund und strahlend aussehen l\u00e4sst.<\/p>\n<p>&nbsp;<\/p>\n","protected":false},"featured_media":22758,"template":"","meta":[],"product_brand":[],"product_cat":[1062,993,994],"product_tag":[],"class_list":{"0":"post-22589","1":"product","2":"type-product","3":"status-publish","4":"has-post-thumbnail","6":"product_cat-homecare","7":"product_cat-wimpern","8":"product_cat-augenbrauen-de-2","10":"first","11":"instock","12":"taxable","13":"shipping-taxable","14":"purchasable","15":"product-type-simple"},"yoast_head":"<!-- This site is optimized with the Yoast SEO plugin v24.0 - https:\/\/yoast.com\/wordpress\/plugins\/seo\/ -->\n<title>Lami Lashes &amp; Brows Aloe-Panthenol Schutz f\u00fcr jeden Tag | NEL LUX BEAUTY<\/title>\n<meta name=\"robots\" content=\"index, follow, max-snippet:-1, max-image-preview:large, max-video-preview:-1\" \/>\n<link rel=\"canonical\" href=\"https:\/\/nelluxbeauty.com\/de\/shop\/homecare\/wimpern\/lami-lashes-brows-aloe-panthenol-schutz-fuer-jeden-tag\/\" \/>\n<meta property=\"og:locale\" content=\"de_DE\" \/>\n<meta property=\"og:type\" content=\"article\" \/>\n<meta property=\"og:title\" content=\"Lami Lashes &amp; Brows Aloe-Panthenol Schutz f\u00fcr jeden Tag | NEL LUX BEAUTY\" \/>\n<meta property=\"og:description\" content=\"Pflegemittel f\u00fcr Wimpern und Augenbrauen Erweitern Sie Ihre Sch\u00f6nheitsroutine mit diesem luxuri\u00f6sen Pflegeprodukt f\u00fcr Wimpern und Augenbrauen! Seine schimmernde Formel pflegt nicht nur intensiv, sondern verleiht Ihren Wimpern und Augenbrauen auch einen schillernden Glanz, der sie gesund und strahlend aussehen l\u00e4sst.  &nbsp;\" \/>\n<meta property=\"og:url\" content=\"https:\/\/nelluxbeauty.com\/de\/shop\/homecare\/wimpern\/lami-lashes-brows-aloe-panthenol-schutz-fuer-jeden-tag\/\" \/>\n<meta property=\"og:site_name\" content=\"NEL LUX BEAUTY\" \/>\n<meta property=\"article:modified_time\" content=\"2024-12-25T15:38:47+00:00\" \/>\n<meta property=\"og:image\" content=\"https:\/\/nelluxbeauty.com\/wp-content\/uploads\/2024\/12\/121.png\" \/>\n\t<meta property=\"og:image:width\" content=\"680\" \/>\n\t<meta property=\"og:image:height\" content=\"920\" \/>\n\t<meta property=\"og:image:type\" content=\"image\/png\" \/>\n<meta name=\"twitter:card\" content=\"summary_large_image\" \/>\n<meta name=\"twitter:label1\" content=\"Gesch\u00e4tzte Lesezeit\" \/>\n\t<meta name=\"twitter:data1\" content=\"1\u00a0Minute\" \/>\n<script type=\"application\/ld+json\" class=\"yoast-schema-graph\">{\"@context\":\"https:\/\/schema.org\",\"@graph\":[{\"@type\":\"WebPage\",\"@id\":\"https:\/\/nelluxbeauty.com\/de\/shop\/homecare\/wimpern\/lami-lashes-brows-aloe-panthenol-schutz-fuer-jeden-tag\/\",\"url\":\"https:\/\/nelluxbeauty.com\/de\/shop\/homecare\/wimpern\/lami-lashes-brows-aloe-panthenol-schutz-fuer-jeden-tag\/\",\"name\":\"Lami Lashes &amp; Brows Aloe-Panthenol Schutz f\u00fcr jeden Tag | NEL LUX BEAUTY\",\"isPartOf\":{\"@id\":\"https:\/\/nelluxbeauty.com\/#website\"},\"primaryImageOfPage\":{\"@id\":\"https:\/\/nelluxbeauty.com\/de\/shop\/homecare\/wimpern\/lami-lashes-brows-aloe-panthenol-schutz-fuer-jeden-tag\/#primaryimage\"},\"image\":{\"@id\":\"https:\/\/nelluxbeauty.com\/de\/shop\/homecare\/wimpern\/lami-lashes-brows-aloe-panthenol-schutz-fuer-jeden-tag\/#primaryimage\"},\"thumbnailUrl\":\"https:\/\/nelluxbeauty.com\/wp-content\/uploads\/2024\/12\/121.png\",\"datePublished\":\"2024-12-09T13:27:00+00:00\",\"dateModified\":\"2024-12-25T15:38:47+00:00\",\"breadcrumb\":{\"@id\":\"https:\/\/nelluxbeauty.com\/de\/shop\/homecare\/wimpern\/lami-lashes-brows-aloe-panthenol-schutz-fuer-jeden-tag\/#breadcrumb\"},\"inLanguage\":\"de\",\"potentialAction\":[{\"@type\":\"ReadAction\",\"target\":[\"https:\/\/nelluxbeauty.com\/de\/shop\/homecare\/wimpern\/lami-lashes-brows-aloe-panthenol-schutz-fuer-jeden-tag\/\"]}]},{\"@type\":\"ImageObject\",\"inLanguage\":\"de\",\"@id\":\"https:\/\/nelluxbeauty.com\/de\/shop\/homecare\/wimpern\/lami-lashes-brows-aloe-panthenol-schutz-fuer-jeden-tag\/#primaryimage\",\"url\":\"https:\/\/nelluxbeauty.com\/wp-content\/uploads\/2024\/12\/121.png\",\"contentUrl\":\"https:\/\/nelluxbeauty.com\/wp-content\/uploads\/2024\/12\/121.png\",\"width\":680,\"height\":920},{\"@type\":\"BreadcrumbList\",\"@id\":\"https:\/\/nelluxbeauty.com\/de\/shop\/homecare\/wimpern\/lami-lashes-brows-aloe-panthenol-schutz-fuer-jeden-tag\/#breadcrumb\",\"itemListElement\":[{\"@type\":\"ListItem\",\"position\":1,\"name\":\"Home\",\"item\":\"https:\/\/nelluxbeauty.com\/\"},{\"@type\":\"ListItem\",\"position\":2,\"name\":\"Shop\",\"item\":\"https:\/\/nelluxbeauty.com\/de\/shop\/\"},{\"@type\":\"ListItem\",\"position\":3,\"name\":\"Lami Lashes &amp; Brows Aloe-Panthenol Schutz f\u00fcr jeden Tag\"}]},{\"@type\":\"WebSite\",\"@id\":\"https:\/\/nelluxbeauty.com\/#website\",\"url\":\"https:\/\/nelluxbeauty.com\/\",\"name\":\"NEL LUX BEAUTY\",\"description\":\"\",\"publisher\":{\"@id\":\"https:\/\/nelluxbeauty.com\/#organization\"},\"potentialAction\":[{\"@type\":\"SearchAction\",\"target\":{\"@type\":\"EntryPoint\",\"urlTemplate\":\"https:\/\/nelluxbeauty.com\/?s={search_term_string}\"},\"query-input\":{\"@type\":\"PropertyValueSpecification\",\"valueRequired\":true,\"valueName\":\"search_term_string\"}}],\"inLanguage\":\"de\"},{\"@type\":\"Organization\",\"@id\":\"https:\/\/nelluxbeauty.com\/#organization\",\"name\":\"NEL LUX BEAUTY\",\"url\":\"https:\/\/nelluxbeauty.com\/\",\"logo\":{\"@type\":\"ImageObject\",\"inLanguage\":\"de\",\"@id\":\"https:\/\/nelluxbeauty.com\/#\/schema\/logo\/image\/\",\"url\":\"https:\/\/nelluxbeauty.com\/wp-content\/uploads\/2024\/07\/nellux_beauty_logo.svg\",\"contentUrl\":\"https:\/\/nelluxbeauty.com\/wp-content\/uploads\/2024\/07\/nellux_beauty_logo.svg\",\"width\":305,\"height\":305,\"caption\":\"NEL LUX BEAUTY\"},\"image\":{\"@id\":\"https:\/\/nelluxbeauty.com\/#\/schema\/logo\/image\/\"}}]}<\/script>\n<!-- \/ Yoast SEO plugin. -->","yoast_head_json":{"title":"Lami Lashes &amp; Brows Aloe-Panthenol Schutz f\u00fcr jeden Tag | NEL LUX BEAUTY","robots":{"index":"index","follow":"follow","max-snippet":"max-snippet:-1","max-image-preview":"max-image-preview:large","max-video-preview":"max-video-preview:-1"},"canonical":"https:\/\/nelluxbeauty.com\/de\/shop\/homecare\/wimpern\/lami-lashes-brows-aloe-panthenol-schutz-fuer-jeden-tag\/","og_locale":"de_DE","og_type":"article","og_title":"Lami Lashes &amp; Brows Aloe-Panthenol Schutz f\u00fcr jeden Tag | NEL LUX BEAUTY","og_description":"Pflegemittel f\u00fcr Wimpern und Augenbrauen Erweitern Sie Ihre Sch\u00f6nheitsroutine mit diesem luxuri\u00f6sen Pflegeprodukt f\u00fcr Wimpern und Augenbrauen! Seine schimmernde Formel pflegt nicht nur intensiv, sondern verleiht Ihren Wimpern und Augenbrauen auch einen schillernden Glanz, der sie gesund und strahlend aussehen l\u00e4sst.  &nbsp;","og_url":"https:\/\/nelluxbeauty.com\/de\/shop\/homecare\/wimpern\/lami-lashes-brows-aloe-panthenol-schutz-fuer-jeden-tag\/","og_site_name":"NEL LUX BEAUTY","article_modified_time":"2024-12-25T15:38:47+00:00","og_image":[{"width":680,"height":920,"url":"https:\/\/nelluxbeauty.com\/wp-content\/uploads\/2024\/12\/121.png","type":"image\/png"}],"twitter_card":"summary_large_image","twitter_misc":{"Gesch\u00e4tzte Lesezeit":"1\u00a0Minute"},"schema":{"@context":"https:\/\/schema.org","@graph":[{"@type":"WebPage","@id":"https:\/\/nelluxbeauty.com\/de\/shop\/homecare\/wimpern\/lami-lashes-brows-aloe-panthenol-schutz-fuer-jeden-tag\/","url":"https:\/\/nelluxbeauty.com\/de\/shop\/homecare\/wimpern\/lami-lashes-brows-aloe-panthenol-schutz-fuer-jeden-tag\/","name":"Lami Lashes &amp; Brows Aloe-Panthenol Schutz f\u00fcr jeden Tag | NEL LUX BEAUTY","isPartOf":{"@id":"https:\/\/nelluxbeauty.com\/#website"},"primaryImageOfPage":{"@id":"https:\/\/nelluxbeauty.com\/de\/shop\/homecare\/wimpern\/lami-lashes-brows-aloe-panthenol-schutz-fuer-jeden-tag\/#primaryimage"},"image":{"@id":"https:\/\/nelluxbeauty.com\/de\/shop\/homecare\/wimpern\/lami-lashes-brows-aloe-panthenol-schutz-fuer-jeden-tag\/#primaryimage"},"thumbnailUrl":"https:\/\/nelluxbeauty.com\/wp-content\/uploads\/2024\/12\/121.png","datePublished":"2024-12-09T13:27:00+00:00","dateModified":"2024-12-25T15:38:47+00:00","breadcrumb":{"@id":"https:\/\/nelluxbeauty.com\/de\/shop\/homecare\/wimpern\/lami-lashes-brows-aloe-panthenol-schutz-fuer-jeden-tag\/#breadcrumb"},"inLanguage":"de","potentialAction":[{"@type":"ReadAction","target":["https:\/\/nelluxbeauty.com\/de\/shop\/homecare\/wimpern\/lami-lashes-brows-aloe-panthenol-schutz-fuer-jeden-tag\/"]}]},{"@type":"ImageObject","inLanguage":"de","@id":"https:\/\/nelluxbeauty.com\/de\/shop\/homecare\/wimpern\/lami-lashes-brows-aloe-panthenol-schutz-fuer-jeden-tag\/#primaryimage","url":"https:\/\/nelluxbeauty.com\/wp-content\/uploads\/2024\/12\/121.png","contentUrl":"https:\/\/nelluxbeauty.com\/wp-content\/uploads\/2024\/12\/121.png","width":680,"height":920},{"@type":"BreadcrumbList","@id":"https:\/\/nelluxbeauty.com\/de\/shop\/homecare\/wimpern\/lami-lashes-brows-aloe-panthenol-schutz-fuer-jeden-tag\/#breadcrumb","itemListElement":[{"@type":"ListItem","position":1,"name":"Home","item":"https:\/\/nelluxbeauty.com\/"},{"@type":"ListItem","position":2,"name":"Shop","item":"https:\/\/nelluxbeauty.com\/de\/shop\/"},{"@type":"ListItem","position":3,"name":"Lami Lashes &amp; Brows Aloe-Panthenol Schutz f\u00fcr jeden Tag"}]},{"@type":"WebSite","@id":"https:\/\/nelluxbeauty.com\/#website","url":"https:\/\/nelluxbeauty.com\/","name":"NEL LUX BEAUTY","description":"","publisher":{"@id":"https:\/\/nelluxbeauty.com\/#organization"},"potentialAction":[{"@type":"SearchAction","target":{"@type":"EntryPoint","urlTemplate":"https:\/\/nelluxbeauty.com\/?s={search_term_string}"},"query-input":{"@type":"PropertyValueSpecification","valueRequired":true,"valueName":"search_term_string"}}],"inLanguage":"de"},{"@type":"Organization","@id":"https:\/\/nelluxbeauty.com\/#organization","name":"NEL LUX BEAUTY","url":"https:\/\/nelluxbeauty.com\/","logo":{"@type":"ImageObject","inLanguage":"de","@id":"https:\/\/nelluxbeauty.com\/#\/schema\/logo\/image\/","url":"https:\/\/nelluxbeauty.com\/wp-content\/uploads\/2024\/07\/nellux_beauty_logo.svg","contentUrl":"https:\/\/nelluxbeauty.com\/wp-content\/uploads\/2024\/07\/nellux_beauty_logo.svg","width":305,"height":305,"caption":"NEL LUX BEAUTY"},"image":{"@id":"https:\/\/nelluxbeauty.com\/#\/schema\/logo\/image\/"}}]}},"_links":{"self":[{"href":"https:\/\/nelluxbeauty.com\/de\/wp-json\/wp\/v2\/product\/22589","targetHints":{"allow":["GET"]}}],"collection":[{"href":"https:\/\/nelluxbeauty.com\/de\/wp-json\/wp\/v2\/product"}],"about":[{"href":"https:\/\/nelluxbeauty.com\/de\/wp-json\/wp\/v2\/types\/product"}],"version-history":[{"count":0,"href":"https:\/\/nelluxbeauty.com\/de\/wp-json\/wp\/v2\/product\/22589\/revisions"}],"wp:featuredmedia":[{"embeddable":true,"href":"https:\/\/nelluxbeauty.com\/de\/wp-json\/wp\/v2\/media\/22758"}],"wp:attachment":[{"href":"https:\/\/nelluxbeauty.com\/de\/wp-json\/wp\/v2\/media?parent=22589"}],"wp:term":[{"taxonomy":"product_brand","embeddable":true,"href":"https:\/\/nelluxbeauty.com\/de\/wp-json\/wp\/v2\/product_brand?post=22589"},{"taxonomy":"product_cat","embeddable":true,"href":"https:\/\/nelluxbeauty.com\/de\/wp-json\/wp\/v2\/product_cat?post=22589"},{"taxonomy":"product_tag","embeddable":true,"href":"https:\/\/nelluxbeauty.com\/de\/wp-json\/wp\/v2\/product_tag?post=22589"}],"curies":[{"name":"wp","href":"https:\/\/api.w.org\/{rel}","templated":true}]}}