{"id":22566,"date":"2024-12-09T14:14:10","date_gmt":"2024-12-09T13:14:10","guid":{"rendered":"https:\/\/nelluxbeauty.com\/shop\/uncategorized\/lami-brow-browista-balsam-zum-schutz-der-haut-10g\/"},"modified":"2024-12-19T13:32:22","modified_gmt":"2024-12-19T12:32:22","slug":"lami-brow-browista-balsam-zum-schutz-der-haut-10g","status":"publish","type":"product","link":"https:\/\/nelluxbeauty.com\/de\/shop\/homecare\/augenbrauen-de-2\/lami-brow-browista-balsam-zum-schutz-der-haut-10g\/","title":{"rendered":"Lami Brow Browista Balsam zum Schutz der Haut 10g"},"content":{"rendered":"","protected":false},"excerpt":{"rendered":"<p>Die Avocado\u00f6l-Creme hilft, Haare und Haut beim F\u00e4rben und Laminieren von Augenbrauen und Wimpern sowie vor den negativen Auswirkungen von Umweltfaktoren zu sch\u00fctzen. Au\u00dferdem n\u00e4hrt dieses Produkt die Haare, verleiht ihnen Glanz und beugt dem Austrocknen der Haut vor. Es ist sowohl f\u00fcr die professionelle als auch f\u00fcr die h\u00e4usliche Anwendung als Teil Ihrer Hautpflegeroutine geeignet.  <\/p>\n<p>&nbsp;<\/p>\n<p>&nbsp;<\/p>\n","protected":false},"featured_media":22563,"template":"","meta":[],"product_brand":[],"product_cat":[989,990,1062,1070,1071,1074,994,1003],"product_tag":[],"class_list":{"0":"post-22566","1":"product","2":"type-product","3":"status-publish","4":"has-post-thumbnail","6":"product_cat-professional-care","7":"product_cat-augenbrauen","8":"product_cat-homecare","9":"product_cat-airbrush-de","10":"product_cat-architektur","11":"product_cat-farbstoffe","12":"product_cat-augenbrauen-de-2","13":"product_cat-henna-de-2","15":"first","16":"instock","17":"taxable","18":"shipping-taxable","19":"purchasable","20":"product-type-simple"},"yoast_head":"<!-- This site is optimized with the Yoast SEO plugin v24.0 - https:\/\/yoast.com\/wordpress\/plugins\/seo\/ -->\n<title>Lami Brow Browista Balsam zum Schutz der Haut 10g | NEL LUX BEAUTY<\/title>\n<meta name=\"robots\" content=\"index, follow, max-snippet:-1, max-image-preview:large, max-video-preview:-1\" \/>\n<link rel=\"canonical\" href=\"https:\/\/nelluxbeauty.com\/de\/shop\/homecare\/augenbrauen-de-2\/lami-brow-browista-balsam-zum-schutz-der-haut-10g\/\" \/>\n<meta property=\"og:locale\" content=\"de_DE\" \/>\n<meta property=\"og:type\" content=\"article\" \/>\n<meta property=\"og:title\" content=\"Lami Brow Browista Balsam zum Schutz der Haut 10g | NEL LUX BEAUTY\" \/>\n<meta property=\"og:description\" content=\"Die Avocado\u00f6l-Creme hilft, Haare und Haut beim F\u00e4rben und Laminieren von Augenbrauen und Wimpern sowie vor den negativen Auswirkungen von Umweltfaktoren zu sch\u00fctzen. Au\u00dferdem n\u00e4hrt dieses Produkt die Haare, verleiht ihnen Glanz und beugt dem Austrocknen der Haut vor. Es ist sowohl f\u00fcr die professionelle als auch f\u00fcr die h\u00e4usliche Anwendung als Teil Ihrer Hautpflegeroutine geeignet.  &nbsp; &nbsp;\" \/>\n<meta property=\"og:url\" content=\"https:\/\/nelluxbeauty.com\/de\/shop\/homecare\/augenbrauen-de-2\/lami-brow-browista-balsam-zum-schutz-der-haut-10g\/\" \/>\n<meta property=\"og:site_name\" content=\"NEL LUX BEAUTY\" \/>\n<meta property=\"article:modified_time\" content=\"2024-12-19T12:32:22+00:00\" \/>\n<meta property=\"og:image\" content=\"https:\/\/nelluxbeauty.com\/wp-content\/uploads\/2024\/12\/9.png\" \/>\n\t<meta property=\"og:image:width\" content=\"680\" \/>\n\t<meta property=\"og:image:height\" content=\"920\" \/>\n\t<meta property=\"og:image:type\" content=\"image\/png\" \/>\n<meta name=\"twitter:card\" content=\"summary_large_image\" \/>\n<script type=\"application\/ld+json\" class=\"yoast-schema-graph\">{\"@context\":\"https:\/\/schema.org\",\"@graph\":[{\"@type\":\"WebPage\",\"@id\":\"https:\/\/nelluxbeauty.com\/de\/shop\/homecare\/augenbrauen-de-2\/lami-brow-browista-balsam-zum-schutz-der-haut-10g\/\",\"url\":\"https:\/\/nelluxbeauty.com\/de\/shop\/homecare\/augenbrauen-de-2\/lami-brow-browista-balsam-zum-schutz-der-haut-10g\/\",\"name\":\"Lami Brow Browista Balsam zum Schutz der Haut 10g | NEL LUX BEAUTY\",\"isPartOf\":{\"@id\":\"https:\/\/nelluxbeauty.com\/#website\"},\"primaryImageOfPage\":{\"@id\":\"https:\/\/nelluxbeauty.com\/de\/shop\/homecare\/augenbrauen-de-2\/lami-brow-browista-balsam-zum-schutz-der-haut-10g\/#primaryimage\"},\"image\":{\"@id\":\"https:\/\/nelluxbeauty.com\/de\/shop\/homecare\/augenbrauen-de-2\/lami-brow-browista-balsam-zum-schutz-der-haut-10g\/#primaryimage\"},\"thumbnailUrl\":\"https:\/\/nelluxbeauty.com\/wp-content\/uploads\/2024\/12\/9.png\",\"datePublished\":\"2024-12-09T13:14:10+00:00\",\"dateModified\":\"2024-12-19T12:32:22+00:00\",\"breadcrumb\":{\"@id\":\"https:\/\/nelluxbeauty.com\/de\/shop\/homecare\/augenbrauen-de-2\/lami-brow-browista-balsam-zum-schutz-der-haut-10g\/#breadcrumb\"},\"inLanguage\":\"de\",\"potentialAction\":[{\"@type\":\"ReadAction\",\"target\":[\"https:\/\/nelluxbeauty.com\/de\/shop\/homecare\/augenbrauen-de-2\/lami-brow-browista-balsam-zum-schutz-der-haut-10g\/\"]}]},{\"@type\":\"ImageObject\",\"inLanguage\":\"de\",\"@id\":\"https:\/\/nelluxbeauty.com\/de\/shop\/homecare\/augenbrauen-de-2\/lami-brow-browista-balsam-zum-schutz-der-haut-10g\/#primaryimage\",\"url\":\"https:\/\/nelluxbeauty.com\/wp-content\/uploads\/2024\/12\/9.png\",\"contentUrl\":\"https:\/\/nelluxbeauty.com\/wp-content\/uploads\/2024\/12\/9.png\",\"width\":680,\"height\":920},{\"@type\":\"BreadcrumbList\",\"@id\":\"https:\/\/nelluxbeauty.com\/de\/shop\/homecare\/augenbrauen-de-2\/lami-brow-browista-balsam-zum-schutz-der-haut-10g\/#breadcrumb\",\"itemListElement\":[{\"@type\":\"ListItem\",\"position\":1,\"name\":\"Home\",\"item\":\"https:\/\/nelluxbeauty.com\/\"},{\"@type\":\"ListItem\",\"position\":2,\"name\":\"Shop\",\"item\":\"https:\/\/nelluxbeauty.com\/de\/shop\/\"},{\"@type\":\"ListItem\",\"position\":3,\"name\":\"Lami Brow Browista Balsam zum Schutz der Haut 10g\"}]},{\"@type\":\"WebSite\",\"@id\":\"https:\/\/nelluxbeauty.com\/#website\",\"url\":\"https:\/\/nelluxbeauty.com\/\",\"name\":\"NEL LUX BEAUTY\",\"description\":\"\",\"publisher\":{\"@id\":\"https:\/\/nelluxbeauty.com\/#organization\"},\"potentialAction\":[{\"@type\":\"SearchAction\",\"target\":{\"@type\":\"EntryPoint\",\"urlTemplate\":\"https:\/\/nelluxbeauty.com\/?s={search_term_string}\"},\"query-input\":{\"@type\":\"PropertyValueSpecification\",\"valueRequired\":true,\"valueName\":\"search_term_string\"}}],\"inLanguage\":\"de\"},{\"@type\":\"Organization\",\"@id\":\"https:\/\/nelluxbeauty.com\/#organization\",\"name\":\"NEL LUX BEAUTY\",\"url\":\"https:\/\/nelluxbeauty.com\/\",\"logo\":{\"@type\":\"ImageObject\",\"inLanguage\":\"de\",\"@id\":\"https:\/\/nelluxbeauty.com\/#\/schema\/logo\/image\/\",\"url\":\"https:\/\/nelluxbeauty.com\/wp-content\/uploads\/2024\/07\/nellux_beauty_logo.svg\",\"contentUrl\":\"https:\/\/nelluxbeauty.com\/wp-content\/uploads\/2024\/07\/nellux_beauty_logo.svg\",\"width\":305,\"height\":305,\"caption\":\"NEL LUX BEAUTY\"},\"image\":{\"@id\":\"https:\/\/nelluxbeauty.com\/#\/schema\/logo\/image\/\"}}]}<\/script>\n<!-- \/ Yoast SEO plugin. -->","yoast_head_json":{"title":"Lami Brow Browista Balsam zum Schutz der Haut 10g | NEL LUX BEAUTY","robots":{"index":"index","follow":"follow","max-snippet":"max-snippet:-1","max-image-preview":"max-image-preview:large","max-video-preview":"max-video-preview:-1"},"canonical":"https:\/\/nelluxbeauty.com\/de\/shop\/homecare\/augenbrauen-de-2\/lami-brow-browista-balsam-zum-schutz-der-haut-10g\/","og_locale":"de_DE","og_type":"article","og_title":"Lami Brow Browista Balsam zum Schutz der Haut 10g | NEL LUX BEAUTY","og_description":"Die Avocado\u00f6l-Creme hilft, Haare und Haut beim F\u00e4rben und Laminieren von Augenbrauen und Wimpern sowie vor den negativen Auswirkungen von Umweltfaktoren zu sch\u00fctzen. Au\u00dferdem n\u00e4hrt dieses Produkt die Haare, verleiht ihnen Glanz und beugt dem Austrocknen der Haut vor. Es ist sowohl f\u00fcr die professionelle als auch f\u00fcr die h\u00e4usliche Anwendung als Teil Ihrer Hautpflegeroutine geeignet.  &nbsp; &nbsp;","og_url":"https:\/\/nelluxbeauty.com\/de\/shop\/homecare\/augenbrauen-de-2\/lami-brow-browista-balsam-zum-schutz-der-haut-10g\/","og_site_name":"NEL LUX BEAUTY","article_modified_time":"2024-12-19T12:32:22+00:00","og_image":[{"width":680,"height":920,"url":"https:\/\/nelluxbeauty.com\/wp-content\/uploads\/2024\/12\/9.png","type":"image\/png"}],"twitter_card":"summary_large_image","schema":{"@context":"https:\/\/schema.org","@graph":[{"@type":"WebPage","@id":"https:\/\/nelluxbeauty.com\/de\/shop\/homecare\/augenbrauen-de-2\/lami-brow-browista-balsam-zum-schutz-der-haut-10g\/","url":"https:\/\/nelluxbeauty.com\/de\/shop\/homecare\/augenbrauen-de-2\/lami-brow-browista-balsam-zum-schutz-der-haut-10g\/","name":"Lami Brow Browista Balsam zum Schutz der Haut 10g | NEL LUX BEAUTY","isPartOf":{"@id":"https:\/\/nelluxbeauty.com\/#website"},"primaryImageOfPage":{"@id":"https:\/\/nelluxbeauty.com\/de\/shop\/homecare\/augenbrauen-de-2\/lami-brow-browista-balsam-zum-schutz-der-haut-10g\/#primaryimage"},"image":{"@id":"https:\/\/nelluxbeauty.com\/de\/shop\/homecare\/augenbrauen-de-2\/lami-brow-browista-balsam-zum-schutz-der-haut-10g\/#primaryimage"},"thumbnailUrl":"https:\/\/nelluxbeauty.com\/wp-content\/uploads\/2024\/12\/9.png","datePublished":"2024-12-09T13:14:10+00:00","dateModified":"2024-12-19T12:32:22+00:00","breadcrumb":{"@id":"https:\/\/nelluxbeauty.com\/de\/shop\/homecare\/augenbrauen-de-2\/lami-brow-browista-balsam-zum-schutz-der-haut-10g\/#breadcrumb"},"inLanguage":"de","potentialAction":[{"@type":"ReadAction","target":["https:\/\/nelluxbeauty.com\/de\/shop\/homecare\/augenbrauen-de-2\/lami-brow-browista-balsam-zum-schutz-der-haut-10g\/"]}]},{"@type":"ImageObject","inLanguage":"de","@id":"https:\/\/nelluxbeauty.com\/de\/shop\/homecare\/augenbrauen-de-2\/lami-brow-browista-balsam-zum-schutz-der-haut-10g\/#primaryimage","url":"https:\/\/nelluxbeauty.com\/wp-content\/uploads\/2024\/12\/9.png","contentUrl":"https:\/\/nelluxbeauty.com\/wp-content\/uploads\/2024\/12\/9.png","width":680,"height":920},{"@type":"BreadcrumbList","@id":"https:\/\/nelluxbeauty.com\/de\/shop\/homecare\/augenbrauen-de-2\/lami-brow-browista-balsam-zum-schutz-der-haut-10g\/#breadcrumb","itemListElement":[{"@type":"ListItem","position":1,"name":"Home","item":"https:\/\/nelluxbeauty.com\/"},{"@type":"ListItem","position":2,"name":"Shop","item":"https:\/\/nelluxbeauty.com\/de\/shop\/"},{"@type":"ListItem","position":3,"name":"Lami Brow Browista Balsam zum Schutz der Haut 10g"}]},{"@type":"WebSite","@id":"https:\/\/nelluxbeauty.com\/#website","url":"https:\/\/nelluxbeauty.com\/","name":"NEL LUX BEAUTY","description":"","publisher":{"@id":"https:\/\/nelluxbeauty.com\/#organization"},"potentialAction":[{"@type":"SearchAction","target":{"@type":"EntryPoint","urlTemplate":"https:\/\/nelluxbeauty.com\/?s={search_term_string}"},"query-input":{"@type":"PropertyValueSpecification","valueRequired":true,"valueName":"search_term_string"}}],"inLanguage":"de"},{"@type":"Organization","@id":"https:\/\/nelluxbeauty.com\/#organization","name":"NEL LUX BEAUTY","url":"https:\/\/nelluxbeauty.com\/","logo":{"@type":"ImageObject","inLanguage":"de","@id":"https:\/\/nelluxbeauty.com\/#\/schema\/logo\/image\/","url":"https:\/\/nelluxbeauty.com\/wp-content\/uploads\/2024\/07\/nellux_beauty_logo.svg","contentUrl":"https:\/\/nelluxbeauty.com\/wp-content\/uploads\/2024\/07\/nellux_beauty_logo.svg","width":305,"height":305,"caption":"NEL LUX BEAUTY"},"image":{"@id":"https:\/\/nelluxbeauty.com\/#\/schema\/logo\/image\/"}}]}},"_links":{"self":[{"href":"https:\/\/nelluxbeauty.com\/de\/wp-json\/wp\/v2\/product\/22566","targetHints":{"allow":["GET"]}}],"collection":[{"href":"https:\/\/nelluxbeauty.com\/de\/wp-json\/wp\/v2\/product"}],"about":[{"href":"https:\/\/nelluxbeauty.com\/de\/wp-json\/wp\/v2\/types\/product"}],"version-history":[{"count":0,"href":"https:\/\/nelluxbeauty.com\/de\/wp-json\/wp\/v2\/product\/22566\/revisions"}],"wp:featuredmedia":[{"embeddable":true,"href":"https:\/\/nelluxbeauty.com\/de\/wp-json\/wp\/v2\/media\/22563"}],"wp:attachment":[{"href":"https:\/\/nelluxbeauty.com\/de\/wp-json\/wp\/v2\/media?parent=22566"}],"wp:term":[{"taxonomy":"product_brand","embeddable":true,"href":"https:\/\/nelluxbeauty.com\/de\/wp-json\/wp\/v2\/product_brand?post=22566"},{"taxonomy":"product_cat","embeddable":true,"href":"https:\/\/nelluxbeauty.com\/de\/wp-json\/wp\/v2\/product_cat?post=22566"},{"taxonomy":"product_tag","embeddable":true,"href":"https:\/\/nelluxbeauty.com\/de\/wp-json\/wp\/v2\/product_tag?post=22566"}],"curies":[{"name":"wp","href":"https:\/\/api.w.org\/{rel}","templated":true}]}}