{"id":22503,"date":"2024-12-09T13:22:22","date_gmt":"2024-12-09T12:22:22","guid":{"rendered":"https:\/\/nelluxbeauty.com\/shop\/uncategorized\/lami-lashes-brows-browista-lamination-lift-fix-airless-sachets\/"},"modified":"2025-04-08T09:37:44","modified_gmt":"2025-04-08T07:37:44","slug":"lami-lashes-brows-browista-lamination-lift-fix-airless-sachets","status":"publish","type":"product","link":"https:\/\/nelluxbeauty.com\/de\/shop\/professional-care\/wimpern-de\/loesungen-de\/lami-lashes-brows-browista-lamination-lift-fix-airless-sachets\/","title":{"rendered":"&#8222;Lami Lashes &amp; Brows Browista Lamination Lift &amp; Fix&#8220; Airless + Sachets"},"content":{"rendered":"<ul>\n<li><strong>Protokoll &#8211; Anleitung zum Laminieren von Augenbrauen &#8222;Lami Browista Lamination&#8220;<\/strong><\/li>\n<\/ul>\n<p>Schritt 1 &#8211; reinigen Sie die Augenbrauen mit Lami Lashes Foam, dr\u00fccken Sie 1 Klick auf die Reinigungsb\u00fcrste, reinigen Sie die Augenbrauen, sp\u00fclen Sie mit Wasser nach. Schritt 2 &#8211; tragen Sie die Zusammensetzung &#8222;Browista Lamination Lift&#8220; auf die Augenbrauen auf, bedecken Sie sie mit einer Folie. Lassen Sie es bei feinen H\u00e4rchen 4-5 Minuten einwirken, bei mittleren 6-7 Minuten, bei groben 7-8 Minuten, maximal 10 Minuten. Entfernen Sie die Zusammensetzung am Ende der Zeit mit einer B\u00fcrste mit gleichm\u00e4\u00dfigen Bewegungen von der Wurzel bis zu den Spitzen. K\u00e4mmen Sie sie mit einer Schraubb\u00fcrste durch, um die gew\u00fcnschte Form zu erzielen. Schritt 3 &#8211; Tragen Sie die Zusammensetzung &#8222;Browista Lamination Fix&#8220; auf die Augenbrauen auf und decken Sie sie mit einer Folie ab. Lassen Sie es bei feinen Haaren 4-5 Minuten einwirken, bei mittleren Haaren 6-7 Minuten, bei groben Haaren 7-8 Minuten, maximal 10 Minuten. Entfernen Sie die Zusammensetzung am Ende der Zeit mit einer B\u00fcrste mit gleichm\u00e4\u00dfigen Bewegungen von der Wurzel bis zu den Spitzen. K\u00e4mmen Sie das Haar mit einer Schraubb\u00fcrste durch und bringen Sie es in die gew\u00fcnschte Form. Schritt 4 &#8211; f\u00e4rben Sie die Haare mit Farbe. Schritt 5 &#8211; tragen Sie &#8222;Lami Lashes 3d Filler&#8220; auf die Augenbrauen auf und halten Sie ihn 2-5 Minuten lang. K\u00e4mmen Sie mit einer Schraubb\u00fcrste durch, um die gew\u00fcnschte Form zu schaffen. Schritt 6 &#8211; Tragen Sie die &#8222;Lami Lashes Ceramide Finish Gel&#8220; Zusammensetzung mit einem Schraubpinsel auf und lassen Sie sie einwirken, bis sie vollst\u00e4ndig eingezogen ist.<\/p>\n<ul>\n<li><strong>Kann auch f\u00fcr die Laminierung von Wimpern verwendet werden:<\/strong><\/li>\n<\/ul>\n<p>SCHRITT 1 FIXIEREN: d\u00fcnne Wimpern: 8-10 Minuten halbdicke Wimpern: 10-11 Min. dicke\/grobe Wimpern: 11-12 Min. maximale Zeit: 12 Minuten SCHRITT 2<span class=\"Apple-converted-space\"> FIXIEREN:<\/span> d\u00fcnne Wimpern: 8-10 Minuten halbdicke Wimpern: 10-11 Min. dicke\/grobe Wimpern: 11-12 Min. maximale Zeit: 12 Minuten<\/p>\n<p>d\u00fcnne Wimpern: 8-10 Minuten halbdicke Wimpern: 10-11 Min. dicke\/grobe Wimpern: 11-12 Min. maximale Zeit: 12 Minuten<\/p>\n<div class=\"woocommerce-product-details__short-description\">\n<pre class=\"p1\">\r\n<\/pre>\n<\/div>\n","protected":false},"excerpt":{"rendered":"<p class=\"\" data-start=\"1155\" data-end=\"1348\">Unser neues <strong data-start=\"1167\" data-end=\"1213\">Wimpernlifting- und Brow-Lamination-System<\/strong> ist <strong data-start=\"1218\" data-end=\"1272\">biologisch, 100 % vegan und in Italien hergestellt<\/strong> \u2013 es vereint fortschrittliche Ergebnisse mit bewusster, sauberer Sch\u00f6nheit.<\/p>\n<p class=\"\" data-start=\"1350\" data-end=\"1720\">Das <strong data-start=\"1354\" data-end=\"1376\">organische Lifting<\/strong> ist eine neuartige Innovation in der Wimpern- und Augenbrauenbranche. Im Gegensatz zu herk\u00f6mmlichen Systemen, die auf Thioglykols\u00e4ure basieren, verwendet unsere Formel <strong data-start=\"1545\" data-end=\"1572\">nat\u00fcrliche Verbindungen<\/strong> wie <strong data-start=\"1577\" data-end=\"1590\">Cysteamin<\/strong> und <strong data-start=\"1595\" data-end=\"1622\">pflanzliche Aminos\u00e4uren<\/strong>, um Disulfidbr\u00fccken im Haar sanft zu l\u00f6sen und umzuformen \u2013 <strong data-start=\"1683\" data-end=\"1719\">ganz ohne aggressive Chemikalien<\/strong>.<\/p>\n<p class=\"\" data-start=\"1722\" data-end=\"1884\"><strong data-start=\"1722\" data-end=\"1739\">Das Ergebnis?<\/strong><br data-start=\"1739\" data-end=\"1742\" \/>\u2728 Wundersch\u00f6n geliftete, geschwungene Wimpern<br data-start=\"1787\" data-end=\"1790\" \/>\u2728 Dicht wirkende, fluffige Augenbrauen<br data-start=\"1828\" data-end=\"1831\" \/>\u2728 Und das alles besonders schonend f\u00fcr Haare und Haut<\/p>\n<p class=\"\" data-start=\"1886\" data-end=\"2097\">Diese naturbasierte Formel erzielt <strong data-start=\"1921\" data-end=\"1961\">die gleichen dramatischen Ergebnisse<\/strong> wie herk\u00f6mmliche Systeme, ist dabei aber deutlich sanfter \u2013 perfekt f\u00fcr Kund:innen, die effektive und achtsame Sch\u00f6nheitspflege suchen.<\/p>\n","protected":false},"featured_media":22497,"template":"","meta":[],"product_brand":[],"product_cat":[989,990,1078,992,991],"product_tag":[],"class_list":{"0":"post-22503","1":"product","2":"type-product","3":"status-publish","4":"has-post-thumbnail","6":"product_cat-professional-care","7":"product_cat-augenbrauen","8":"product_cat-wimpern-de","9":"product_cat-loesungen-de-2","10":"product_cat-loesungen-de","11":"pa_size-15-ml-fixierung","12":"pa_size-15-ml-lifting","14":"first","15":"outofstock","16":"taxable","17":"shipping-taxable","18":"purchasable","19":"product-type-variable"},"yoast_head":"<!-- This site is optimized with the Yoast SEO plugin v24.0 - https:\/\/yoast.com\/wordpress\/plugins\/seo\/ -->\n<title>&quot;Lami Lashes &amp; Brows Browista Lamination Lift &amp; Fix&quot; Airless + Sachets | NEL LUX BEAUTY<\/title>\n<meta name=\"robots\" content=\"index, follow, max-snippet:-1, max-image-preview:large, max-video-preview:-1\" \/>\n<link rel=\"canonical\" href=\"https:\/\/nelluxbeauty.com\/de\/shop\/professional-care\/wimpern-de\/loesungen-de\/lami-lashes-brows-browista-lamination-lift-fix-airless-sachets\/\" \/>\n<meta property=\"og:locale\" content=\"de_DE\" \/>\n<meta property=\"og:type\" content=\"article\" \/>\n<meta property=\"og:title\" content=\"&quot;Lami Lashes &amp; Brows Browista Lamination Lift &amp; Fix&quot; Airless + Sachets | NEL LUX BEAUTY\" \/>\n<meta property=\"og:description\" content=\"Unser neues Wimpernlifting- und Brow-Lamination-System ist biologisch, 100 % vegan und in Italien hergestellt \u2013 es vereint fortschrittliche Ergebnisse mit bewusster, sauberer Sch\u00f6nheit. Das organische Lifting ist eine neuartige Innovation in der Wimpern- und Augenbrauenbranche. Im Gegensatz zu herk\u00f6mmlichen Systemen, die auf Thioglykols\u00e4ure basieren, verwendet unsere Formel nat\u00fcrliche Verbindungen wie Cysteamin und pflanzliche Aminos\u00e4uren, um Disulfidbr\u00fccken im Haar sanft zu l\u00f6sen und umzuformen \u2013 ganz ohne aggressive Chemikalien. Das Ergebnis?\u2728 Wundersch\u00f6n geliftete, geschwungene Wimpern\u2728 Dicht wirkende, fluffige Augenbrauen\u2728 Und das alles besonders schonend f\u00fcr Haare und Haut Diese naturbasierte Formel erzielt die gleichen dramatischen Ergebnisse wie herk\u00f6mmliche Systeme, ist dabei aber deutlich sanfter \u2013 perfekt f\u00fcr Kund:innen, die effektive und achtsame Sch\u00f6nheitspflege suchen.\" \/>\n<meta property=\"og:url\" content=\"https:\/\/nelluxbeauty.com\/de\/shop\/professional-care\/wimpern-de\/loesungen-de\/lami-lashes-brows-browista-lamination-lift-fix-airless-sachets\/\" \/>\n<meta property=\"og:site_name\" content=\"NEL LUX BEAUTY\" \/>\n<meta property=\"article:modified_time\" content=\"2025-04-08T07:37:44+00:00\" \/>\n<meta property=\"og:image\" content=\"https:\/\/nelluxbeauty.com\/wp-content\/uploads\/2024\/12\/browista-airless.png\" \/>\n\t<meta property=\"og:image:width\" content=\"680\" \/>\n\t<meta property=\"og:image:height\" content=\"920\" \/>\n\t<meta property=\"og:image:type\" content=\"image\/png\" \/>\n<meta name=\"twitter:card\" content=\"summary_large_image\" \/>\n<meta name=\"twitter:label1\" content=\"Gesch\u00e4tzte Lesezeit\" \/>\n\t<meta name=\"twitter:data1\" content=\"2\u00a0Minuten\" \/>\n<script type=\"application\/ld+json\" class=\"yoast-schema-graph\">{\"@context\":\"https:\/\/schema.org\",\"@graph\":[{\"@type\":\"WebPage\",\"@id\":\"https:\/\/nelluxbeauty.com\/de\/shop\/professional-care\/wimpern-de\/loesungen-de\/lami-lashes-brows-browista-lamination-lift-fix-airless-sachets\/\",\"url\":\"https:\/\/nelluxbeauty.com\/de\/shop\/professional-care\/wimpern-de\/loesungen-de\/lami-lashes-brows-browista-lamination-lift-fix-airless-sachets\/\",\"name\":\"\\\"Lami Lashes &amp; Brows Browista Lamination Lift &amp; Fix\\\" Airless + Sachets | NEL LUX BEAUTY\",\"isPartOf\":{\"@id\":\"https:\/\/nelluxbeauty.com\/#website\"},\"primaryImageOfPage\":{\"@id\":\"https:\/\/nelluxbeauty.com\/de\/shop\/professional-care\/wimpern-de\/loesungen-de\/lami-lashes-brows-browista-lamination-lift-fix-airless-sachets\/#primaryimage\"},\"image\":{\"@id\":\"https:\/\/nelluxbeauty.com\/de\/shop\/professional-care\/wimpern-de\/loesungen-de\/lami-lashes-brows-browista-lamination-lift-fix-airless-sachets\/#primaryimage\"},\"thumbnailUrl\":\"https:\/\/nelluxbeauty.com\/wp-content\/uploads\/2024\/12\/browista-airless.png\",\"datePublished\":\"2024-12-09T12:22:22+00:00\",\"dateModified\":\"2025-04-08T07:37:44+00:00\",\"breadcrumb\":{\"@id\":\"https:\/\/nelluxbeauty.com\/de\/shop\/professional-care\/wimpern-de\/loesungen-de\/lami-lashes-brows-browista-lamination-lift-fix-airless-sachets\/#breadcrumb\"},\"inLanguage\":\"de\",\"potentialAction\":[{\"@type\":\"ReadAction\",\"target\":[\"https:\/\/nelluxbeauty.com\/de\/shop\/professional-care\/wimpern-de\/loesungen-de\/lami-lashes-brows-browista-lamination-lift-fix-airless-sachets\/\"]}]},{\"@type\":\"ImageObject\",\"inLanguage\":\"de\",\"@id\":\"https:\/\/nelluxbeauty.com\/de\/shop\/professional-care\/wimpern-de\/loesungen-de\/lami-lashes-brows-browista-lamination-lift-fix-airless-sachets\/#primaryimage\",\"url\":\"https:\/\/nelluxbeauty.com\/wp-content\/uploads\/2024\/12\/browista-airless.png\",\"contentUrl\":\"https:\/\/nelluxbeauty.com\/wp-content\/uploads\/2024\/12\/browista-airless.png\",\"width\":680,\"height\":920},{\"@type\":\"BreadcrumbList\",\"@id\":\"https:\/\/nelluxbeauty.com\/de\/shop\/professional-care\/wimpern-de\/loesungen-de\/lami-lashes-brows-browista-lamination-lift-fix-airless-sachets\/#breadcrumb\",\"itemListElement\":[{\"@type\":\"ListItem\",\"position\":1,\"name\":\"Home\",\"item\":\"https:\/\/nelluxbeauty.com\/\"},{\"@type\":\"ListItem\",\"position\":2,\"name\":\"Shop\",\"item\":\"https:\/\/nelluxbeauty.com\/de\/shop\/\"},{\"@type\":\"ListItem\",\"position\":3,\"name\":\"&#8222;Lami Lashes &amp; Brows Browista Lamination Lift &amp; Fix&#8220; Airless + Sachets\"}]},{\"@type\":\"WebSite\",\"@id\":\"https:\/\/nelluxbeauty.com\/#website\",\"url\":\"https:\/\/nelluxbeauty.com\/\",\"name\":\"NEL LUX BEAUTY\",\"description\":\"\",\"publisher\":{\"@id\":\"https:\/\/nelluxbeauty.com\/#organization\"},\"potentialAction\":[{\"@type\":\"SearchAction\",\"target\":{\"@type\":\"EntryPoint\",\"urlTemplate\":\"https:\/\/nelluxbeauty.com\/?s={search_term_string}\"},\"query-input\":{\"@type\":\"PropertyValueSpecification\",\"valueRequired\":true,\"valueName\":\"search_term_string\"}}],\"inLanguage\":\"de\"},{\"@type\":\"Organization\",\"@id\":\"https:\/\/nelluxbeauty.com\/#organization\",\"name\":\"NEL LUX BEAUTY\",\"url\":\"https:\/\/nelluxbeauty.com\/\",\"logo\":{\"@type\":\"ImageObject\",\"inLanguage\":\"de\",\"@id\":\"https:\/\/nelluxbeauty.com\/#\/schema\/logo\/image\/\",\"url\":\"https:\/\/nelluxbeauty.com\/wp-content\/uploads\/2024\/07\/nellux_beauty_logo.svg\",\"contentUrl\":\"https:\/\/nelluxbeauty.com\/wp-content\/uploads\/2024\/07\/nellux_beauty_logo.svg\",\"width\":305,\"height\":305,\"caption\":\"NEL LUX BEAUTY\"},\"image\":{\"@id\":\"https:\/\/nelluxbeauty.com\/#\/schema\/logo\/image\/\"}}]}<\/script>\n<!-- \/ Yoast SEO plugin. -->","yoast_head_json":{"title":"\"Lami Lashes &amp; Brows Browista Lamination Lift &amp; Fix\" Airless + Sachets | NEL LUX BEAUTY","robots":{"index":"index","follow":"follow","max-snippet":"max-snippet:-1","max-image-preview":"max-image-preview:large","max-video-preview":"max-video-preview:-1"},"canonical":"https:\/\/nelluxbeauty.com\/de\/shop\/professional-care\/wimpern-de\/loesungen-de\/lami-lashes-brows-browista-lamination-lift-fix-airless-sachets\/","og_locale":"de_DE","og_type":"article","og_title":"\"Lami Lashes &amp; Brows Browista Lamination Lift &amp; Fix\" Airless + Sachets | NEL LUX BEAUTY","og_description":"Unser neues Wimpernlifting- und Brow-Lamination-System ist biologisch, 100 % vegan und in Italien hergestellt \u2013 es vereint fortschrittliche Ergebnisse mit bewusster, sauberer Sch\u00f6nheit. Das organische Lifting ist eine neuartige Innovation in der Wimpern- und Augenbrauenbranche. Im Gegensatz zu herk\u00f6mmlichen Systemen, die auf Thioglykols\u00e4ure basieren, verwendet unsere Formel nat\u00fcrliche Verbindungen wie Cysteamin und pflanzliche Aminos\u00e4uren, um Disulfidbr\u00fccken im Haar sanft zu l\u00f6sen und umzuformen \u2013 ganz ohne aggressive Chemikalien. Das Ergebnis?\u2728 Wundersch\u00f6n geliftete, geschwungene Wimpern\u2728 Dicht wirkende, fluffige Augenbrauen\u2728 Und das alles besonders schonend f\u00fcr Haare und Haut Diese naturbasierte Formel erzielt die gleichen dramatischen Ergebnisse wie herk\u00f6mmliche Systeme, ist dabei aber deutlich sanfter \u2013 perfekt f\u00fcr Kund:innen, die effektive und achtsame Sch\u00f6nheitspflege suchen.","og_url":"https:\/\/nelluxbeauty.com\/de\/shop\/professional-care\/wimpern-de\/loesungen-de\/lami-lashes-brows-browista-lamination-lift-fix-airless-sachets\/","og_site_name":"NEL LUX BEAUTY","article_modified_time":"2025-04-08T07:37:44+00:00","og_image":[{"width":680,"height":920,"url":"https:\/\/nelluxbeauty.com\/wp-content\/uploads\/2024\/12\/browista-airless.png","type":"image\/png"}],"twitter_card":"summary_large_image","twitter_misc":{"Gesch\u00e4tzte Lesezeit":"2\u00a0Minuten"},"schema":{"@context":"https:\/\/schema.org","@graph":[{"@type":"WebPage","@id":"https:\/\/nelluxbeauty.com\/de\/shop\/professional-care\/wimpern-de\/loesungen-de\/lami-lashes-brows-browista-lamination-lift-fix-airless-sachets\/","url":"https:\/\/nelluxbeauty.com\/de\/shop\/professional-care\/wimpern-de\/loesungen-de\/lami-lashes-brows-browista-lamination-lift-fix-airless-sachets\/","name":"\"Lami Lashes &amp; Brows Browista Lamination Lift &amp; Fix\" Airless + Sachets | NEL LUX BEAUTY","isPartOf":{"@id":"https:\/\/nelluxbeauty.com\/#website"},"primaryImageOfPage":{"@id":"https:\/\/nelluxbeauty.com\/de\/shop\/professional-care\/wimpern-de\/loesungen-de\/lami-lashes-brows-browista-lamination-lift-fix-airless-sachets\/#primaryimage"},"image":{"@id":"https:\/\/nelluxbeauty.com\/de\/shop\/professional-care\/wimpern-de\/loesungen-de\/lami-lashes-brows-browista-lamination-lift-fix-airless-sachets\/#primaryimage"},"thumbnailUrl":"https:\/\/nelluxbeauty.com\/wp-content\/uploads\/2024\/12\/browista-airless.png","datePublished":"2024-12-09T12:22:22+00:00","dateModified":"2025-04-08T07:37:44+00:00","breadcrumb":{"@id":"https:\/\/nelluxbeauty.com\/de\/shop\/professional-care\/wimpern-de\/loesungen-de\/lami-lashes-brows-browista-lamination-lift-fix-airless-sachets\/#breadcrumb"},"inLanguage":"de","potentialAction":[{"@type":"ReadAction","target":["https:\/\/nelluxbeauty.com\/de\/shop\/professional-care\/wimpern-de\/loesungen-de\/lami-lashes-brows-browista-lamination-lift-fix-airless-sachets\/"]}]},{"@type":"ImageObject","inLanguage":"de","@id":"https:\/\/nelluxbeauty.com\/de\/shop\/professional-care\/wimpern-de\/loesungen-de\/lami-lashes-brows-browista-lamination-lift-fix-airless-sachets\/#primaryimage","url":"https:\/\/nelluxbeauty.com\/wp-content\/uploads\/2024\/12\/browista-airless.png","contentUrl":"https:\/\/nelluxbeauty.com\/wp-content\/uploads\/2024\/12\/browista-airless.png","width":680,"height":920},{"@type":"BreadcrumbList","@id":"https:\/\/nelluxbeauty.com\/de\/shop\/professional-care\/wimpern-de\/loesungen-de\/lami-lashes-brows-browista-lamination-lift-fix-airless-sachets\/#breadcrumb","itemListElement":[{"@type":"ListItem","position":1,"name":"Home","item":"https:\/\/nelluxbeauty.com\/"},{"@type":"ListItem","position":2,"name":"Shop","item":"https:\/\/nelluxbeauty.com\/de\/shop\/"},{"@type":"ListItem","position":3,"name":"&#8222;Lami Lashes &amp; Brows Browista Lamination Lift &amp; Fix&#8220; Airless + Sachets"}]},{"@type":"WebSite","@id":"https:\/\/nelluxbeauty.com\/#website","url":"https:\/\/nelluxbeauty.com\/","name":"NEL LUX BEAUTY","description":"","publisher":{"@id":"https:\/\/nelluxbeauty.com\/#organization"},"potentialAction":[{"@type":"SearchAction","target":{"@type":"EntryPoint","urlTemplate":"https:\/\/nelluxbeauty.com\/?s={search_term_string}"},"query-input":{"@type":"PropertyValueSpecification","valueRequired":true,"valueName":"search_term_string"}}],"inLanguage":"de"},{"@type":"Organization","@id":"https:\/\/nelluxbeauty.com\/#organization","name":"NEL LUX BEAUTY","url":"https:\/\/nelluxbeauty.com\/","logo":{"@type":"ImageObject","inLanguage":"de","@id":"https:\/\/nelluxbeauty.com\/#\/schema\/logo\/image\/","url":"https:\/\/nelluxbeauty.com\/wp-content\/uploads\/2024\/07\/nellux_beauty_logo.svg","contentUrl":"https:\/\/nelluxbeauty.com\/wp-content\/uploads\/2024\/07\/nellux_beauty_logo.svg","width":305,"height":305,"caption":"NEL LUX BEAUTY"},"image":{"@id":"https:\/\/nelluxbeauty.com\/#\/schema\/logo\/image\/"}}]}},"_links":{"self":[{"href":"https:\/\/nelluxbeauty.com\/de\/wp-json\/wp\/v2\/product\/22503","targetHints":{"allow":["GET"]}}],"collection":[{"href":"https:\/\/nelluxbeauty.com\/de\/wp-json\/wp\/v2\/product"}],"about":[{"href":"https:\/\/nelluxbeauty.com\/de\/wp-json\/wp\/v2\/types\/product"}],"version-history":[{"count":1,"href":"https:\/\/nelluxbeauty.com\/de\/wp-json\/wp\/v2\/product\/22503\/revisions"}],"predecessor-version":[{"id":24633,"href":"https:\/\/nelluxbeauty.com\/de\/wp-json\/wp\/v2\/product\/22503\/revisions\/24633"}],"wp:featuredmedia":[{"embeddable":true,"href":"https:\/\/nelluxbeauty.com\/de\/wp-json\/wp\/v2\/media\/22497"}],"wp:attachment":[{"href":"https:\/\/nelluxbeauty.com\/de\/wp-json\/wp\/v2\/media?parent=22503"}],"wp:term":[{"taxonomy":"product_brand","embeddable":true,"href":"https:\/\/nelluxbeauty.com\/de\/wp-json\/wp\/v2\/product_brand?post=22503"},{"taxonomy":"product_cat","embeddable":true,"href":"https:\/\/nelluxbeauty.com\/de\/wp-json\/wp\/v2\/product_cat?post=22503"},{"taxonomy":"product_tag","embeddable":true,"href":"https:\/\/nelluxbeauty.com\/de\/wp-json\/wp\/v2\/product_tag?post=22503"}],"curies":[{"name":"wp","href":"https:\/\/api.w.org\/{rel}","templated":true}]}}