{"id":22314,"date":"2024-12-04T15:23:19","date_gmt":"2024-12-04T14:23:19","guid":{"rendered":"https:\/\/nelluxbeauty.com\/shop\/uncategorized\/lami-skin-shineglo-serum\/"},"modified":"2024-12-19T13:32:20","modified_gmt":"2024-12-19T12:32:20","slug":"lami-skin-shineglo-serum","status":"publish","type":"product","link":"https:\/\/nelluxbeauty.com\/de\/shop\/homecare\/gesicht\/lami-skin-shineglo-serum\/","title":{"rendered":"Lami Skin ShineGlo Serum"},"content":{"rendered":"<p>Anedosin hat einzigartige verj\u00fcngende Eigenschaften. Es kommt in den menschlichen Zellen als Teil der Nukleins\u00e4uren vor und eine seiner wichtigen Eigenschaften ist die Beeinflussung der Synthese von Kollagen und Elastin. Aloe verhindert die intensive Verdunstung von Feuchtigkeit aus der Epidermis, &#8222;versiegelt&#8220; sie buchst\u00e4blich von innen und erm\u00f6glicht es den aktiven Molek\u00fclen, in die tieferen Schichten der Haut einzudringen, was die nachhaltige feuchtigkeitsspendende Wirkung verst\u00e4rkt. Panthenol ist ein hervorragender Anti-Aging-Wirkstoff, der hilft, Falten zu gl\u00e4tten und die Qualit\u00e4t und den Ton der Haut zu verbessern. Es wirkt sich positiv auf die Synthese von Kollagenfasern aus, wodurch die Elastizit\u00e4t der Haut erh\u00f6ht wird. Hyalurons\u00e4ure zieht Feuchtigkeit an und speichert sie auf der Hautoberfl\u00e4che, bildet einen leichten Schutzfilm, verhindert die Verdunstung von Wasser und das Austrocknen der Haut. Gl\u00e4ttet F\u00e4ltchen. Regeneriert, heilt und reduziert Entz\u00fcndungen. Opal Alva GW verbessert die Verbindung zwischen den Hautzellen und verhindert entz\u00fcndliche Prozesse in der Mikroumgebung der Haut. Leistungsstarke Wirkstoffe stellen den Rhythmus der Haut wieder her, verbessern die Verbindung zwischen den Hautzellen und beugen entz\u00fcndlichen Prozessen in der Mikroumgebung der Haut vor. Es beseitigt au\u00dferdem dunkle Gef\u00e4\u00dfringe, erh\u00f6ht die Elastizit\u00e4t, revitalisiert m\u00fcde Haut, spendet intensiv Feuchtigkeit und strafft sie.<\/p>\n","protected":false},"excerpt":{"rendered":"<p>Bitte begr\u00fc\u00dfen Sie die neue Erfindung unserer Technologen &#8211; Lami ShineGlo Serum! Ein einzigartiges 7-in-1-Produkt zur Pflege und Wiederherstellung der Haut um die Augen und im Gesicht enth\u00e4lt eine reichhaltige Zusammensetzung. Jeder Tropfen enth\u00e4lt die lebensspendende Kraft der Natur.  <\/p>\n","protected":false},"featured_media":22312,"template":"","meta":[],"product_brand":[],"product_cat":[1062,1010],"product_tag":[],"class_list":{"0":"post-22314","1":"product","2":"type-product","3":"status-publish","4":"has-post-thumbnail","6":"product_cat-homecare","7":"product_cat-gesicht","9":"first","10":"instock","11":"taxable","12":"shipping-taxable","13":"purchasable","14":"product-type-simple"},"yoast_head":"<!-- This site is optimized with the Yoast SEO plugin v24.0 - https:\/\/yoast.com\/wordpress\/plugins\/seo\/ -->\n<title>Lami Skin ShineGlo Serum | NEL LUX BEAUTY<\/title>\n<meta name=\"robots\" content=\"index, follow, max-snippet:-1, max-image-preview:large, max-video-preview:-1\" \/>\n<link rel=\"canonical\" href=\"https:\/\/nelluxbeauty.com\/de\/shop\/homecare\/gesicht\/lami-skin-shineglo-serum\/\" \/>\n<meta property=\"og:locale\" content=\"de_DE\" \/>\n<meta property=\"og:type\" content=\"article\" \/>\n<meta property=\"og:title\" content=\"Lami Skin ShineGlo Serum | NEL LUX BEAUTY\" \/>\n<meta property=\"og:description\" content=\"Bitte begr\u00fc\u00dfen Sie die neue Erfindung unserer Technologen - Lami ShineGlo Serum! Ein einzigartiges 7-in-1-Produkt zur Pflege und Wiederherstellung der Haut um die Augen und im Gesicht enth\u00e4lt eine reichhaltige Zusammensetzung. Jeder Tropfen enth\u00e4lt die lebensspendende Kraft der Natur.\" \/>\n<meta property=\"og:url\" content=\"https:\/\/nelluxbeauty.com\/de\/shop\/homecare\/gesicht\/lami-skin-shineglo-serum\/\" \/>\n<meta property=\"og:site_name\" content=\"NEL LUX BEAUTY\" \/>\n<meta property=\"article:modified_time\" content=\"2024-12-19T12:32:20+00:00\" \/>\n<meta property=\"og:image\" content=\"https:\/\/nelluxbeauty.com\/wp-content\/uploads\/2024\/12\/serum.png\" \/>\n\t<meta property=\"og:image:width\" content=\"680\" \/>\n\t<meta property=\"og:image:height\" content=\"920\" \/>\n\t<meta property=\"og:image:type\" content=\"image\/png\" \/>\n<meta name=\"twitter:card\" content=\"summary_large_image\" \/>\n<meta name=\"twitter:label1\" content=\"Gesch\u00e4tzte Lesezeit\" \/>\n\t<meta name=\"twitter:data1\" content=\"1\u00a0Minute\" \/>\n<script type=\"application\/ld+json\" class=\"yoast-schema-graph\">{\"@context\":\"https:\/\/schema.org\",\"@graph\":[{\"@type\":\"WebPage\",\"@id\":\"https:\/\/nelluxbeauty.com\/de\/shop\/homecare\/gesicht\/lami-skin-shineglo-serum\/\",\"url\":\"https:\/\/nelluxbeauty.com\/de\/shop\/homecare\/gesicht\/lami-skin-shineglo-serum\/\",\"name\":\"Lami Skin ShineGlo Serum | NEL LUX BEAUTY\",\"isPartOf\":{\"@id\":\"https:\/\/nelluxbeauty.com\/#website\"},\"primaryImageOfPage\":{\"@id\":\"https:\/\/nelluxbeauty.com\/de\/shop\/homecare\/gesicht\/lami-skin-shineglo-serum\/#primaryimage\"},\"image\":{\"@id\":\"https:\/\/nelluxbeauty.com\/de\/shop\/homecare\/gesicht\/lami-skin-shineglo-serum\/#primaryimage\"},\"thumbnailUrl\":\"https:\/\/nelluxbeauty.com\/wp-content\/uploads\/2024\/12\/serum.png\",\"datePublished\":\"2024-12-04T14:23:19+00:00\",\"dateModified\":\"2024-12-19T12:32:20+00:00\",\"breadcrumb\":{\"@id\":\"https:\/\/nelluxbeauty.com\/de\/shop\/homecare\/gesicht\/lami-skin-shineglo-serum\/#breadcrumb\"},\"inLanguage\":\"de\",\"potentialAction\":[{\"@type\":\"ReadAction\",\"target\":[\"https:\/\/nelluxbeauty.com\/de\/shop\/homecare\/gesicht\/lami-skin-shineglo-serum\/\"]}]},{\"@type\":\"ImageObject\",\"inLanguage\":\"de\",\"@id\":\"https:\/\/nelluxbeauty.com\/de\/shop\/homecare\/gesicht\/lami-skin-shineglo-serum\/#primaryimage\",\"url\":\"https:\/\/nelluxbeauty.com\/wp-content\/uploads\/2024\/12\/serum.png\",\"contentUrl\":\"https:\/\/nelluxbeauty.com\/wp-content\/uploads\/2024\/12\/serum.png\",\"width\":680,\"height\":920},{\"@type\":\"BreadcrumbList\",\"@id\":\"https:\/\/nelluxbeauty.com\/de\/shop\/homecare\/gesicht\/lami-skin-shineglo-serum\/#breadcrumb\",\"itemListElement\":[{\"@type\":\"ListItem\",\"position\":1,\"name\":\"Home\",\"item\":\"https:\/\/nelluxbeauty.com\/\"},{\"@type\":\"ListItem\",\"position\":2,\"name\":\"Shop\",\"item\":\"https:\/\/nelluxbeauty.com\/de\/shop\/\"},{\"@type\":\"ListItem\",\"position\":3,\"name\":\"Lami Skin ShineGlo Serum\"}]},{\"@type\":\"WebSite\",\"@id\":\"https:\/\/nelluxbeauty.com\/#website\",\"url\":\"https:\/\/nelluxbeauty.com\/\",\"name\":\"NEL LUX BEAUTY\",\"description\":\"\",\"publisher\":{\"@id\":\"https:\/\/nelluxbeauty.com\/#organization\"},\"potentialAction\":[{\"@type\":\"SearchAction\",\"target\":{\"@type\":\"EntryPoint\",\"urlTemplate\":\"https:\/\/nelluxbeauty.com\/?s={search_term_string}\"},\"query-input\":{\"@type\":\"PropertyValueSpecification\",\"valueRequired\":true,\"valueName\":\"search_term_string\"}}],\"inLanguage\":\"de\"},{\"@type\":\"Organization\",\"@id\":\"https:\/\/nelluxbeauty.com\/#organization\",\"name\":\"NEL LUX BEAUTY\",\"url\":\"https:\/\/nelluxbeauty.com\/\",\"logo\":{\"@type\":\"ImageObject\",\"inLanguage\":\"de\",\"@id\":\"https:\/\/nelluxbeauty.com\/#\/schema\/logo\/image\/\",\"url\":\"https:\/\/nelluxbeauty.com\/wp-content\/uploads\/2024\/07\/nellux_beauty_logo.svg\",\"contentUrl\":\"https:\/\/nelluxbeauty.com\/wp-content\/uploads\/2024\/07\/nellux_beauty_logo.svg\",\"width\":305,\"height\":305,\"caption\":\"NEL LUX BEAUTY\"},\"image\":{\"@id\":\"https:\/\/nelluxbeauty.com\/#\/schema\/logo\/image\/\"}}]}<\/script>\n<!-- \/ Yoast SEO plugin. -->","yoast_head_json":{"title":"Lami Skin ShineGlo Serum | NEL LUX BEAUTY","robots":{"index":"index","follow":"follow","max-snippet":"max-snippet:-1","max-image-preview":"max-image-preview:large","max-video-preview":"max-video-preview:-1"},"canonical":"https:\/\/nelluxbeauty.com\/de\/shop\/homecare\/gesicht\/lami-skin-shineglo-serum\/","og_locale":"de_DE","og_type":"article","og_title":"Lami Skin ShineGlo Serum | NEL LUX BEAUTY","og_description":"Bitte begr\u00fc\u00dfen Sie die neue Erfindung unserer Technologen - Lami ShineGlo Serum! Ein einzigartiges 7-in-1-Produkt zur Pflege und Wiederherstellung der Haut um die Augen und im Gesicht enth\u00e4lt eine reichhaltige Zusammensetzung. Jeder Tropfen enth\u00e4lt die lebensspendende Kraft der Natur.","og_url":"https:\/\/nelluxbeauty.com\/de\/shop\/homecare\/gesicht\/lami-skin-shineglo-serum\/","og_site_name":"NEL LUX BEAUTY","article_modified_time":"2024-12-19T12:32:20+00:00","og_image":[{"width":680,"height":920,"url":"https:\/\/nelluxbeauty.com\/wp-content\/uploads\/2024\/12\/serum.png","type":"image\/png"}],"twitter_card":"summary_large_image","twitter_misc":{"Gesch\u00e4tzte Lesezeit":"1\u00a0Minute"},"schema":{"@context":"https:\/\/schema.org","@graph":[{"@type":"WebPage","@id":"https:\/\/nelluxbeauty.com\/de\/shop\/homecare\/gesicht\/lami-skin-shineglo-serum\/","url":"https:\/\/nelluxbeauty.com\/de\/shop\/homecare\/gesicht\/lami-skin-shineglo-serum\/","name":"Lami Skin ShineGlo Serum | NEL LUX BEAUTY","isPartOf":{"@id":"https:\/\/nelluxbeauty.com\/#website"},"primaryImageOfPage":{"@id":"https:\/\/nelluxbeauty.com\/de\/shop\/homecare\/gesicht\/lami-skin-shineglo-serum\/#primaryimage"},"image":{"@id":"https:\/\/nelluxbeauty.com\/de\/shop\/homecare\/gesicht\/lami-skin-shineglo-serum\/#primaryimage"},"thumbnailUrl":"https:\/\/nelluxbeauty.com\/wp-content\/uploads\/2024\/12\/serum.png","datePublished":"2024-12-04T14:23:19+00:00","dateModified":"2024-12-19T12:32:20+00:00","breadcrumb":{"@id":"https:\/\/nelluxbeauty.com\/de\/shop\/homecare\/gesicht\/lami-skin-shineglo-serum\/#breadcrumb"},"inLanguage":"de","potentialAction":[{"@type":"ReadAction","target":["https:\/\/nelluxbeauty.com\/de\/shop\/homecare\/gesicht\/lami-skin-shineglo-serum\/"]}]},{"@type":"ImageObject","inLanguage":"de","@id":"https:\/\/nelluxbeauty.com\/de\/shop\/homecare\/gesicht\/lami-skin-shineglo-serum\/#primaryimage","url":"https:\/\/nelluxbeauty.com\/wp-content\/uploads\/2024\/12\/serum.png","contentUrl":"https:\/\/nelluxbeauty.com\/wp-content\/uploads\/2024\/12\/serum.png","width":680,"height":920},{"@type":"BreadcrumbList","@id":"https:\/\/nelluxbeauty.com\/de\/shop\/homecare\/gesicht\/lami-skin-shineglo-serum\/#breadcrumb","itemListElement":[{"@type":"ListItem","position":1,"name":"Home","item":"https:\/\/nelluxbeauty.com\/"},{"@type":"ListItem","position":2,"name":"Shop","item":"https:\/\/nelluxbeauty.com\/de\/shop\/"},{"@type":"ListItem","position":3,"name":"Lami Skin ShineGlo Serum"}]},{"@type":"WebSite","@id":"https:\/\/nelluxbeauty.com\/#website","url":"https:\/\/nelluxbeauty.com\/","name":"NEL LUX BEAUTY","description":"","publisher":{"@id":"https:\/\/nelluxbeauty.com\/#organization"},"potentialAction":[{"@type":"SearchAction","target":{"@type":"EntryPoint","urlTemplate":"https:\/\/nelluxbeauty.com\/?s={search_term_string}"},"query-input":{"@type":"PropertyValueSpecification","valueRequired":true,"valueName":"search_term_string"}}],"inLanguage":"de"},{"@type":"Organization","@id":"https:\/\/nelluxbeauty.com\/#organization","name":"NEL LUX BEAUTY","url":"https:\/\/nelluxbeauty.com\/","logo":{"@type":"ImageObject","inLanguage":"de","@id":"https:\/\/nelluxbeauty.com\/#\/schema\/logo\/image\/","url":"https:\/\/nelluxbeauty.com\/wp-content\/uploads\/2024\/07\/nellux_beauty_logo.svg","contentUrl":"https:\/\/nelluxbeauty.com\/wp-content\/uploads\/2024\/07\/nellux_beauty_logo.svg","width":305,"height":305,"caption":"NEL LUX BEAUTY"},"image":{"@id":"https:\/\/nelluxbeauty.com\/#\/schema\/logo\/image\/"}}]}},"_links":{"self":[{"href":"https:\/\/nelluxbeauty.com\/de\/wp-json\/wp\/v2\/product\/22314","targetHints":{"allow":["GET"]}}],"collection":[{"href":"https:\/\/nelluxbeauty.com\/de\/wp-json\/wp\/v2\/product"}],"about":[{"href":"https:\/\/nelluxbeauty.com\/de\/wp-json\/wp\/v2\/types\/product"}],"version-history":[{"count":0,"href":"https:\/\/nelluxbeauty.com\/de\/wp-json\/wp\/v2\/product\/22314\/revisions"}],"wp:featuredmedia":[{"embeddable":true,"href":"https:\/\/nelluxbeauty.com\/de\/wp-json\/wp\/v2\/media\/22312"}],"wp:attachment":[{"href":"https:\/\/nelluxbeauty.com\/de\/wp-json\/wp\/v2\/media?parent=22314"}],"wp:term":[{"taxonomy":"product_brand","embeddable":true,"href":"https:\/\/nelluxbeauty.com\/de\/wp-json\/wp\/v2\/product_brand?post=22314"},{"taxonomy":"product_cat","embeddable":true,"href":"https:\/\/nelluxbeauty.com\/de\/wp-json\/wp\/v2\/product_cat?post=22314"},{"taxonomy":"product_tag","embeddable":true,"href":"https:\/\/nelluxbeauty.com\/de\/wp-json\/wp\/v2\/product_tag?post=22314"}],"curies":[{"name":"wp","href":"https:\/\/api.w.org\/{rel}","templated":true}]}}