{"id":21537,"date":"2024-05-07T13:58:38","date_gmt":"2024-05-07T11:58:38","guid":{"rendered":"https:\/\/nelluxbeauty.com\/produkt\/lami-wimpern-tutti-frutti-pads\/"},"modified":"2025-06-06T11:32:47","modified_gmt":"2025-06-06T09:32:47","slug":"lami-wimpern-tutti-frutti-pads","status":"publish","type":"product","link":"https:\/\/nelluxbeauty.com\/de\/shop\/professional-care\/wimpern-de\/pads-de-2\/lami-wimpern-tutti-frutti-pads\/","title":{"rendered":"Lami Wimpern Tutti Frutti Pads"},"content":{"rendered":"<p>Lifting-Effekt, perfekter Schwung, \u00e4sthetische Fotos f\u00fcr Ihr Profil mit Wimpern und ein besonderes Vergn\u00fcgen bei der Arbeit &#8211; das weiche Silikon erm\u00f6glicht es Ihnen, den Roller schnell und einfach auf dem Augenlid zu fixieren, OHNE KLEBEN!<\/p>\n","protected":false},"excerpt":{"rendered":"<p>Silikonpads sind ein unverzichtbares Hilfsmittel f\u00fcr jeden Kosmetiker, der den Wimpern seiner Kunden einen makellosen und lang anhaltenden Schwung verleihen m\u00f6chte.<\/p>\n<ul>\n<li>\u00dcberlegenes Silikon-Material: Unsere weichen und flexiblen Pads sind so konzipiert, dass sie sich bequem an das Augenlid anpassen.<\/li>\n<li>Wiederverwendbar und hygienisch: Leicht zu reinigen und langlebig, kann desinfiziert und wiederverwendet werden, was sie zu einem umweltfreundlichen<\/li>\n<li>Gr\u00f6\u00dfen in der Packung: XS, S, M, M1, L, XL<\/li>\n<\/ul>\n","protected":false},"featured_media":24154,"template":"","meta":[],"product_brand":[],"product_cat":[1078,1050,1056,1084,1059],"product_tag":[],"class_list":{"0":"post-21537","1":"product","2":"type-product","3":"status-publish","4":"has-post-thumbnail","6":"product_cat-wimpern-de","7":"product_cat-accessories","8":"product_cat-pads-de","9":"product_cat-pads-de-2","10":"product_cat-silikon-zubehoer","12":"first","13":"instock","14":"taxable","15":"shipping-taxable","16":"purchasable","17":"product-type-simple"},"yoast_head":"<!-- This site is optimized with the Yoast SEO plugin v24.0 - https:\/\/yoast.com\/wordpress\/plugins\/seo\/ -->\n<title>Lami Wimpern Tutti Frutti Pads | NEL LUX BEAUTY<\/title>\n<meta name=\"robots\" content=\"index, follow, max-snippet:-1, max-image-preview:large, max-video-preview:-1\" \/>\n<link rel=\"canonical\" href=\"https:\/\/nelluxbeauty.com\/de\/shop\/professional-care\/wimpern-de\/pads-de-2\/lami-wimpern-tutti-frutti-pads\/\" \/>\n<meta property=\"og:locale\" content=\"de_DE\" \/>\n<meta property=\"og:type\" content=\"article\" \/>\n<meta property=\"og:title\" content=\"Lami Wimpern Tutti Frutti Pads | NEL LUX BEAUTY\" \/>\n<meta property=\"og:description\" content=\"Silikonpads sind ein unverzichtbares Hilfsmittel f\u00fcr jeden Kosmetiker, der den Wimpern seiner Kunden einen makellosen und lang anhaltenden Schwung verleihen m\u00f6chte.  \u00dcberlegenes Silikon-Material: Unsere weichen und flexiblen Pads sind so konzipiert, dass sie sich bequem an das Augenlid anpassen.  Wiederverwendbar und hygienisch: Leicht zu reinigen und langlebig, kann desinfiziert und wiederverwendet werden, was sie zu einem umweltfreundlichen  Gr\u00f6\u00dfen in der Packung: XS, S, M, M1, L, XL\" \/>\n<meta property=\"og:url\" content=\"https:\/\/nelluxbeauty.com\/de\/shop\/professional-care\/wimpern-de\/pads-de-2\/lami-wimpern-tutti-frutti-pads\/\" \/>\n<meta property=\"og:site_name\" content=\"NEL LUX BEAUTY\" \/>\n<meta property=\"article:modified_time\" content=\"2025-06-06T09:32:47+00:00\" \/>\n<meta property=\"og:image\" content=\"https:\/\/nelluxbeauty.com\/wp-content\/uploads\/2024\/05\/tutti-frutti.png\" \/>\n\t<meta property=\"og:image:width\" content=\"680\" \/>\n\t<meta property=\"og:image:height\" content=\"920\" \/>\n\t<meta property=\"og:image:type\" content=\"image\/png\" \/>\n<meta name=\"twitter:card\" content=\"summary_large_image\" \/>\n<script type=\"application\/ld+json\" class=\"yoast-schema-graph\">{\"@context\":\"https:\/\/schema.org\",\"@graph\":[{\"@type\":\"WebPage\",\"@id\":\"https:\/\/nelluxbeauty.com\/de\/shop\/professional-care\/wimpern-de\/pads-de-2\/lami-wimpern-tutti-frutti-pads\/\",\"url\":\"https:\/\/nelluxbeauty.com\/de\/shop\/professional-care\/wimpern-de\/pads-de-2\/lami-wimpern-tutti-frutti-pads\/\",\"name\":\"Lami Wimpern Tutti Frutti Pads | NEL LUX BEAUTY\",\"isPartOf\":{\"@id\":\"https:\/\/nelluxbeauty.com\/#website\"},\"primaryImageOfPage\":{\"@id\":\"https:\/\/nelluxbeauty.com\/de\/shop\/professional-care\/wimpern-de\/pads-de-2\/lami-wimpern-tutti-frutti-pads\/#primaryimage\"},\"image\":{\"@id\":\"https:\/\/nelluxbeauty.com\/de\/shop\/professional-care\/wimpern-de\/pads-de-2\/lami-wimpern-tutti-frutti-pads\/#primaryimage\"},\"thumbnailUrl\":\"https:\/\/nelluxbeauty.com\/wp-content\/uploads\/2024\/05\/tutti-frutti.webp\",\"datePublished\":\"2024-05-07T11:58:38+00:00\",\"dateModified\":\"2025-06-06T09:32:47+00:00\",\"breadcrumb\":{\"@id\":\"https:\/\/nelluxbeauty.com\/de\/shop\/professional-care\/wimpern-de\/pads-de-2\/lami-wimpern-tutti-frutti-pads\/#breadcrumb\"},\"inLanguage\":\"de\",\"potentialAction\":[{\"@type\":\"ReadAction\",\"target\":[\"https:\/\/nelluxbeauty.com\/de\/shop\/professional-care\/wimpern-de\/pads-de-2\/lami-wimpern-tutti-frutti-pads\/\"]}]},{\"@type\":\"ImageObject\",\"inLanguage\":\"de\",\"@id\":\"https:\/\/nelluxbeauty.com\/de\/shop\/professional-care\/wimpern-de\/pads-de-2\/lami-wimpern-tutti-frutti-pads\/#primaryimage\",\"url\":\"https:\/\/nelluxbeauty.com\/wp-content\/uploads\/2024\/05\/tutti-frutti.webp\",\"contentUrl\":\"https:\/\/nelluxbeauty.com\/wp-content\/uploads\/2024\/05\/tutti-frutti.webp\",\"width\":680,\"height\":920},{\"@type\":\"BreadcrumbList\",\"@id\":\"https:\/\/nelluxbeauty.com\/de\/shop\/professional-care\/wimpern-de\/pads-de-2\/lami-wimpern-tutti-frutti-pads\/#breadcrumb\",\"itemListElement\":[{\"@type\":\"ListItem\",\"position\":1,\"name\":\"Home\",\"item\":\"https:\/\/nelluxbeauty.com\/\"},{\"@type\":\"ListItem\",\"position\":2,\"name\":\"Shop\",\"item\":\"https:\/\/nelluxbeauty.com\/de\/shop\/\"},{\"@type\":\"ListItem\",\"position\":3,\"name\":\"Lami Wimpern Tutti Frutti Pads\"}]},{\"@type\":\"WebSite\",\"@id\":\"https:\/\/nelluxbeauty.com\/#website\",\"url\":\"https:\/\/nelluxbeauty.com\/\",\"name\":\"NEL LUX BEAUTY\",\"description\":\"\",\"publisher\":{\"@id\":\"https:\/\/nelluxbeauty.com\/#organization\"},\"potentialAction\":[{\"@type\":\"SearchAction\",\"target\":{\"@type\":\"EntryPoint\",\"urlTemplate\":\"https:\/\/nelluxbeauty.com\/?s={search_term_string}\"},\"query-input\":{\"@type\":\"PropertyValueSpecification\",\"valueRequired\":true,\"valueName\":\"search_term_string\"}}],\"inLanguage\":\"de\"},{\"@type\":\"Organization\",\"@id\":\"https:\/\/nelluxbeauty.com\/#organization\",\"name\":\"NEL LUX BEAUTY\",\"url\":\"https:\/\/nelluxbeauty.com\/\",\"logo\":{\"@type\":\"ImageObject\",\"inLanguage\":\"de\",\"@id\":\"https:\/\/nelluxbeauty.com\/#\/schema\/logo\/image\/\",\"url\":\"https:\/\/nelluxbeauty.com\/wp-content\/uploads\/2024\/07\/nellux_beauty_logo.svg\",\"contentUrl\":\"https:\/\/nelluxbeauty.com\/wp-content\/uploads\/2024\/07\/nellux_beauty_logo.svg\",\"width\":305,\"height\":305,\"caption\":\"NEL LUX BEAUTY\"},\"image\":{\"@id\":\"https:\/\/nelluxbeauty.com\/#\/schema\/logo\/image\/\"}}]}<\/script>\n<!-- \/ Yoast SEO plugin. -->","yoast_head_json":{"title":"Lami Wimpern Tutti Frutti Pads | NEL LUX BEAUTY","robots":{"index":"index","follow":"follow","max-snippet":"max-snippet:-1","max-image-preview":"max-image-preview:large","max-video-preview":"max-video-preview:-1"},"canonical":"https:\/\/nelluxbeauty.com\/de\/shop\/professional-care\/wimpern-de\/pads-de-2\/lami-wimpern-tutti-frutti-pads\/","og_locale":"de_DE","og_type":"article","og_title":"Lami Wimpern Tutti Frutti Pads | NEL LUX BEAUTY","og_description":"Silikonpads sind ein unverzichtbares Hilfsmittel f\u00fcr jeden Kosmetiker, der den Wimpern seiner Kunden einen makellosen und lang anhaltenden Schwung verleihen m\u00f6chte.  \u00dcberlegenes Silikon-Material: Unsere weichen und flexiblen Pads sind so konzipiert, dass sie sich bequem an das Augenlid anpassen.  Wiederverwendbar und hygienisch: Leicht zu reinigen und langlebig, kann desinfiziert und wiederverwendet werden, was sie zu einem umweltfreundlichen  Gr\u00f6\u00dfen in der Packung: XS, S, M, M1, L, XL","og_url":"https:\/\/nelluxbeauty.com\/de\/shop\/professional-care\/wimpern-de\/pads-de-2\/lami-wimpern-tutti-frutti-pads\/","og_site_name":"NEL LUX BEAUTY","article_modified_time":"2025-06-06T09:32:47+00:00","og_image":[{"width":680,"height":920,"url":"https:\/\/nelluxbeauty.com\/wp-content\/uploads\/2024\/05\/tutti-frutti.png","type":"image\/png"}],"twitter_card":"summary_large_image","schema":{"@context":"https:\/\/schema.org","@graph":[{"@type":"WebPage","@id":"https:\/\/nelluxbeauty.com\/de\/shop\/professional-care\/wimpern-de\/pads-de-2\/lami-wimpern-tutti-frutti-pads\/","url":"https:\/\/nelluxbeauty.com\/de\/shop\/professional-care\/wimpern-de\/pads-de-2\/lami-wimpern-tutti-frutti-pads\/","name":"Lami Wimpern Tutti Frutti Pads | NEL LUX BEAUTY","isPartOf":{"@id":"https:\/\/nelluxbeauty.com\/#website"},"primaryImageOfPage":{"@id":"https:\/\/nelluxbeauty.com\/de\/shop\/professional-care\/wimpern-de\/pads-de-2\/lami-wimpern-tutti-frutti-pads\/#primaryimage"},"image":{"@id":"https:\/\/nelluxbeauty.com\/de\/shop\/professional-care\/wimpern-de\/pads-de-2\/lami-wimpern-tutti-frutti-pads\/#primaryimage"},"thumbnailUrl":"https:\/\/nelluxbeauty.com\/wp-content\/uploads\/2024\/05\/tutti-frutti.webp","datePublished":"2024-05-07T11:58:38+00:00","dateModified":"2025-06-06T09:32:47+00:00","breadcrumb":{"@id":"https:\/\/nelluxbeauty.com\/de\/shop\/professional-care\/wimpern-de\/pads-de-2\/lami-wimpern-tutti-frutti-pads\/#breadcrumb"},"inLanguage":"de","potentialAction":[{"@type":"ReadAction","target":["https:\/\/nelluxbeauty.com\/de\/shop\/professional-care\/wimpern-de\/pads-de-2\/lami-wimpern-tutti-frutti-pads\/"]}]},{"@type":"ImageObject","inLanguage":"de","@id":"https:\/\/nelluxbeauty.com\/de\/shop\/professional-care\/wimpern-de\/pads-de-2\/lami-wimpern-tutti-frutti-pads\/#primaryimage","url":"https:\/\/nelluxbeauty.com\/wp-content\/uploads\/2024\/05\/tutti-frutti.webp","contentUrl":"https:\/\/nelluxbeauty.com\/wp-content\/uploads\/2024\/05\/tutti-frutti.webp","width":680,"height":920},{"@type":"BreadcrumbList","@id":"https:\/\/nelluxbeauty.com\/de\/shop\/professional-care\/wimpern-de\/pads-de-2\/lami-wimpern-tutti-frutti-pads\/#breadcrumb","itemListElement":[{"@type":"ListItem","position":1,"name":"Home","item":"https:\/\/nelluxbeauty.com\/"},{"@type":"ListItem","position":2,"name":"Shop","item":"https:\/\/nelluxbeauty.com\/de\/shop\/"},{"@type":"ListItem","position":3,"name":"Lami Wimpern Tutti Frutti Pads"}]},{"@type":"WebSite","@id":"https:\/\/nelluxbeauty.com\/#website","url":"https:\/\/nelluxbeauty.com\/","name":"NEL LUX BEAUTY","description":"","publisher":{"@id":"https:\/\/nelluxbeauty.com\/#organization"},"potentialAction":[{"@type":"SearchAction","target":{"@type":"EntryPoint","urlTemplate":"https:\/\/nelluxbeauty.com\/?s={search_term_string}"},"query-input":{"@type":"PropertyValueSpecification","valueRequired":true,"valueName":"search_term_string"}}],"inLanguage":"de"},{"@type":"Organization","@id":"https:\/\/nelluxbeauty.com\/#organization","name":"NEL LUX BEAUTY","url":"https:\/\/nelluxbeauty.com\/","logo":{"@type":"ImageObject","inLanguage":"de","@id":"https:\/\/nelluxbeauty.com\/#\/schema\/logo\/image\/","url":"https:\/\/nelluxbeauty.com\/wp-content\/uploads\/2024\/07\/nellux_beauty_logo.svg","contentUrl":"https:\/\/nelluxbeauty.com\/wp-content\/uploads\/2024\/07\/nellux_beauty_logo.svg","width":305,"height":305,"caption":"NEL LUX BEAUTY"},"image":{"@id":"https:\/\/nelluxbeauty.com\/#\/schema\/logo\/image\/"}}]}},"_links":{"self":[{"href":"https:\/\/nelluxbeauty.com\/de\/wp-json\/wp\/v2\/product\/21537","targetHints":{"allow":["GET"]}}],"collection":[{"href":"https:\/\/nelluxbeauty.com\/de\/wp-json\/wp\/v2\/product"}],"about":[{"href":"https:\/\/nelluxbeauty.com\/de\/wp-json\/wp\/v2\/types\/product"}],"version-history":[{"count":1,"href":"https:\/\/nelluxbeauty.com\/de\/wp-json\/wp\/v2\/product\/21537\/revisions"}],"predecessor-version":[{"id":24871,"href":"https:\/\/nelluxbeauty.com\/de\/wp-json\/wp\/v2\/product\/21537\/revisions\/24871"}],"wp:featuredmedia":[{"embeddable":true,"href":"https:\/\/nelluxbeauty.com\/de\/wp-json\/wp\/v2\/media\/24154"}],"wp:attachment":[{"href":"https:\/\/nelluxbeauty.com\/de\/wp-json\/wp\/v2\/media?parent=21537"}],"wp:term":[{"taxonomy":"product_brand","embeddable":true,"href":"https:\/\/nelluxbeauty.com\/de\/wp-json\/wp\/v2\/product_brand?post=21537"},{"taxonomy":"product_cat","embeddable":true,"href":"https:\/\/nelluxbeauty.com\/de\/wp-json\/wp\/v2\/product_cat?post=21537"},{"taxonomy":"product_tag","embeddable":true,"href":"https:\/\/nelluxbeauty.com\/de\/wp-json\/wp\/v2\/product_tag?post=21537"}],"curies":[{"name":"wp","href":"https:\/\/api.w.org\/{rel}","templated":true}]}}